{"id":53738,"date":"2022-06-21T16:57:14","date_gmt":"2022-06-21T14:57:14","guid":{"rendered":"https:\/\/secureus.se\/produkt\/fargo-dtc1500-plastic-card-printer-single-sided\/"},"modified":"2026-04-08T16:43:31","modified_gmt":"2026-04-08T14:43:31","slug":"kortskrivare-fargo-dtc1500","status":"publish","type":"product","link":"https:\/\/secureus.se\/no\/kortskrivare-fargo-dtc1500\/","title":{"rendered":"Kortskriver Fargo DTC1500 - ID-kortskriver (ensidig)"},"content":{"rendered":"<div class=\"long_desc\">\n<p><strong>Effektiv og sikker ID-kortutskrift med Fargo DTC1500:<\/strong> Fargo DTC1500 er den nyeste ID-kortskriveren i Fargo-serien, designet for \u00e5 produsere ID-kort av h\u00f8y kvalitet til lave kostnader.<\/p>\n<p>Den er spesielt egnet for institusjoner som universiteter og skoler, samt sm\u00e5 og mellomstore bedrifter som trenger en fleksibel og p\u00e5litelig l\u00f8sning for utskrift av ID-kort.<\/p>\n<p><strong>Funksjoner og fordeler:<\/strong><\/p>\n<ul>\n<li><strong>Lave kostnader for forbruksvarer:<\/strong> DTC1500 bruker forbruksvarer med h\u00f8y kapasitet, noe som senker kostnaden per kort og totale eierkostnader.<\/li>\n<li><strong>Innebygd sikkerhet:<\/strong> Det tilpassbare vannmerket gj\u00f8r det mulig \u00e5 lage et permanent sikkerhetsm\u00f8nster i kortets overleggspanel, noe som gj\u00f8r det nesten umulig \u00e5 forfalske.<\/li>\n<li><strong>Garantien:<\/strong> Tre \u00e5rs garanti gir trygghet og sikkerhet for langvarig bruk.<\/li>\n<\/ul>\n<p><strong>Teknisk spesifikasjon:<\/strong><\/p>\n<ul>\n<li><strong>Utskriftshastighet:<\/strong> Opptil 140 fargekort per time (enkeltsidig).<\/li>\n<li><strong>Kapasitet:<\/strong> 100 kort i innskuffen og 100 kort i utskuffen.<\/li>\n<li><strong>Korttype:<\/strong> ISO 7810 format, CR80, ID-1 st\u00f8rrelse, kompatibel med PVC, PET og PC-kort.<\/li>\n<li><strong>Tilkoblinger:<\/strong> USB og Ethernet.<\/li>\n<\/ul>\n<p>Fargo DTC1500 kombinerer h\u00f8y sikkerhet, lave kostnader og brukervennlighet, noe som gj\u00f8r den til en utmerket l\u00f8sning for alle dine ID-kortutskriftsbehov.<\/p>\n<\/div>","protected":false},"excerpt":{"rendered":"<p>Fargo DTC1500 er en allsidig ID-kortskriver som tilbyr rimelige forbruksvarer og avanserte sikkerhetsfunksjoner.<\/p>\n<p>Med tre \u00e5rs garanti og muligheten til \u00e5 tilpasse sikkerheten gjennom et innebygd vannmerke, er den perfekt for skoler, universiteter og sm\u00e5 til mellomstore bedrifter som leter etter en p\u00e5litelig og kostnadseffektiv l\u00f8sning for utskrift av ID-kort.<\/p>","protected":false},"featured_media":144335,"template":"","meta":{"_acf_changed":false},"product_brand":[],"product_cat":[3206],"product_tag":[2830,3177,4863,3069],"class_list":{"0":"post-53738","1":"product","2":"type-product","3":"status-publish","4":"has-post-thumbnail","6":"product_cat-fargo","7":"product_tag-kortprinter-direct-to-card","8":"product_tag-fargo","9":"product_tag-pf","10":"product_tag-trade-produkt","11":"product_shipping_class-tunga-paket","12":"pa_brands-fargo","13":"pa_fabrikat-kortskrivare-fargo","14":"tm-no-options","16":"first","17":"outofstock","18":"sale","19":"taxable","20":"shipping-taxable","21":"purchasable","22":"product-type-simple"},"acf":[],"_links":{"self":[{"href":"https:\/\/secureus.se\/no\/wp-json\/wp\/v2\/product\/53738","targetHints":{"allow":["GET"]}}],"collection":[{"href":"https:\/\/secureus.se\/no\/wp-json\/wp\/v2\/product"}],"about":[{"href":"https:\/\/secureus.se\/no\/wp-json\/wp\/v2\/types\/product"}],"wp:featuredmedia":[{"embeddable":true,"href":"https:\/\/secureus.se\/no\/wp-json\/wp\/v2\/media\/144335"}],"wp:attachment":[{"href":"https:\/\/secureus.se\/no\/wp-json\/wp\/v2\/media?parent=53738"}],"wp:term":[{"taxonomy":"product_brand","embeddable":true,"href":"https:\/\/secureus.se\/no\/wp-json\/wp\/v2\/product_brand?post=53738"},{"taxonomy":"product_cat","embeddable":true,"href":"https:\/\/secureus.se\/no\/wp-json\/wp\/v2\/product_cat?post=53738"},{"taxonomy":"product_tag","embeddable":true,"href":"https:\/\/secureus.se\/no\/wp-json\/wp\/v2\/product_tag?post=53738"}],"curies":[{"name":"wp","href":"https:\/\/api.w.org\/{rel}","templated":true}]}}