{"id":53739,"date":"2022-06-21T17:57:08","date_gmt":"2022-06-21T15:57:08","guid":{"rendered":"https:\/\/secureus.se\/produkt\/fargo-dtc4250e-plastic-card-printer-dual-sided\/"},"modified":"2026-03-31T15:18:13","modified_gmt":"2026-03-31T13:18:13","slug":"kortskrivare-fargo-dtc4250e","status":"publish","type":"product","link":"https:\/\/secureus.se\/no\/kortskrivare-fargo-dtc4250e\/","title":{"rendered":"Kortskriver Fargo DTC4250e - ID-kortskriver (dobbeltsidig)"},"content":{"rendered":"<div class=\"long_desc\">\n<p><strong>Fleksibel og kostnadseffektiv ID-kortutskrift med Fargo DTC4250e:<\/strong> Fargo DTC4250e er en allsidig ID-kortskriver som kan tilpasses for \u00e5 m\u00f8te dine spesifikke behov. Den er perfekt for institusjoner som universiteter, skoler og sm\u00e5 til mellomstore bedrifter som trenger en effektiv og p\u00e5litelig l\u00f8sning for utskrift av ID-kort.<\/p>\n<p><strong>Funksjoner og fordeler:<\/strong><\/p>\n<ul>\n<li><strong>Fleksibel design:<\/strong> Basismodellen kan raskt oppgraderes til dobbeltsidig utskrift og kan integrere ulike kodere, inkludert MIFARE og magnetstripe.<\/li>\n<li><strong>Lave kostnader for forbruksvarer:<\/strong> Forbruksvarer med h\u00f8y kapasitet lar deg spare penger i det lange l\u00f8p.<\/li>\n<li><strong>Innebygd sikkerhet:<\/strong> Tilpassbart vannmerke sikrer at kortene er beskyttet mot forfalskning.<\/li>\n<li><strong>Brukervennlighet:<\/strong> Effektiv installasjon, lasting og utskrift med alt-i-ett utskriftsvalser.<\/li>\n<\/ul>\n<p><strong>Teknisk spesifikasjon:<\/strong><\/p>\n<ul>\n<li><strong>Utskriftshastighet:<\/strong> Opptil 225 fargekort per time (dobbeltsidig).<\/li>\n<li><strong>Kapasitet:<\/strong> 100 kort i innskuffen og 100 kort i utskuffen.<\/li>\n<li><strong>Korttype:<\/strong> ISO 7810 format, CR80, ID-1 st\u00f8rrelse, kompatibel med PVC, PET og PC-kort.<\/li>\n<li><strong>Tilkoblinger:<\/strong> USB 2.0 og Ethernet.<\/li>\n<\/ul>\n<p>Fargo DTC4250e tilbyr en p\u00e5litelig og fleksibel l\u00f8sning for ID-kortutskrift som kan tilpasses dine fremtidige behov.<\/p>\n<\/div>","protected":false},"excerpt":{"rendered":"<p>Fargo DTC4250e ID-kortskriver tilbyr fleksibel og h\u00f8ykvalitets utskrift av ID-kort, som ansatt-ID, adgangskort og medlemskort.<\/p>\n<p>Med muligheten til \u00e5 oppgradere til dobbeltsidig utskrift og integrere kodere, er dette en ideell l\u00f8sning for sm\u00e5 og mellomstore bedrifter, skoler og organisasjoner som leter etter en p\u00e5litelig utskriftsl\u00f8sning.<\/p>\n<p>Den leveres med tre \u00e5rs garanti og gratis EasyBadge Lite-programvare.<\/p>","protected":false},"featured_media":143802,"template":"","meta":{"_acf_changed":false},"product_brand":[],"product_cat":[3206],"product_tag":[2830,3172,3177,4863,3069],"class_list":{"0":"post-53739","1":"product","2":"type-product","3":"status-publish","4":"has-post-thumbnail","6":"product_cat-fargo","7":"product_tag-kortprinter-direct-to-card","8":"product_tag-dubbelsidig-dual-side","9":"product_tag-fargo","10":"product_tag-pf","11":"product_tag-trade-produkt","12":"product_shipping_class-tunga-paket","13":"pa_brands-fargo","14":"pa_fabrikat-kortskrivare-fargo","15":"tm-no-options","17":"first","18":"instock","19":"sale","20":"taxable","21":"shipping-taxable","22":"purchasable","23":"product-type-simple"},"acf":[],"_links":{"self":[{"href":"https:\/\/secureus.se\/no\/wp-json\/wp\/v2\/product\/53739","targetHints":{"allow":["GET"]}}],"collection":[{"href":"https:\/\/secureus.se\/no\/wp-json\/wp\/v2\/product"}],"about":[{"href":"https:\/\/secureus.se\/no\/wp-json\/wp\/v2\/types\/product"}],"wp:featuredmedia":[{"embeddable":true,"href":"https:\/\/secureus.se\/no\/wp-json\/wp\/v2\/media\/143802"}],"wp:attachment":[{"href":"https:\/\/secureus.se\/no\/wp-json\/wp\/v2\/media?parent=53739"}],"wp:term":[{"taxonomy":"product_brand","embeddable":true,"href":"https:\/\/secureus.se\/no\/wp-json\/wp\/v2\/product_brand?post=53739"},{"taxonomy":"product_cat","embeddable":true,"href":"https:\/\/secureus.se\/no\/wp-json\/wp\/v2\/product_cat?post=53739"},{"taxonomy":"product_tag","embeddable":true,"href":"https:\/\/secureus.se\/no\/wp-json\/wp\/v2\/product_tag?post=53739"}],"curies":[{"name":"wp","href":"https:\/\/api.w.org\/{rel}","templated":true}]}}