{"id":53742,"date":"2022-06-21T17:56:55","date_gmt":"2022-06-21T15:56:55","guid":{"rendered":"https:\/\/secureus.se\/produkt\/fargo-dtc4500e-plastic-card-printer-dual-sided\/"},"modified":"2026-04-08T16:43:58","modified_gmt":"2026-04-08T14:43:58","slug":"kortskrivare-fargo-dtc4500e-duplex-4","status":"publish","type":"product","link":"https:\/\/secureus.se\/no\/kortskrivare-fargo-dtc4500e-duplex-4\/","title":{"rendered":"Kortskriver Fargo DTC4500e - ID-kortskriver (dobbeltsidig)"},"content":{"rendered":"<div class=\"long_desc\">\n<p><strong>Effektiv og sikker ID-kortutskrift med Fargo DTC4500e:<\/strong> Fargo DTC4500e er en avansert ID-kortskriver som kombinerer hastighet, sikkerhet og utskrifter av h\u00f8y kvalitet.<\/p>\n<p>Med mulighet for b\u00e5de enkelt- og dobbeltsidig utskrift, er den perfekt for organisasjoner som trenger \u00e5 produsere store mengder ID-kort raskt.<\/p>\n<p><strong>Funksjoner og fordeler:<\/strong><\/p>\n<ul>\n<li><strong>H\u00f8y kapasitet:<\/strong> Kan skrive ut opptil 225 fargekort per time, noe som gj\u00f8r den ideell for h\u00f8yvolumproduksjon.<\/li>\n<li><strong>Sikkerhet:<\/strong> Utstyrt med innebygde sikkerhetsfunksjoner, inkludert passordbeskyttelse og fluorescerende panelutskrift.<\/li>\n<li><strong>Kostnadseffektiv:<\/strong> Forbruksvarer med h\u00f8y kapasitet reduserer kostnaden per kort og \u00f8ker produktiviteten.<\/li>\n<li><strong>Milj\u00f8vennlig:<\/strong> GreenCircle\u00ae-sertifisert for effektivt energiforbruk og bruk av milj\u00f8vennlige p\u00e5fyllingsstenger.<\/li>\n<\/ul>\n<p><strong>Teknisk spesifikasjon:<\/strong><\/p>\n<ul>\n<li><strong>Utskriftshastighet:<\/strong> Opptil 225 kort per time (fargeutskrift, tosidig).<\/li>\n<li><strong>Kapasitet:<\/strong> 200 kort i innskuffen og 100 kort i utskuffen.<\/li>\n<li><strong>Korttype:<\/strong> ISO 7810 format, CR80, ID-1 st\u00f8rrelse, kompatibel med PVC, PET og PC-kort.<\/li>\n<li><strong>Tilkoblinger:<\/strong> USB 2.0 og Ethernet.<\/li>\n<\/ul>\n<p>Fargo DTC4500e er den perfekte l\u00f8sningen for organisasjoner som leter etter en robust og p\u00e5litelig ID-kortutskriftsl\u00f8sning med h\u00f8y sikkerhet og kvalitet.<\/p>\n<\/div>","protected":false},"excerpt":{"rendered":"<p>Fargo DTC4500e ID-kortskriver er designet for h\u00f8y ytelse og store mengder sikre ID-kort. Den tilbyr utskrifter av h\u00f8y kvalitet for medarbeider-ID, tilgangskontroll og medlemskort, med tre \u00e5rs garanti.<\/p>\n<p>DTC4500e er et kostnadseffektivt valg for mellomstore og store bedrifter som leter etter en p\u00e5litelig l\u00f8sning for utskrift av ID-kort.<\/p>","protected":false},"featured_media":143934,"template":"","meta":{"_acf_changed":false},"product_brand":[],"product_cat":[3206],"product_tag":[2830,3172,3177,4863,3069],"class_list":{"0":"post-53742","1":"product","2":"type-product","3":"status-publish","4":"has-post-thumbnail","6":"product_cat-fargo","7":"product_tag-kortprinter-direct-to-card","8":"product_tag-dubbelsidig-dual-side","9":"product_tag-fargo","10":"product_tag-pf","11":"product_tag-trade-produkt","12":"product_shipping_class-tunga-paket","13":"pa_brands-fargo","14":"pa_fabrikat-kortskrivare-fargo","15":"tm-no-options","17":"first","18":"instock","19":"sale","20":"taxable","21":"shipping-taxable","22":"purchasable","23":"product-type-simple"},"acf":[],"_links":{"self":[{"href":"https:\/\/secureus.se\/no\/wp-json\/wp\/v2\/product\/53742","targetHints":{"allow":["GET"]}}],"collection":[{"href":"https:\/\/secureus.se\/no\/wp-json\/wp\/v2\/product"}],"about":[{"href":"https:\/\/secureus.se\/no\/wp-json\/wp\/v2\/types\/product"}],"wp:featuredmedia":[{"embeddable":true,"href":"https:\/\/secureus.se\/no\/wp-json\/wp\/v2\/media\/143934"}],"wp:attachment":[{"href":"https:\/\/secureus.se\/no\/wp-json\/wp\/v2\/media?parent=53742"}],"wp:term":[{"taxonomy":"product_brand","embeddable":true,"href":"https:\/\/secureus.se\/no\/wp-json\/wp\/v2\/product_brand?post=53742"},{"taxonomy":"product_cat","embeddable":true,"href":"https:\/\/secureus.se\/no\/wp-json\/wp\/v2\/product_cat?post=53742"},{"taxonomy":"product_tag","embeddable":true,"href":"https:\/\/secureus.se\/no\/wp-json\/wp\/v2\/product_tag?post=53742"}],"curies":[{"name":"wp","href":"https:\/\/api.w.org\/{rel}","templated":true}]}}