{"id":53750,"date":"2022-06-21T16:56:23","date_gmt":"2022-06-21T14:56:23","guid":{"rendered":"https:\/\/secureus.se\/produkt\/evolis-zenius-expert-id-card-printer\/"},"modified":"2026-04-08T16:44:23","modified_gmt":"2026-04-08T14:44:23","slug":"kortskrivare-evolis-zenius-expert","status":"publish","type":"product","link":"https:\/\/secureus.se\/no\/kortskrivare-evolis-zenius-expert\/","title":{"rendered":"Kortskriver Evolis Zenius Expert - ID-kortskriver (ensidig)"},"content":{"rendered":"<p><strong>Effektiv og allsidig ID-kortutskrift med Evolis Zenius Expert:<\/strong> Evolis Zenius Expert er designet for \u00e5 m\u00f8te behovene til virksomheter som krever rask og p\u00e5litelig utskrift av ID-kort. Med sin kompakte design og tilpassbare funksjoner er den perfekt for alt fra medlemskort til adgangskort.<\/p>\n<p><strong>Funksjoner og fordeler:<\/strong><\/p>\n<ul>\n<li><strong>H\u00f8y utskriftshastighet:<\/strong> Kan skrive ut opptil 500 kort per time for monokrom og 150 kort per time for fargeutskrift (YMCKO).<\/li>\n<li><strong>Fleksible kodingsalternativer:<\/strong> Tilbyr valgfrie kodemoduler for raskt \u00e5 tilpasse skriveren til dine sikkerhetsbehov.<\/li>\n<li><strong>Brukervennlighet:<\/strong> Utstyrt med EasyBadge Lite-programvare for enkel kortdesign og -administrasjon.<\/li>\n<li><strong>Kompakt design:<\/strong> Lite fotavtrykk gj\u00f8r det enkelt \u00e5 plassere p\u00e5 kontoret.<\/li>\n<\/ul>\n<p><strong>Teknisk spesifikasjon:<\/strong><\/p>\n<ul>\n<li><strong>Utskriftshastighet:<\/strong> 500 kort per time (mono) eller 150 kort per time (YMCKO).<\/li>\n<li><strong>Kapasitet:<\/strong> 50 kort i innskuffen og 30 kort i utskuffen.<\/li>\n<li><strong>Korttype:<\/strong> ISO 7810 format, CR80, ID-1 st\u00f8rrelse, kompatibel med PVC, PET og komposittkort.<\/li>\n<li><strong>Tilkoblinger:<\/strong> USB 2.0 og Ethernet.<\/li>\n<\/ul>\n<p>V\u00e6r oppmerksom p\u00e5 at det ikke f\u00f8lger med skriveren noen skriverribbe. s\u00f8rg for \u00e5 legge til en i bestillingen din.<\/p>","protected":false},"excerpt":{"rendered":"<p>Evolis Zenius Expert ID-kortskriver er ideell for \u00e5 produsere store mengder ensidige ID-kort av h\u00f8y kvalitet.<\/p>\n<p>Med mulighet for ulike kodemoduler kan skriveren raskt og enkelt gi din bedrift ekstra sikkerhet.<\/p>\n<p>Den tilbyr h\u00f8y hastighet og utskrift p\u00e5 standard CR80-kort laget av PVC, PET og komposittmaterialer.<\/p>","protected":false},"featured_media":143951,"template":"","meta":{"_acf_changed":false},"product_brand":[],"product_cat":[3205],"product_tag":[3176,4863,3069],"class_list":{"0":"post-53750","1":"product","2":"type-product","3":"status-publish","4":"has-post-thumbnail","6":"product_cat-evolis","7":"product_tag-evolis","8":"product_tag-pf","9":"product_tag-trade-produkt","10":"product_shipping_class-tunga-paket","11":"pa_brands-evolis","12":"pa_fabrikat-kortskrivare-evolis","13":"tm-no-options","15":"first","16":"instock","17":"sale","18":"taxable","19":"shipping-taxable","20":"purchasable","21":"product-type-simple"},"acf":[],"_links":{"self":[{"href":"https:\/\/secureus.se\/no\/wp-json\/wp\/v2\/product\/53750","targetHints":{"allow":["GET"]}}],"collection":[{"href":"https:\/\/secureus.se\/no\/wp-json\/wp\/v2\/product"}],"about":[{"href":"https:\/\/secureus.se\/no\/wp-json\/wp\/v2\/types\/product"}],"wp:featuredmedia":[{"embeddable":true,"href":"https:\/\/secureus.se\/no\/wp-json\/wp\/v2\/media\/143951"}],"wp:attachment":[{"href":"https:\/\/secureus.se\/no\/wp-json\/wp\/v2\/media?parent=53750"}],"wp:term":[{"taxonomy":"product_brand","embeddable":true,"href":"https:\/\/secureus.se\/no\/wp-json\/wp\/v2\/product_brand?post=53750"},{"taxonomy":"product_cat","embeddable":true,"href":"https:\/\/secureus.se\/no\/wp-json\/wp\/v2\/product_cat?post=53750"},{"taxonomy":"product_tag","embeddable":true,"href":"https:\/\/secureus.se\/no\/wp-json\/wp\/v2\/product_tag?post=53750"}],"curies":[{"name":"wp","href":"https:\/\/api.w.org\/{rel}","templated":true}]}}