{"id":53753,"date":"2022-06-21T16:56:16","date_gmt":"2022-06-21T14:56:16","guid":{"rendered":"https:\/\/secureus.se\/produkt\/fargo-dtc4500e-plastic-card-printer-single-sided\/"},"modified":"2026-04-08T16:44:37","modified_gmt":"2026-04-08T14:44:37","slug":"kortskrivare-fargo-dtc4500e-enkel-sidig","status":"publish","type":"product","link":"https:\/\/secureus.se\/no\/kortskrivare-fargo-dtc4500e-enkel-sidig\/","title":{"rendered":"Kortskriver Fargo DTC4500e - ID-kortskriver (ensidig)"},"content":{"rendered":"<p><strong>Effektiv og sikker ID-kortutskrift med Fargo DTC4500e:<\/strong> Fargo DTC4500e er en allsidig og kraftig ID-kortskriver som tilbyr h\u00f8y kapasitet og sikkerhet.<\/p>\n<p>Den er ideell for organisasjoner som trenger \u00e5 produsere store mengder ID-kort av h\u00f8y kvalitet raskt og effektivt.<\/p>\n<p><strong>Funksjoner og fordeler:<\/strong><\/p>\n<ul>\n<li><strong>H\u00f8y kapasitet:<\/strong> Kan skrive ut opptil 225 fargekort i timen, noe som gj\u00f8r det perfekt for bedrifter med store utskriftsvolumer.<\/li>\n<li><strong>Sikkerhet:<\/strong> Utstyrt med sikkerhetsfunksjoner som passordbeskyttelse og fluorescerende panelutskrift for \u00e5 \u00f8ke kortsikkerheten.<\/li>\n<li><strong>Kostnadseffektiv:<\/strong> H\u00f8ykapasitets forbruksvarer reduserer kostnaden per kort og \u00f8ker produktiviteten.<\/li>\n<li><strong>Milj\u00f8vennlig:<\/strong> GreenCircle\u00ae-sertifisert for energieffektivitet og bruk av organiske p\u00e5fyllingsstenger.<\/li>\n<\/ul>\n<p><strong>Teknisk spesifikasjon:<\/strong><\/p>\n<ul>\n<li><strong>Utskriftshastighet:<\/strong> Opptil 225 kort per time (fargeutskrift, ensidig).<\/li>\n<li><strong>Kapasitet:<\/strong> 200 kort i innskuffen og 100 kort i utskuffen.<\/li>\n<li><strong>Korttype:<\/strong> ISO 7810 format, CR80, ID-1 st\u00f8rrelse, kompatibel med PVC, PET og PC-kort.<\/li>\n<li><strong>Tilkoblinger:<\/strong> USB 2.0 og Ethernet.<\/li>\n<\/ul>\n<p>Fargo DTC4500e tilbyr en robust og p\u00e5litelig l\u00f8sning for alle dine ID-kortutskriftsbehov, med muligheten til \u00e5 tilpasse sikkerhet og funksjonalitet til dine behov.<\/p>","protected":false},"excerpt":{"rendered":"<p>Fargo DTC4500e ID-kortskriver er designet for h\u00f8y ytelse, h\u00f8yvolum sikker ID-kortutskrift.<\/p>\n<p>Den produserer h\u00f8ykvalitetskort for ansatte, adgangskontroll og medlemskap, med tre \u00e5rs garanti.<\/p>\n<p>DTC4500e er kostnadseffektiv og ideell for mellomstore og store bedrifter som leter etter en p\u00e5litelig l\u00f8sning for utskrift av ID-kort.<\/p>","protected":false},"featured_media":144775,"template":"","meta":{"_acf_changed":false},"product_brand":[],"product_cat":[3206],"product_tag":[2830,3177,4863,3069],"class_list":{"0":"post-53753","1":"product","2":"type-product","3":"status-publish","4":"has-post-thumbnail","6":"product_cat-fargo","7":"product_tag-kortprinter-direct-to-card","8":"product_tag-fargo","9":"product_tag-pf","10":"product_tag-trade-produkt","11":"product_shipping_class-tunga-paket","12":"pa_brands-fargo","13":"pa_fabrikat-kortskrivare-fargo","14":"tm-no-options","16":"first","17":"instock","18":"sale","19":"taxable","20":"shipping-taxable","21":"purchasable","22":"product-type-simple"},"acf":[],"_links":{"self":[{"href":"https:\/\/secureus.se\/no\/wp-json\/wp\/v2\/product\/53753","targetHints":{"allow":["GET"]}}],"collection":[{"href":"https:\/\/secureus.se\/no\/wp-json\/wp\/v2\/product"}],"about":[{"href":"https:\/\/secureus.se\/no\/wp-json\/wp\/v2\/types\/product"}],"wp:featuredmedia":[{"embeddable":true,"href":"https:\/\/secureus.se\/no\/wp-json\/wp\/v2\/media\/144775"}],"wp:attachment":[{"href":"https:\/\/secureus.se\/no\/wp-json\/wp\/v2\/media?parent=53753"}],"wp:term":[{"taxonomy":"product_brand","embeddable":true,"href":"https:\/\/secureus.se\/no\/wp-json\/wp\/v2\/product_brand?post=53753"},{"taxonomy":"product_cat","embeddable":true,"href":"https:\/\/secureus.se\/no\/wp-json\/wp\/v2\/product_cat?post=53753"},{"taxonomy":"product_tag","embeddable":true,"href":"https:\/\/secureus.se\/no\/wp-json\/wp\/v2\/product_tag?post=53753"}],"curies":[{"name":"wp","href":"https:\/\/api.w.org\/{rel}","templated":true}]}}