{"id":53755,"date":"2022-06-21T17:56:08","date_gmt":"2022-06-21T15:56:08","guid":{"rendered":"https:\/\/secureus.se\/produkt\/fargo-dtc1250e-plastic-card-printer-dual-sided\/"},"modified":"2026-04-08T16:44:48","modified_gmt":"2026-04-08T14:44:48","slug":"kortskrivare-fargo-dtc1250e-duplex","status":"publish","type":"product","link":"https:\/\/secureus.se\/no\/kortskrivare-fargo-dtc1250e-duplex\/","title":{"rendered":"Kortskriver Fargo DTC1250e - ID-kortskriver (dobbeltsidig)"},"content":{"rendered":"<div class=\"long_desc\">\n<p><strong>Effektiv og rimelig ID-kortutskrift med Fargo DTC1250e:<\/strong> Fargo DTC1250e er designet med brukeren i tankene og gir en rask og p\u00e5litelig l\u00f8sning for ID-kortutskrift.<\/p>\n<p>Den er perfekt for sm\u00e5 til mellomstore bedrifter og utdanningsinstitusjoner som trenger \u00e5 skrive ut noen hundre ID-kort.<\/p>\n<p><strong>Funksjoner og fordeler:<\/strong><\/p>\n<ul>\n<li><strong>Rask utskrift:<\/strong> Skriveren tar bare 16 sekunder \u00e5 skrive ut et fargekort og 6 sekunder for sort\/hvitt, noe som minimerer ventetiden.<\/li>\n<li><strong>Brukervennlighet:<\/strong> Enkel \u00e5 bruke med et intuitivt grensesnitt som gj\u00f8r det enkelt \u00e5 navigere mellom funksjoner.<\/li>\n<li><strong>Kostnadseffektiv:<\/strong> Budsjettvennlig utskrift uten at det g\u00e5r p\u00e5 bekostning av kvaliteten.<\/li>\n<li><strong>Garanti:<\/strong> Tre \u00e5rs garanti for ekstra sikkerhet.<\/li>\n<\/ul>\n<p><strong>Teknisk spesifikasjon:<\/strong><\/p>\n<ul>\n<li><strong>Utskriftshastighet:<\/strong> 6 sekunder for svart-hvitt og 16 sekunder for fargekort.<\/li>\n<li><strong>Kapasitet:<\/strong> 100 kort i innskuffen og opptil 30 kort i utskuffen (dobbeltsidig).<\/li>\n<li><strong>Korttype:<\/strong> ISO 7810 format, CR80, ID-1 st\u00f8rrelse, kompatibel med PVC, PET og komposittkort.<\/li>\n<li><strong>Tilkoblinger:<\/strong> USB 2.0, med mulighet for Ethernet.<\/li>\n<\/ul>\n<p>V\u00e6r oppmerksom p\u00e5 at det ikke f\u00f8lger med skriveren noen skriverribbe. s\u00f8rg for \u00e5 legge til en i bestillingen din.<\/p>\n<\/div>","protected":false},"excerpt":{"rendered":"<p>Fargo DTC1250e ID-kortskriver tilbyr en brukervennlig og kostnadseffektiv l\u00f8sning for \u00e5 produsere ID-kort av h\u00f8y kvalitet.<\/p>\n<p>Med en rask utskriftstid p\u00e5 bare 16 sekunder for fargekort og 6 sekunder for svart-hvitt, er den perfekt for skoler, universiteter og medlemsklubber.<\/p>\n<p>Skriveren leveres med tre \u00e5rs garanti og gratis EasyBadge Lite-programvare.<\/p>","protected":false},"featured_media":143991,"template":"","meta":{"_acf_changed":false},"product_brand":[],"product_cat":[3206],"product_tag":[2830,3172,3177,4863,3069],"class_list":{"0":"post-53755","1":"product","2":"type-product","3":"status-publish","4":"has-post-thumbnail","6":"product_cat-fargo","7":"product_tag-kortprinter-direct-to-card","8":"product_tag-dubbelsidig-dual-side","9":"product_tag-fargo","10":"product_tag-pf","11":"product_tag-trade-produkt","12":"product_shipping_class-tunga-paket","13":"pa_brands-fargo","14":"pa_fabrikat-kortskrivare-fargo","15":"tm-no-options","17":"first","18":"instock","19":"sale","20":"taxable","21":"shipping-taxable","22":"purchasable","23":"product-type-simple"},"acf":[],"_links":{"self":[{"href":"https:\/\/secureus.se\/no\/wp-json\/wp\/v2\/product\/53755","targetHints":{"allow":["GET"]}}],"collection":[{"href":"https:\/\/secureus.se\/no\/wp-json\/wp\/v2\/product"}],"about":[{"href":"https:\/\/secureus.se\/no\/wp-json\/wp\/v2\/types\/product"}],"wp:featuredmedia":[{"embeddable":true,"href":"https:\/\/secureus.se\/no\/wp-json\/wp\/v2\/media\/143991"}],"wp:attachment":[{"href":"https:\/\/secureus.se\/no\/wp-json\/wp\/v2\/media?parent=53755"}],"wp:term":[{"taxonomy":"product_brand","embeddable":true,"href":"https:\/\/secureus.se\/no\/wp-json\/wp\/v2\/product_brand?post=53755"},{"taxonomy":"product_cat","embeddable":true,"href":"https:\/\/secureus.se\/no\/wp-json\/wp\/v2\/product_cat?post=53755"},{"taxonomy":"product_tag","embeddable":true,"href":"https:\/\/secureus.se\/no\/wp-json\/wp\/v2\/product_tag?post=53755"}],"curies":[{"name":"wp","href":"https:\/\/api.w.org\/{rel}","templated":true}]}}