{"id":53757,"date":"2022-06-21T16:56:04","date_gmt":"2022-06-21T14:56:04","guid":{"rendered":"https:\/\/secureus.se\/produkt\/zebra-zc100-plastic-card-printer-with-usb-single-sided\/"},"modified":"2026-04-23T12:36:44","modified_gmt":"2026-04-23T10:36:44","slug":"kortskrivare-zebra-zc100","status":"publish","type":"product","link":"https:\/\/secureus.se\/no\/kortskrivare-zebra-zc100\/","title":{"rendered":"Kortskriver Zebra ZC100 - ID-kortskriver (ensidig)"},"content":{"rendered":"<p><strong>Brukervennlig og effektiv ID-kortutskrift med Zebra ZC100:<\/strong> Zebra ZC100 er designet for \u00e5 tilby enkelhet og kvalitet i en kompakt design.<\/p>\n<p>Den er perfekt for en rekke bruksomr\u00e5der, inkludert medarbeider-ID-kort, medlemskort og arrangementskort.<\/p>\n<p><strong>Funksjoner og fordeler:<\/strong><\/p>\n<ul>\n<li><strong>Rask utskrift:<\/strong> Kan skrive ut opptil 150 fargekort i timen og hele 700 kort i timen i svart-hvitt, noe som gj\u00f8r det veldig effektivt.<\/li>\n<li><strong>Intuitiv bruk:<\/strong> Utstyrt med en grafisk LCD-skjerm og brukervennlige kontroller for enkel navigering.<\/li>\n<li><strong>Fleksibel tilkobling:<\/strong> USB 2.0 standardtilkobling med mulighet for Ethernet og Wi-Fi for enkel integrering i eksisterende systemer.<\/li>\n<li><strong>Kostnadseffektiv:<\/strong> Utskrift av b\u00e5de fullfarge og svart-hvitt-kort til en budsjettvennlig pris.<\/li>\n<\/ul>\n<p><strong>Teknisk spesifikasjon:<\/strong><\/p>\n<ul>\n<li><strong>Utskriftshastighet:<\/strong> Opptil 150 kort per time (fargeutskrift, ensidig) og 700 kort per time (monokromt).<\/li>\n<li><strong>Kapasitet:<\/strong> 100 kort i innskuffen og 100 kort i utskuffen.<\/li>\n<li><strong>Korttype:<\/strong> ISO 7810 format, CR80, ID-1 st\u00f8rrelse, kompatibel med PVC og komposittkort.<\/li>\n<li><strong>Tilkoblinger:<\/strong> USB 2.0, med valgfri Ethernet- og Wi-Fi-funksjonalitet.<\/li>\n<\/ul>\n<p>Zebra ZC100 er en utmerket l\u00f8sning for bedrifter som leter etter en kostnadseffektiv og brukervennlig l\u00f8sning for utskrift av ID-kort.<\/p>","protected":false},"excerpt":{"rendered":"<p>Zebra ZC100 ID-kortskriver tilbyr en enkel og kostnadseffektiv l\u00f8sning for utskrift av enkeltsidige ID-kort.<\/p>\n<p>Den er enkel \u00e5 installere og bruke, med kapasitet til \u00e5 skrive ut b\u00e5de farge- og svart-hvitt-kort.<\/p>\n<p>Med to \u00e5rs garanti og inkludert EasyBadge Lite-programvare er dette et p\u00e5litelig valg for bedrifter som trenger ID-kort av h\u00f8y kvalitet.<\/p>","protected":false},"featured_media":144006,"template":"","meta":{"_acf_changed":false},"product_brand":[],"product_cat":[3210],"product_tag":[2830,4863,3069,3185],"class_list":{"0":"post-53757","1":"product","2":"type-product","3":"status-publish","4":"has-post-thumbnail","6":"product_cat-zebra","7":"product_tag-kortprinter-direct-to-card","8":"product_tag-pf","9":"product_tag-trade-produkt","10":"product_tag-zebra","11":"product_shipping_class-tunga-paket","12":"pa_brands-zebra","13":"pa_fabrikat-kortskrivare-zebra","14":"tm-no-options","16":"first","17":"instock","18":"sale","19":"taxable","20":"shipping-taxable","21":"purchasable","22":"product-type-simple"},"acf":[],"_links":{"self":[{"href":"https:\/\/secureus.se\/no\/wp-json\/wp\/v2\/product\/53757","targetHints":{"allow":["GET"]}}],"collection":[{"href":"https:\/\/secureus.se\/no\/wp-json\/wp\/v2\/product"}],"about":[{"href":"https:\/\/secureus.se\/no\/wp-json\/wp\/v2\/types\/product"}],"wp:featuredmedia":[{"embeddable":true,"href":"https:\/\/secureus.se\/no\/wp-json\/wp\/v2\/media\/144006"}],"wp:attachment":[{"href":"https:\/\/secureus.se\/no\/wp-json\/wp\/v2\/media?parent=53757"}],"wp:term":[{"taxonomy":"product_brand","embeddable":true,"href":"https:\/\/secureus.se\/no\/wp-json\/wp\/v2\/product_brand?post=53757"},{"taxonomy":"product_cat","embeddable":true,"href":"https:\/\/secureus.se\/no\/wp-json\/wp\/v2\/product_cat?post=53757"},{"taxonomy":"product_tag","embeddable":true,"href":"https:\/\/secureus.se\/no\/wp-json\/wp\/v2\/product_tag?post=53757"}],"curies":[{"name":"wp","href":"https:\/\/api.w.org\/{rel}","templated":true}]}}