{"id":53758,"date":"2022-06-21T16:55:59","date_gmt":"2022-06-21T14:55:59","guid":{"rendered":"https:\/\/secureus.se\/produkt\/fargo-hdp6600-retransfer-plastic-card-printer-dual-sided\/"},"modified":"2026-04-08T16:28:51","modified_gmt":"2026-04-08T14:28:51","slug":"kortskrivare-fargo-hdp6600-duplex","status":"publish","type":"product","link":"https:\/\/secureus.se\/no\/kortskrivare-fargo-hdp6600-duplex\/","title":{"rendered":"Kortskriver Fargo HDP6600 - Retransfer ID-kortskriver (dobbeltsidig)"},"content":{"rendered":"<p><strong>Effektiv og p\u00e5litelig ID-kortutskrift med Fargo HDP6600:<\/strong> Fargo HDP6600 er den mest avanserte skrivebordsbaserte retransfer-skriveren p\u00e5 markedet.<\/p>\n<p>Med seks generasjoner av reoverf\u00f8ringsteknologi kombinerer den hastighet, kvalitet og sikkerhet, noe som gj\u00f8r den ideell for produksjon av sikkerhetskort, medlemskort og adgangskort.<\/p>\n<p><strong>Funksjoner og fordeler:<\/strong><\/p>\n<ul>\n<li><strong>Rask utskrift:<\/strong> F\u00f8rste kort klart p\u00e5 under 60 sekunder, noe som minimerer ventetiden.<\/li>\n<li><strong>H\u00f8y kapasitet:<\/strong> Kan skrive ut opptil 230 fargekort per time, og maksimerer produktiviteten.<\/li>\n<li><strong>Avansert sikkerhet:<\/strong> Utstyrt med AES 256 datakryptering, passordbeskyttelse og mulighet for resin-kryptering av databeskyttelse.<\/li>\n<li><strong>Milj\u00f8vennlig:<\/strong> GreenCircle\u00ae-sertifisert for effektivt energiforbruk og avfallsfri laminering.<\/li>\n<\/ul>\n<p><strong>Teknisk spesifikasjon:<\/strong><\/p>\n<ul>\n<li><strong>Utskriftshastighet:<\/strong> Opptil 230 kort per time (fargeutskrift, tosidig).<\/li>\n<li><strong>Kapasitet:<\/strong> 200 kort i innskuffen og 100 kort i utskuffen.<\/li>\n<li><strong>Korttype:<\/strong> ISO 7810 format, CR80, ID-1 st\u00f8rrelse, kompatibel med PVC, PET og komposittkort.<\/li>\n<li><strong>Tilkoblinger:<\/strong> USB 2.0 og Ethernet.<\/li>\n<\/ul>\n<p>Fargo HDP6600 tilbyr en robust og effektiv l\u00f8sning for alle dine ID-kortutskriftsbehov og kan tilpasses fremtidige krav.<\/p>","protected":false},"excerpt":{"rendered":"<p>Fargo HDP6600 ID-kortskriver er en avansert overf\u00f8ringsskriver designet for \u00e5 produsere kort av h\u00f8y kvalitet raskt.<\/p>\n<p>Med en f\u00f8rste utskriftstid p\u00e5 under 60 sekunder og kapasitet til \u00e5 skrive ut opptil 230 kort i timen, er denne skriveren perfekt for bedrifter som verdsetter effektivitet og sikkerhet.<\/p>\n<p>Den leveres med tre \u00e5rs garanti og gratis EasyBadge Lite-programvare.<\/p>","protected":false},"featured_media":144785,"template":"","meta":{"_acf_changed":false},"product_brand":[],"product_cat":[3206],"product_tag":[2830,3172,3177,4863,2831,3069],"class_list":{"0":"post-53758","1":"product","2":"type-product","3":"status-publish","4":"has-post-thumbnail","6":"product_cat-fargo","7":"product_tag-kortprinter-direct-to-card","8":"product_tag-dubbelsidig-dual-side","9":"product_tag-fargo","10":"product_tag-pf","11":"product_tag-kortprinter-retransfer","12":"product_tag-trade-produkt","13":"product_shipping_class-tunga-paket","14":"pa_brands-fargo","15":"pa_fabrikat-kortskrivare-fargo","16":"tm-no-options","18":"first","19":"instock","20":"sale","21":"taxable","22":"shipping-taxable","23":"purchasable","24":"product-type-simple"},"acf":[],"_links":{"self":[{"href":"https:\/\/secureus.se\/no\/wp-json\/wp\/v2\/product\/53758","targetHints":{"allow":["GET"]}}],"collection":[{"href":"https:\/\/secureus.se\/no\/wp-json\/wp\/v2\/product"}],"about":[{"href":"https:\/\/secureus.se\/no\/wp-json\/wp\/v2\/types\/product"}],"wp:featuredmedia":[{"embeddable":true,"href":"https:\/\/secureus.se\/no\/wp-json\/wp\/v2\/media\/144785"}],"wp:attachment":[{"href":"https:\/\/secureus.se\/no\/wp-json\/wp\/v2\/media?parent=53758"}],"wp:term":[{"taxonomy":"product_brand","embeddable":true,"href":"https:\/\/secureus.se\/no\/wp-json\/wp\/v2\/product_brand?post=53758"},{"taxonomy":"product_cat","embeddable":true,"href":"https:\/\/secureus.se\/no\/wp-json\/wp\/v2\/product_cat?post=53758"},{"taxonomy":"product_tag","embeddable":true,"href":"https:\/\/secureus.se\/no\/wp-json\/wp\/v2\/product_tag?post=53758"}],"curies":[{"name":"wp","href":"https:\/\/api.w.org\/{rel}","templated":true}]}}