{"id":53766,"date":"2022-06-21T16:55:23","date_gmt":"2022-06-21T14:55:23","guid":{"rendered":"https:\/\/secureus.se\/produkt\/magicard-300-id-card-printer-single-sided\/"},"modified":"2026-03-26T10:23:54","modified_gmt":"2026-03-26T09:23:54","slug":"kortskrivare-magicard-300","status":"publish","type":"product","link":"https:\/\/secureus.se\/no\/kortskrivare-magicard-300\/","title":{"rendered":"Kortskriver Magicard 300 - ID-kortskriver (ensidig)"},"content":{"rendered":"<p data-start=\"466\" data-end=\"527\"><strong data-start=\"466\" data-end=\"527\">Sikker og h\u00f8ykvalitets ID-kortutskrift med Magicard 300<\/strong><\/p>\n<p data-start=\"529\" data-end=\"838\">Magicard 300 er en allsidig og avansert ensidig ID-kortskriver, designet for \u00e5 produsere detaljerte ID-kort av enest\u00e5ende kvalitet. Den er optimalisert for utskrift p\u00e5 standard CR80 plastkort og kombinerer funksjonalitet med sikkerhet for \u00e5 m\u00f8te de h\u00f8ye kravene fra bedrifter og institusjoner.<\/p>\n<h4 data-start=\"840\" data-end=\"868\">Funksjoner og fordeler<\/h4>\n<ul data-start=\"870\" data-end=\"1696\">\n<li data-start=\"870\" data-end=\"1016\">\n<p data-start=\"872\" data-end=\"1016\"><strong data-start=\"872\" data-end=\"896\">H\u00f8yoppl\u00f8selig utskrift:<\/strong><br data-start=\"896\" data-end=\"899\" \/>Utskrift med 300 x 300 dpi sikrer skarpe og klare bilder, noe som er ideelt for profesjonelle foto-ID-kort.<\/p>\n<\/li>\n<li data-start=\"1018\" data-end=\"1244\">\n<p data-start=\"1020\" data-end=\"1244\"><strong data-start=\"1020\" data-end=\"1043\">Avansert sikkerhet:<\/strong><br data-start=\"1043\" data-end=\"1046\" \/>HoloKote\u00ae vannmerker kan brukes for \u00e5 forhindre forfalskning. Skriveren tilbyr ogs\u00e5 muligheten til \u00e5 tilpasse med opptil fire forskjellige designalternativer, noe som gir ekstra beskyttelse mot kloning.<\/p>\n<\/li>\n<li data-start=\"1246\" data-end=\"1367\">\n<p data-start=\"1248\" data-end=\"1367\"><strong data-start=\"1248\" data-end=\"1275\">Inkludert programvare:<\/strong><br data-start=\"1275\" data-end=\"1278\" \/>EasyBadge Lite-programvare er inkludert, noe som forenkler design og utskrift av ID-kortene dine.<\/p>\n<\/li>\n<li data-start=\"1369\" data-end=\"1549\">\n<p data-start=\"1371\" data-end=\"1549\"><strong data-start=\"1371\" data-end=\"1390\">Rask utskrift:<\/strong><br data-start=\"1390\" data-end=\"1393\" \/>Med en kapasitet p\u00e5 opptil 160 fargekort i timen og 720 svart-hvitt-kort i timen, sikrer skriveren effektiv produksjon selv ved store volum.<\/p>\n<\/li>\n<li data-start=\"1551\" data-end=\"1696\">\n<p data-start=\"1553\" data-end=\"1696\"><strong data-start=\"1553\" data-end=\"1574\">Milj\u00f8bevissthet:<\/strong><br data-start=\"1574\" data-end=\"1577\" \/>I samarbeid med onetreeplanted.org plantes et tre for hver solgte skriver, noe som bidrar til en b\u00e6rekraftig fremtid.<\/p>\n<\/li>\n<\/ul>\n<h4 data-start=\"1698\" data-end=\"1727\">Tekniske spesifikasjoner<\/h4>\n<ul data-start=\"1729\" data-end=\"2022\">\n<li data-start=\"1729\" data-end=\"1802\">\n<p data-start=\"1731\" data-end=\"1802\"><strong data-start=\"1731\" data-end=\"1754\">Utskriftshastighet:<\/strong><br data-start=\"1754\" data-end=\"1757\" \/>Opptil 160 kort i timen (fargeutskrift).<\/p>\n<\/li>\n<li data-start=\"1804\" data-end=\"1884\">\n<p data-start=\"1806\" data-end=\"1884\"><strong data-start=\"1806\" data-end=\"1820\">Kapasitet:<\/strong><br data-start=\"1820\" data-end=\"1823\" \/>100 kort i innskuffen og 70 kort i utskuffen.<\/p>\n<\/li>\n<li data-start=\"1886\" data-end=\"1979\">\n<p data-start=\"1888\" data-end=\"1979\"><strong data-start=\"1888\" data-end=\"1900\">Korttype:<\/strong><br data-start=\"1900\" data-end=\"1903\" \/>ISO 7810-format, CR80, ID-1-st\u00f8rrelse \u2013 kompatibel med PVC- og komposittkort.<\/p>\n<\/li>\n<li data-start=\"1981\" data-end=\"2022\">\n<p data-start=\"1983\" data-end=\"2022\"><strong data-start=\"1983\" data-end=\"2000\">Tilkoblinger:<\/strong><br data-start=\"2000\" data-end=\"2003\" \/>USB og Ethernet.<\/p>\n<\/li>\n<\/ul>\n<p data-start=\"2024\" data-end=\"2270\" data-is-last-node=\"\">Magicard 300 er den perfekte l\u00f8sningen for bedrifter som verdsetter sikkerhet og kvalitet ved utskrift av ID-kort. Den tilbyr en p\u00e5litelig og kostnadseffektiv l\u00f8sning for alle dine utskriftsbehov, samtidig som den bidrar til et bedre milj\u00f8.<\/p>","protected":false},"excerpt":{"rendered":"<p>Magicard 300 ID-kortskriveren tilbyr h\u00f8yoppl\u00f8selig utskrift med avanserte sikkerhetsfunksjoner som HoloKote\u00ae vannmerker for \u00e5 beskytte mot kloning. Med EasyBadge Lite-programvare, tre \u00e5rs garanti og muligheten til \u00e5 skrive ut detaljerte foto-ID-kort, er det en p\u00e5litelig l\u00f8sning for bedrifter og institusjoner. Hvert kj\u00f8p hjelper ogs\u00e5 med \u00e5 plante et tre i samarbeid med onetreeplanted.org.<\/p>","protected":false},"featured_media":144373,"template":"","meta":{"_acf_changed":false},"product_brand":[],"product_cat":[3208],"product_tag":[2830,3174,4863,3069],"class_list":{"0":"post-53766","1":"product","2":"type-product","3":"status-publish","4":"has-post-thumbnail","6":"product_cat-magicard","7":"product_tag-kortprinter-direct-to-card","8":"product_tag-magicard","9":"product_tag-pf","10":"product_tag-trade-produkt","11":"product_shipping_class-tunga-paket","12":"pa_brands-magicard","13":"pa_fabrikat-kortskrivare-magicard","14":"tm-no-options","16":"first","17":"instock","18":"sale","19":"taxable","20":"shipping-taxable","21":"purchasable","22":"product-type-simple"},"acf":[],"_links":{"self":[{"href":"https:\/\/secureus.se\/no\/wp-json\/wp\/v2\/product\/53766","targetHints":{"allow":["GET"]}}],"collection":[{"href":"https:\/\/secureus.se\/no\/wp-json\/wp\/v2\/product"}],"about":[{"href":"https:\/\/secureus.se\/no\/wp-json\/wp\/v2\/types\/product"}],"wp:featuredmedia":[{"embeddable":true,"href":"https:\/\/secureus.se\/no\/wp-json\/wp\/v2\/media\/144373"}],"wp:attachment":[{"href":"https:\/\/secureus.se\/no\/wp-json\/wp\/v2\/media?parent=53766"}],"wp:term":[{"taxonomy":"product_brand","embeddable":true,"href":"https:\/\/secureus.se\/no\/wp-json\/wp\/v2\/product_brand?post=53766"},{"taxonomy":"product_cat","embeddable":true,"href":"https:\/\/secureus.se\/no\/wp-json\/wp\/v2\/product_cat?post=53766"},{"taxonomy":"product_tag","embeddable":true,"href":"https:\/\/secureus.se\/no\/wp-json\/wp\/v2\/product_tag?post=53766"}],"curies":[{"name":"wp","href":"https:\/\/api.w.org\/{rel}","templated":true}]}}