{"id":53772,"date":"2022-06-21T16:55:01","date_gmt":"2022-06-21T14:55:01","guid":{"rendered":"https:\/\/secureus.se\/produkt\/magicard-ultima-duo-retransfer-printer-dual-sided\/"},"modified":"2025-10-21T12:02:12","modified_gmt":"2025-10-21T10:02:12","slug":"kortskrivare-magicard-ultima-duo","status":"publish","type":"product","link":"https:\/\/secureus.se\/no\/kortskrivare-magicard-ultima-duo\/","title":{"rendered":"Kortskriver Magicard Ultima Duo - Gjenoverf\u00f8ring av ID-kortskriver (dobbeltsidig)"},"content":{"rendered":"<header class=\"attribute-sleeve-header center\"><strong>H\u00f8ykvalitets og sikker ID-kortutskrift med Magicard Ultima Duo:<\/strong> Magicard Ultima Duo er designet for \u00e5 levere eksepsjonell utskriftskvalitet og hastighet, noe som gj\u00f8r den perfekt for bedrifter som trenger p\u00e5litelige og sikre ID-kort.<\/p>\n<p>Den er utstyrt med en intuitiv ber\u00f8ringsskjerm for enkel bruk.<\/p>\n<p><strong>Funksjoner og fordeler:<\/strong><\/p>\n<ul>\n<li><strong>H\u00f8yoppl\u00f8selig utskrift:<\/strong> Bruker High-Definition Printing\u00ae-teknologi for \u00e5 produsere levende og klare kort, perfekt for identifikasjon.<\/li>\n<li><strong>Avansert sikkerhet:<\/strong> L\u00e5sbare kortspor og en sikkerhetsfunksjon for fargeb\u00e5nd beskytter kort mot uautorisert tilgang. HoloKote\u00ae vannmerker kan legges til for ekstra beskyttelse.<\/li>\n<li><strong>Fleksibilitet:<\/strong> St\u00f8tte for b\u00e5de plastkort og smartkort, med mulighet til \u00e5 skrive ut p\u00e5 en lang rekke korttyper.<\/li>\n<li><strong>Rask utskrift:<\/strong> Kan produsere opptil 100 fargekort i timen.<\/li>\n<\/ul>\n<p><strong>Teknisk spesifikasjon:<\/strong><\/p>\n<ul>\n<li><strong>Utskriftshastighet:<\/strong> Opptil 100 kort per time (fargeutskrift, tosidig).<\/li>\n<li><strong>Kapasitet:<\/strong> 200 kort i innskuffen og 200 kort i utskuffen.<\/li>\n<li><strong>Korttype:<\/strong> ISO 7810 format, CR80, ID-1 st\u00f8rrelse, kompatibel med PVC, PET, PC og ABS.<\/li>\n<li><strong>Tilkoblinger:<\/strong> USB 2.0 og Ethernet.<\/li>\n<\/ul>\n<p>Magicard Ultima Duo er den perfekte l\u00f8sningen for organisasjoner som ser etter h\u00f8ykvalitets og sikker utskrift av ID-kort, med fokus p\u00e5 brukervennlighet og sikkerhet.<\/p>\n<\/header>","protected":false},"excerpt":{"rendered":"<p>Magicard Ultima Duo Retransfer ID-kortskriver tilbyr h\u00f8yoppl\u00f8selig utskrift og avanserte sikkerhetsfunksjoner, inkludert muligheten til \u00e5 legge til et sikkerhetsvannmerke uten ekstra kostnad.<\/p>\n<p>Med tre \u00e5rs garanti og inkludert EasyBadge Lite-programvare er den ideell for bedrifter som regelmessig utsteder store mengder sikre smartkort.<\/p>","protected":false},"featured_media":144164,"template":"","meta":{"_acf_changed":false},"product_brand":[],"product_cat":[3208],"product_tag":[3172,3174,4863,2831,3069],"class_list":{"0":"post-53772","1":"product","2":"type-product","3":"status-publish","4":"has-post-thumbnail","6":"product_cat-magicard","7":"product_tag-dubbelsidig-dual-side","8":"product_tag-magicard","9":"product_tag-pf","10":"product_tag-kortprinter-retransfer","11":"product_tag-trade-produkt","12":"product_shipping_class-tunga-paket","13":"pa_brands-magicard","14":"pa_fabrikat-kortskrivare-magicard","15":"tm-no-options","17":"first","18":"instock","19":"sale","20":"taxable","21":"shipping-taxable","22":"purchasable","23":"product-type-simple"},"acf":[],"_links":{"self":[{"href":"https:\/\/secureus.se\/no\/wp-json\/wp\/v2\/product\/53772","targetHints":{"allow":["GET"]}}],"collection":[{"href":"https:\/\/secureus.se\/no\/wp-json\/wp\/v2\/product"}],"about":[{"href":"https:\/\/secureus.se\/no\/wp-json\/wp\/v2\/types\/product"}],"wp:featuredmedia":[{"embeddable":true,"href":"https:\/\/secureus.se\/no\/wp-json\/wp\/v2\/media\/144164"}],"wp:attachment":[{"href":"https:\/\/secureus.se\/no\/wp-json\/wp\/v2\/media?parent=53772"}],"wp:term":[{"taxonomy":"product_brand","embeddable":true,"href":"https:\/\/secureus.se\/no\/wp-json\/wp\/v2\/product_brand?post=53772"},{"taxonomy":"product_cat","embeddable":true,"href":"https:\/\/secureus.se\/no\/wp-json\/wp\/v2\/product_cat?post=53772"},{"taxonomy":"product_tag","embeddable":true,"href":"https:\/\/secureus.se\/no\/wp-json\/wp\/v2\/product_tag?post=53772"}],"curies":[{"name":"wp","href":"https:\/\/api.w.org\/{rel}","templated":true}]}}