{"id":53774,"date":"2022-06-21T16:54:55","date_gmt":"2022-06-21T14:54:55","guid":{"rendered":"https:\/\/secureus.se\/produkt\/fargo-hdp5000-retransfer-plastic-card-printer-dual-sided\/"},"modified":"2025-12-31T19:59:53","modified_gmt":"2025-12-31T18:59:53","slug":"kortskrivare-fargo-hdp5000-duplex","status":"publish","type":"product","link":"https:\/\/secureus.se\/no\/kortskrivare-fargo-hdp5000-duplex\/","title":{"rendered":"Kortskriver Fargo HDP5000 - Retransfer ID-kortskriver (dobbeltsidig)"},"content":{"rendered":"<p><strong>Sikker og effektiv ID-kortutskrift med Fargo HDP5000:<\/strong> Fargo HDP5000 er en ledende retransfer-skriver, perfekt for bedrifter som trenger \u00e5 produsere fargerike og sikre ID-kort.<\/p>\n<p>Med sin avanserte teknologi og h\u00f8ye kapasitet er den designet for \u00e5 m\u00f8te kravene til b\u00e5de hastighet og kvalitet.<\/p>\n<p><strong>Funksjoner og fordeler:<\/strong><\/p>\n<ul>\n<li><strong>High-Definition Printing\u00ae:<\/strong> Gir enest\u00e5ende fargegjengivelse og detaljer for profesjonelle ID-kort.<\/li>\n<li><strong>Fleksibel bruk:<\/strong> Kan skrive ut p\u00e5 b\u00e5de plastkort og smartkort, noe som gj\u00f8r den allsidig for ulike bruksomr\u00e5der.<\/li>\n<li><strong>Rask utskrift:<\/strong> Designet for h\u00f8yvolumproduksjon, slik at du kan skrive ut kort raskt og effektivt.<\/li>\n<li><strong>Sikkerhet:<\/strong> Utstyrt med HoloKote\u00ae for \u00e5 forhindre forfalskning.<\/li>\n<\/ul>\n<p><strong>Teknisk spesifikasjon:<\/strong><\/p>\n<ul>\n<li><strong>Utskriftshastighet:<\/strong> Opptil 150 kort per time (fargeutskrift, tosidig).<\/li>\n<li><strong>Kapasitet:<\/strong> 100 kort i innskuffen og 100 kort i utskuffen.<\/li>\n<li><strong>Korttype:<\/strong> ISO 7810 format, CR80, ID-1 st\u00f8rrelse, kompatibel med PVC, PET og komposittkort.<\/li>\n<li><strong>Tilkoblinger:<\/strong> USB 2.0 og Ethernet.<\/li>\n<\/ul>\n<p>V\u00e6r oppmerksom p\u00e5 at b\u00e5de Fargo 84051 YMCK Color Ribbon og Fargo 84053 Retransfer Film m\u00e5 kj\u00f8pes separat ved bestilling.<\/p>","protected":false},"excerpt":{"rendered":"<p>Fargo HDP5000 ID-kortskriver tilbyr eksepsjonell utskriftskvalitet med High-Definition Printing\u00ae-teknologi.<\/p>\n<p>Den er ideell for utskrift av sikre ID-kort i store volum og kan enkelt h\u00e5ndtere b\u00e5de skjemakort og smartkort.<\/p>\n<p>Med tre \u00e5rs garanti og inkludert EasyBadge Lite-programvare er det en p\u00e5litelig l\u00f8sning for bedrifter som krever kort av h\u00f8y kvalitet.<\/p>","protected":false},"featured_media":143837,"template":"","meta":{"_acf_changed":false},"product_brand":[],"product_cat":[3206],"product_tag":[2830,3172,3177,4863,2831,3069],"class_list":{"0":"post-53774","1":"product","2":"type-product","3":"status-publish","4":"has-post-thumbnail","6":"product_cat-fargo","7":"product_tag-kortprinter-direct-to-card","8":"product_tag-dubbelsidig-dual-side","9":"product_tag-fargo","10":"product_tag-pf","11":"product_tag-kortprinter-retransfer","12":"product_tag-trade-produkt","13":"product_shipping_class-tunga-paket","14":"pa_brands-fargo","15":"pa_fabrikat-kortskrivare-fargo","16":"tm-no-options","18":"first","19":"instock","20":"sale","21":"taxable","22":"shipping-taxable","23":"purchasable","24":"product-type-simple"},"acf":[],"_links":{"self":[{"href":"https:\/\/secureus.se\/no\/wp-json\/wp\/v2\/product\/53774","targetHints":{"allow":["GET"]}}],"collection":[{"href":"https:\/\/secureus.se\/no\/wp-json\/wp\/v2\/product"}],"about":[{"href":"https:\/\/secureus.se\/no\/wp-json\/wp\/v2\/types\/product"}],"wp:featuredmedia":[{"embeddable":true,"href":"https:\/\/secureus.se\/no\/wp-json\/wp\/v2\/media\/143837"}],"wp:attachment":[{"href":"https:\/\/secureus.se\/no\/wp-json\/wp\/v2\/media?parent=53774"}],"wp:term":[{"taxonomy":"product_brand","embeddable":true,"href":"https:\/\/secureus.se\/no\/wp-json\/wp\/v2\/product_brand?post=53774"},{"taxonomy":"product_cat","embeddable":true,"href":"https:\/\/secureus.se\/no\/wp-json\/wp\/v2\/product_cat?post=53774"},{"taxonomy":"product_tag","embeddable":true,"href":"https:\/\/secureus.se\/no\/wp-json\/wp\/v2\/product_tag?post=53774"}],"curies":[{"name":"wp","href":"https:\/\/api.w.org\/{rel}","templated":true}]}}