{"id":53776,"date":"2022-06-21T16:54:47","date_gmt":"2022-06-21T14:54:47","guid":{"rendered":"https:\/\/secureus.se\/produkt\/fargo-dtc1250e-plastic-card-printer-single-sided\/"},"modified":"2026-04-08T16:45:40","modified_gmt":"2026-04-08T14:45:40","slug":"kortskrivare-fargo-dtc1250e-enkel-sidig","status":"publish","type":"product","link":"https:\/\/secureus.se\/no\/kortskrivare-fargo-dtc1250e-enkel-sidig\/","title":{"rendered":"Kortskriver Fargo DTC1250e - ID-kortskriver (ensidig)"},"content":{"rendered":"<p><strong>Effektiv og rimelig ID-kortutskrift med Fargo DTC1250e:<\/strong> Fargo DTC1250e er designet for sm\u00e5 og mellomstore bedrifter, og tilbyr h\u00f8y kvalitet og brukervennlighet i en kompakt design.<\/p>\n<p>Den er perfekt for \u00e5 produsere alt fra medarbeider-ID-kort til medlemskort.<\/p>\n<p><strong>Funksjoner og fordeler:<\/strong><\/p>\n<ul>\n<li><strong>Rask utskrift:<\/strong> Utskriftskapasitet p\u00e5 16 sekunder for fullfargekort og 6 sekunder for svart-hvitt-kort, noe som minimerer ventetiden.<\/li>\n<li><strong>Brukervennlighet:<\/strong> Den intuitive designen gj\u00f8r den enkel \u00e5 installere og bruke, noe som \u00f8ker effektiviteten.<\/li>\n<li><strong>Fleksibilitet:<\/strong> Tilgjengelig i b\u00e5de enkelt- og dobbeltsidige modeller med mulighet for utskrift p\u00e5 standard CR80-kort.<\/li>\n<li><strong>Kostnadseffektiv:<\/strong> Budsjettvennlig utskrift med alt-i-ett-tonerkassetter for enklere installasjon og vedlikehold.<\/li>\n<\/ul>\n<p><strong>Teknisk spesifikasjon:<\/strong><\/p>\n<ul>\n<li><strong>Utskriftshastighet:<\/strong> Opptil 200 fargekort per time og 1000 kort per time i svart-hvitt.<\/li>\n<li><strong>Kapasitet:<\/strong> 100 kort i innskuffen og opptil 30 kort i utskuffen.<\/li>\n<li><strong>Korttype:<\/strong> ISO 7810 format, CR80, ID-1 st\u00f8rrelse, kompatibel med PVC, PET og komposittkort.<\/li>\n<li><strong>Tilkoblinger:<\/strong> USB 2.0 og valgfritt Ethernet.<\/li>\n<\/ul>\n<p>V\u00e6r oppmerksom p\u00e5 at det ikke f\u00f8lger med skriveren noen skriverribbe. s\u00f8rg for \u00e5 legge til en i bestillingen din.<\/p>","protected":false},"excerpt":{"rendered":"<p>Fargo DTC1250e ID-kortskriver tilbyr en brukervennlig og kostnadseffektiv l\u00f8sning for raskt \u00e5 produsere ID-kort.<\/p>\n<p>Med en utskriftstid p\u00e5 bare 16 sekunder for fargekort og 6 sekunder for svart-hvitt kort, er den ideell for skoler og medlemsklubber.<\/p>\n<p>Den inkluderer tre \u00e5rs garanti og gratis EasyBadge Lite-programvare.<\/p>","protected":false},"featured_media":144181,"template":"","meta":{"_acf_changed":false},"product_brand":[],"product_cat":[3206],"product_tag":[2830,3177,4863,3069],"class_list":{"0":"post-53776","1":"product","2":"type-product","3":"status-publish","4":"has-post-thumbnail","6":"product_cat-fargo","7":"product_tag-kortprinter-direct-to-card","8":"product_tag-fargo","9":"product_tag-pf","10":"product_tag-trade-produkt","11":"product_shipping_class-tunga-paket","12":"pa_brands-fargo","13":"pa_fabrikat-kortskrivare-fargo","14":"tm-no-options","16":"first","17":"instock","18":"sale","19":"taxable","20":"shipping-taxable","21":"purchasable","22":"product-type-simple"},"acf":[],"_links":{"self":[{"href":"https:\/\/secureus.se\/no\/wp-json\/wp\/v2\/product\/53776","targetHints":{"allow":["GET"]}}],"collection":[{"href":"https:\/\/secureus.se\/no\/wp-json\/wp\/v2\/product"}],"about":[{"href":"https:\/\/secureus.se\/no\/wp-json\/wp\/v2\/types\/product"}],"wp:featuredmedia":[{"embeddable":true,"href":"https:\/\/secureus.se\/no\/wp-json\/wp\/v2\/media\/144181"}],"wp:attachment":[{"href":"https:\/\/secureus.se\/no\/wp-json\/wp\/v2\/media?parent=53776"}],"wp:term":[{"taxonomy":"product_brand","embeddable":true,"href":"https:\/\/secureus.se\/no\/wp-json\/wp\/v2\/product_brand?post=53776"},{"taxonomy":"product_cat","embeddable":true,"href":"https:\/\/secureus.se\/no\/wp-json\/wp\/v2\/product_cat?post=53776"},{"taxonomy":"product_tag","embeddable":true,"href":"https:\/\/secureus.se\/no\/wp-json\/wp\/v2\/product_tag?post=53776"}],"curies":[{"name":"wp","href":"https:\/\/api.w.org\/{rel}","templated":true}]}}