{"id":53779,"date":"2022-06-21T16:54:35","date_gmt":"2022-06-21T14:54:35","guid":{"rendered":"https:\/\/secureus.se\/produkt\/magicard-pronto-plastic-card-printer-single-sided\/"},"modified":"2026-03-26T10:25:04","modified_gmt":"2026-03-26T09:25:04","slug":"kortskrivare-magicard-pronto","status":"publish","type":"product","link":"https:\/\/secureus.se\/no\/kortskrivare-magicard-pronto\/","title":{"rendered":"Kortskriver Magicard Pronto - ID-kortskriver (ensidig)"},"content":{"rendered":"<header class=\"attribute-sleeve-header center\"><strong>Kompakt og effektiv ID-kortutskrift med Magicard Pronto:<\/strong> Magicard Pronto er designet for \u00e5 m\u00f8te behovene til sm\u00e5 bedrifter og nybegynnere.<\/p>\n<p>Den er enkel \u00e5 bruke og leverer ID-kort av h\u00f8y kvalitet uten at det g\u00e5r p\u00e5 bekostning av prisen.<\/p>\n<p><strong>Funksjoner og fordeler:<\/strong><\/p>\n<ul>\n<li><strong>Fart:<\/strong> Skriver ut svart-hvitt-kort p\u00e5 bare 7 sekunder og fargekort p\u00e5 35 sekunder, noe som gj\u00f8r det sv\u00e6rt effektivt for daglig bruk.<\/li>\n<li><strong>H\u00f8y kvalitet:<\/strong> Utstyrt med et standard sikkerhetsvannmerke som gir ekstra beskyttelse mot kloning uten ekstra kostnad.<\/li>\n<li><strong>Brukervennlighet:<\/strong> Den kompakte designen gj\u00f8r den ideell for skrivebord og mindre arbeidsomr\u00e5der, og gir enkel tilgang for brukere.<\/li>\n<li><strong>Lang garanti:<\/strong> En to \u00e5rs garanti sikrer sikkerhet og st\u00f8tte ved behov.<\/li>\n<\/ul>\n<p><strong>Teknisk spesifikasjon:<\/strong><\/p>\n<ul>\n<li><strong>Utskriftshastighet:<\/strong> Opptil 200 kort per time (fargeutskrift), 766 kort per time (monokrom).<\/li>\n<li><strong>Kapasitet:<\/strong> 50 kort i innskuffen og 50 kort i utskuffen.<\/li>\n<li><strong>Korttype:<\/strong> ISO 7810 format, CR80, ID-1 st\u00f8rrelse, kompatibel med PVC og komposittkort.<\/li>\n<li><strong>Tilkoblinger:<\/strong> USB og Ethernet.<\/li>\n<\/ul>\n<p>V\u00e6r oppmerksom p\u00e5 at det ikke f\u00f8lger med skriveren noen skriverribbe. s\u00f8rg for \u00e5 legge til en i bestillingen din.<\/p>\n<\/header>","protected":false},"excerpt":{"rendered":"<p>Magicard Pronto ID-kortskriver er en av v\u00e5re bestselgende skrivere, perfekt for sm\u00e5 bedrifter med lavt utskriftsvolum.<\/p>\n<p>Den er kompakt, lett og gir raske utskriftstider p\u00e5 7 sekunder for svart-hvitt-kort og 35 sekunder for fargekort.<\/p>\n<p>Med to \u00e5rs garanti og gratis EasyBadge Lite-programvare er dette en p\u00e5litelig og rimelig l\u00f8sning.<\/p>","protected":false},"featured_media":144858,"template":"","meta":{"_acf_changed":false},"product_brand":[],"product_cat":[3208],"product_tag":[2830,3174,4863,3069],"class_list":{"0":"post-53779","1":"product","2":"type-product","3":"status-publish","4":"has-post-thumbnail","6":"product_cat-magicard","7":"product_tag-kortprinter-direct-to-card","8":"product_tag-magicard","9":"product_tag-pf","10":"product_tag-trade-produkt","11":"product_shipping_class-tunga-paket","12":"pa_brands-magicard","13":"pa_fabrikat-kortskrivare-magicard","14":"tm-no-options","16":"first","17":"instock","18":"sale","19":"taxable","20":"shipping-taxable","21":"purchasable","22":"product-type-simple"},"acf":[],"_links":{"self":[{"href":"https:\/\/secureus.se\/no\/wp-json\/wp\/v2\/product\/53779","targetHints":{"allow":["GET"]}}],"collection":[{"href":"https:\/\/secureus.se\/no\/wp-json\/wp\/v2\/product"}],"about":[{"href":"https:\/\/secureus.se\/no\/wp-json\/wp\/v2\/types\/product"}],"wp:featuredmedia":[{"embeddable":true,"href":"https:\/\/secureus.se\/no\/wp-json\/wp\/v2\/media\/144858"}],"wp:attachment":[{"href":"https:\/\/secureus.se\/no\/wp-json\/wp\/v2\/media?parent=53779"}],"wp:term":[{"taxonomy":"product_brand","embeddable":true,"href":"https:\/\/secureus.se\/no\/wp-json\/wp\/v2\/product_brand?post=53779"},{"taxonomy":"product_cat","embeddable":true,"href":"https:\/\/secureus.se\/no\/wp-json\/wp\/v2\/product_cat?post=53779"},{"taxonomy":"product_tag","embeddable":true,"href":"https:\/\/secureus.se\/no\/wp-json\/wp\/v2\/product_tag?post=53779"}],"curies":[{"name":"wp","href":"https:\/\/api.w.org\/{rel}","templated":true}]}}