{"id":53780,"date":"2022-06-21T17:54:34","date_gmt":"2022-06-21T15:54:34","guid":{"rendered":"https:\/\/secureus.se\/produkt\/magicard-300-id-card-printer-dual-sided\/"},"modified":"2026-04-08T16:55:41","modified_gmt":"2026-04-08T14:55:41","slug":"kortskrivare-magicard-300-2","status":"publish","type":"product","link":"https:\/\/secureus.se\/no\/kortskrivare-magicard-300-2\/","title":{"rendered":"Kortskriver Magicard 300 DUO \u2013 ID-kortskriver (dobbeltsidig)"},"content":{"rendered":"<header class=\"attribute-sleeve-header center\">\n<h3 data-section-id=\"112gxbi\" data-start=\"656\" data-end=\"736\">Magicard 300 DUO \u2013 P\u00e5litlig och s\u00e4ker ID-kortsskrivare f\u00f6r daglig anv\u00e4ndning<\/h3>\n<p data-start=\"738\" data-end=\"1021\">Magicard 300 DUO \u00e4r en flexibel och drifts\u00e4ker ID-kortsskrivare som passar perfekt f\u00f6r f\u00f6retag, skolor och organisationer som beh\u00f6ver producera ID-kort regelbundet. Den kombinerar h\u00f6g utskriftskvalitet, enkel anv\u00e4ndning och inbyggd s\u00e4kerhet i en kompakt och kostnadseffektiv l\u00f6sning.<\/p>\n<p data-start=\"1023\" data-end=\"1213\">Skrivaren \u00e4r s\u00e4rskilt framtagen f\u00f6r verksamheter som skriver ut upp till cirka 10 000 kort per \u00e5r och vill ha en stabil l\u00f6sning utan on\u00f6dig komplexitet.<\/p>\n<hr data-start=\"1215\" data-end=\"1218\" \/>\n<h3 data-section-id=\"1fvllhe\" data-start=\"1220\" data-end=\"1269\">H\u00f6g utskriftskvalitet f\u00f6r professionella kort<\/h3>\n<p data-start=\"1271\" data-end=\"1329\">Med en uppl\u00f6sning p\u00e5 300 x 300 dpi levererar Magicard 300:<\/p>\n<ul data-start=\"1331\" data-end=\"1399\">\n<li data-section-id=\"1tunt2k\" data-start=\"1331\" data-end=\"1353\">Skarpa fotografier<\/li>\n<li data-section-id=\"452m3n\" data-start=\"1354\" data-end=\"1375\">Tydliga logotyper<\/li>\n<li data-section-id=\"1u9ihby\" data-start=\"1376\" data-end=\"1399\">Bra f\u00e4rg\u00e5tergivning<\/li>\n<\/ul>\n<p data-start=\"1401\" data-end=\"1529\">Perfekt f\u00f6r ID-kort, passerkort och medlemskort d\u00e4r ett professionellt intryck \u00e4r viktigt.<\/p>\n<hr data-start=\"1531\" data-end=\"1534\" \/>\n<h3 data-section-id=\"1y69j9m\" data-start=\"1536\" data-end=\"1580\">Dobbeltsidig utskrift for mer informasjon<\/h3>\n<p data-start=\"1582\" data-end=\"1628\">Den dubbelsidiga DUO-versionen g\u00f6r att du kan:<\/p>\n<ul data-start=\"1630\" data-end=\"1738\">\n<li data-section-id=\"1nvz1uc\" data-start=\"1630\" data-end=\"1673\">Placera identitet och foto p\u00e5 framsidan<\/li>\n<li data-section-id=\"1ewhxty\" data-start=\"1674\" data-end=\"1738\">L\u00e4gga till streckkoder, regler eller information p\u00e5 baksidan<\/li>\n<\/ul>\n<p data-start=\"1740\" data-end=\"1789\">Det ger mer funktionella och professionella kort.<\/p>\n<hr data-start=\"1791\" data-end=\"1794\" \/>\n<h3 data-section-id=\"1m5k3mf\" data-start=\"1796\" data-end=\"1833\">Snabb och effektiv kortproduktion<\/h3>\n<p data-start=\"1835\" data-end=\"1874\">Magicard 300 \u00e4r byggd f\u00f6r daglig drift:<\/p>\n<ul data-start=\"1876\" data-end=\"1985\">\n<li data-section-id=\"78jwjh\" data-start=\"1876\" data-end=\"1911\">Opptil 160 fargekort per time<\/li>\n<li data-section-id=\"1t4kpyp\" data-start=\"1912\" data-end=\"1953\">Upp till 720 monokroma kort per timme<\/li>\n<li data-section-id=\"1n6agks\" data-start=\"1954\" data-end=\"1985\">Ca 23 sekunder per f\u00e4rgkort<\/li>\n<\/ul>\n<p data-start=\"1987\" data-end=\"2097\">Det g\u00f6r den idealisk f\u00f6r verksamheter med l\u00f6pande behov av kortutskrift.<\/p>\n<hr data-start=\"2099\" data-end=\"2102\" \/>\n<h3 data-section-id=\"w76xfc\" data-start=\"2104\" data-end=\"2149\">Inbyggd s\u00e4kerhet f\u00f6r trygg kortproduktion<\/h3>\n<p data-start=\"2151\" data-end=\"2207\">Magicard 300 erbjuder flera viktiga s\u00e4kerhetsfunktioner:<\/p>\n<ul data-start=\"2209\" data-end=\"2359\">\n<li data-section-id=\"1hgdx4n\" data-start=\"2209\" data-end=\"2259\"><strong data-start=\"2211\" data-end=\"2238\">HoloKote\u00ae vannmerke<\/strong> for visuell beskyttelse<\/li>\n<li data-section-id=\"7hxqdk\" data-start=\"2260\" data-end=\"2301\">M\u00f6jlighet att l\u00e4gga till egen logotyp<\/li>\n<li data-section-id=\"sz6ym4\" data-start=\"2302\" data-end=\"2359\"><strong data-start=\"2304\" data-end=\"2325\">Digital makulering<\/strong> som sletter data etter utskrift<\/li>\n<\/ul>\n<p data-start=\"2361\" data-end=\"2468\">Detta g\u00f6r korten sv\u00e5rare att kopiera och skyddar k\u00e4nslig information.<\/p>\n<hr data-start=\"2470\" data-end=\"2473\" \/>\n<h3 data-section-id=\"1psx2cu\" data-start=\"2475\" data-end=\"2512\">Enkel installasjon og bruk<\/h3>\n<ul data-start=\"2514\" data-end=\"2615\">\n<li data-section-id=\"mzyl5q\" data-start=\"2514\" data-end=\"2537\">Plug &amp; play via USB<\/li>\n<li data-section-id=\"ir2e03\" data-start=\"2538\" data-end=\"2573\">Ethernet f\u00f6r n\u00e4tverksanslutning<\/li>\n<li data-section-id=\"14cn7tu\" data-start=\"2574\" data-end=\"2615\">Enkel integration i befintliga system<\/li>\n<\/ul>\n<p data-start=\"2617\" data-end=\"2691\">Skrivaren kr\u00e4ver minimal teknisk kunskap och \u00e4r snabb att komma ig\u00e5ng med.<\/p>\n<hr data-start=\"2693\" data-end=\"2696\" \/>\n<h3 data-section-id=\"13kkucz\" data-start=\"2698\" data-end=\"2728\">H\u00e5llbar och effektiv drift<\/h3>\n<p data-start=\"2730\" data-end=\"2788\">Magicard 300 \u00e4r byggd f\u00f6r l\u00e5ng livsl\u00e4ngd och stabil drift:<\/p>\n<ul data-start=\"2790\" data-end=\"2899\">\n<li data-section-id=\"j96c48\" data-start=\"2790\" data-end=\"2813\">Robust konstruksjon<\/li>\n<li data-section-id=\"1itc5tk\" data-start=\"2814\" data-end=\"2849\">Effektiv anv\u00e4ndning av f\u00e4rgband<\/li>\n<li data-section-id=\"470800\" data-start=\"2850\" data-end=\"2899\">M\u00f6jlighet att uppgradera funktioner vid behov<\/li>\n<\/ul>\n<p data-start=\"2901\" data-end=\"3036\">Den analyserar dessutom utskriftsdata f\u00f6r att optimera anv\u00e4ndningen av f\u00e4rgband och minska spill.<\/p>\n<hr data-start=\"3038\" data-end=\"3041\" \/>\n<h3 data-section-id=\"iwf276\" data-start=\"3043\" data-end=\"3067\">Garanti og sikkerhet<\/h3>\n<ul data-start=\"3069\" data-end=\"3155\">\n<li data-section-id=\"l98imx\" data-start=\"3069\" data-end=\"3086\">3 \u00e5rs garanti<\/li>\n<li data-section-id=\"1dh68nb\" data-start=\"3087\" data-end=\"3119\">Tillg\u00e5ng till global support<\/li>\n<li data-section-id=\"1ymlqo9\" data-start=\"3120\" data-end=\"3155\">M\u00f6jlighet att f\u00f6rl\u00e4nga garantin<\/li>\n<\/ul>\n<p data-start=\"3157\" data-end=\"3271\">Garantin g\u00e4ller vid anv\u00e4ndning av originalf\u00f6rbrukning och korrekt underh\u00e5ll.<\/p>\n<hr data-start=\"3273\" data-end=\"3276\" \/>\n<h3 data-section-id=\"12w8785\" data-start=\"3278\" data-end=\"3323\">Tekniske spesifikasjoner (sammendrag)<\/h3>\n<ul data-start=\"3325\" data-end=\"3604\">\n<li data-section-id=\"1vj96sq\" data-start=\"3325\" data-end=\"3353\">Modell: Magicard 300 DUO<\/li>\n<li data-section-id=\"1vn1bje\" data-start=\"3354\" data-end=\"3379\">Utskrift: Dobbeltsidig<\/li>\n<li data-section-id=\"1nsuhxh\" data-start=\"3380\" data-end=\"3409\">Uppl\u00f6sning: 300 x 300 dpi<\/li>\n<li data-section-id=\"1c6m1mp\" data-start=\"3410\" data-end=\"3448\">Hastighet: upp till 160 kort\/timme<\/li>\n<li data-section-id=\"6qlhy1\" data-start=\"3449\" data-end=\"3478\">Kapasitet: 100 inn \/ 70 ut<\/li>\n<li data-section-id=\"1fr1ygq\" data-start=\"3479\" data-end=\"3506\">Kortformat: CR80 \/ CR79<\/li>\n<li data-section-id=\"ex5tuj\" data-start=\"3507\" data-end=\"3556\">Korttyper: PVC, komposit, smartkort (tillval)<\/li>\n<li data-section-id=\"794tec\" data-start=\"3557\" data-end=\"3586\">Tilkobling: USB, Ethernet<\/li>\n<li data-section-id=\"qnevs9\" data-start=\"3587\" data-end=\"3604\">Vikt: ca 5 kg<\/li>\n<\/ul>\n<hr data-start=\"3606\" data-end=\"3609\" \/>\n<h3 data-section-id=\"11hcs70\" data-start=\"3611\" data-end=\"3635\">Viktig \u00e5 vurdere<\/h3>\n<ul data-start=\"3637\" data-end=\"3754\">\n<li data-section-id=\"ddg5am\" data-start=\"3637\" data-end=\"3658\">B\u00e5nd ikke inkludert<\/li>\n<li data-section-id=\"ul3fqp\" data-start=\"3659\" data-end=\"3706\">Originale Magicard-forbruksvarer anbefales<\/li>\n<li data-section-id=\"ch1j62\" data-start=\"3707\" data-end=\"3754\">Regelbunden reng\u00f6ring kr\u00e4vs f\u00f6r b\u00e4sta drift<\/li>\n<\/ul>\n<hr data-start=\"3756\" data-end=\"3759\" \/>\n<h3 data-section-id=\"ethgyn\" data-start=\"3761\" data-end=\"3776\">Perfekt for<\/h3>\n<ul data-start=\"3778\" data-end=\"3922\">\n<li data-section-id=\"1crl4be\" data-start=\"3778\" data-end=\"3800\">Bedrifter og kontorer<\/li>\n<li data-section-id=\"ei9hza\" data-start=\"3801\" data-end=\"3827\">Skoler og universiteter<\/li>\n<li data-section-id=\"15fzodf\" data-start=\"3828\" data-end=\"3856\">Medlemskort och kundkort<\/li>\n<li data-section-id=\"87575i\" data-start=\"3857\" data-end=\"3883\">Bes\u00f6kskort och ID-kort<\/li>\n<li data-section-id=\"1g9o2sm\" data-start=\"3884\" data-end=\"3922\">Mindre till medelstora kortvolymer<\/li>\n<\/ul>\n<\/header>","protected":false},"excerpt":{"rendered":"<p data-start=\"214\" data-end=\"415\">Magicard 300 DUO er en brukervennlig og sikker tosidig ID-kortskriver for bedrifter, skoler og organisasjoner. Perfekt for daglig kortproduksjon med h\u00f8y kvalitet og innebygde sikkerhetsfunksjoner.<\/p>\n<ul data-start=\"417\" data-end=\"599\">\n<li data-section-id=\"1uls68x\" data-start=\"417\" data-end=\"450\">Dobbeltsidig utskrift (dupleks)<\/li>\n<li data-section-id=\"k0hqt3\" data-start=\"451\" data-end=\"487\">300 x 300 dpi for skarpe ID-kort<\/li>\n<li data-section-id=\"78jwjh\" data-start=\"488\" data-end=\"523\">Opptil 160 fargekort per time<\/li>\n<li data-section-id=\"sg0mgt\" data-start=\"524\" data-end=\"560\">HoloKote\u00ae sikkerhetsvannmerke<\/li>\n<li data-section-id=\"142d0jd\" data-start=\"561\" data-end=\"581\">USB og Ethernet<\/li>\n<li data-section-id=\"l98imx\" data-start=\"582\" data-end=\"599\">3 \u00e5rs garanti<\/li>\n<\/ul>","protected":false},"featured_media":144389,"template":"","meta":{"_acf_changed":false},"product_brand":[],"product_cat":[3208],"product_tag":[3850,3172,3174,4863,3069],"class_list":{"0":"post-53780","1":"product","2":"type-product","3":"status-publish","4":"has-post-thumbnail","6":"product_cat-magicard","7":"product_tag-bastsaljare","8":"product_tag-dubbelsidig-dual-side","9":"product_tag-magicard","10":"product_tag-pf","11":"product_tag-trade-produkt","12":"product_shipping_class-tunga-paket","13":"pa_brands-magicard","14":"pa_fabrikat-kortskrivare-magicard","15":"tm-no-options","17":"first","18":"instock","19":"sale","20":"taxable","21":"shipping-taxable","22":"purchasable","23":"product-type-simple"},"acf":[],"_links":{"self":[{"href":"https:\/\/secureus.se\/no\/wp-json\/wp\/v2\/product\/53780","targetHints":{"allow":["GET"]}}],"collection":[{"href":"https:\/\/secureus.se\/no\/wp-json\/wp\/v2\/product"}],"about":[{"href":"https:\/\/secureus.se\/no\/wp-json\/wp\/v2\/types\/product"}],"wp:featuredmedia":[{"embeddable":true,"href":"https:\/\/secureus.se\/no\/wp-json\/wp\/v2\/media\/144389"}],"wp:attachment":[{"href":"https:\/\/secureus.se\/no\/wp-json\/wp\/v2\/media?parent=53780"}],"wp:term":[{"taxonomy":"product_brand","embeddable":true,"href":"https:\/\/secureus.se\/no\/wp-json\/wp\/v2\/product_brand?post=53780"},{"taxonomy":"product_cat","embeddable":true,"href":"https:\/\/secureus.se\/no\/wp-json\/wp\/v2\/product_cat?post=53780"},{"taxonomy":"product_tag","embeddable":true,"href":"https:\/\/secureus.se\/no\/wp-json\/wp\/v2\/product_tag?post=53780"}],"curies":[{"name":"wp","href":"https:\/\/api.w.org\/{rel}","templated":true}]}}