{"id":54437,"date":"2022-06-04T15:31:56","date_gmt":"2022-06-04T13:31:56","guid":{"rendered":"https:\/\/secureus.se\/produkt\/plastkort-med-rfid-mifare4k\/"},"modified":"2026-03-25T22:25:47","modified_gmt":"2026-03-25T21:25:47","slug":"passerkort-rfid-kort-med-rfid-mifare4k","status":"publish","type":"product","link":"https:\/\/secureus.se\/no\/passerkort-rfid-kort-med-rfid-mifare4k\/","title":{"rendered":"Tilgangskort \/ RFID-kort MIFARE4k Classic\u00ae \u2013 Premium"},"content":{"rendered":"<p>Akkurat som alle v\u00e5re RFID-produkter er v\u00e5re Passerkort \/ RFID-kort utstyrt med originale brikker av h\u00f8y kvalitet. Vi verdsetter p\u00e5litelighet og sikkerhet og bruker kun originale brikker fra anerkjente produsenter. Med v\u00e5re Passerkort \/ RFID-kort kan du v\u00e6re sikker p\u00e5 at du f\u00e5r et produkt som oppfyller de h\u00f8yeste standarder og leverer p\u00e5litelig og effektiv ytelse. Vi streber alltid etter \u00e5 tilby deg den beste teknologien og kompatibiliteten for \u00e5 sikre at v\u00e5re Passerkort \/ RFID-kort fungerer sikkert og dekker dine behov p\u00e5 lang sikt.<\/p>\n<p>Adgangskort \/ RFID-kort som f\u00f8lger standardformat CR80 kan brukes til ulike form\u00e5l, inkludert adgangssystem, bes\u00f8kssystem, vaskeribestilling, alarm og sikkerhet.<br \/>\nMed v\u00e5re Passerkort \/ RFID-kort kan du velge design etter eget \u00f8nske og mulighet for korrekturlesing til du er forn\u00f8yd.<br \/>\nVi verdsetter p\u00e5litelighet og sikkerhet, og derfor bruker vi kun originale brikker fra anerkjente produsenter.<\/p>\n<p>Vi har ogs\u00e5 en del brikker som kan monteres i RFID-kortene i tillegg til standardbrikken som du ser i butikken, dette gjelder ogs\u00e5 alle v\u00e5re andre RFID-b\u00e6rere.<\/p>\n<p>Vi tilbyr fleksibilitet og tilpasningsevne n\u00e5r det kommer til utformingen av v\u00e5re Passerkort \/ RFID-kort. Du kan lage kort som er helt i tr\u00e5d med din merkevare og bedriftsidentitet. V\u00e5rt m\u00e5l er \u00e5 levere Passerkort \/ RFID-kort av h\u00f8yeste kvalitet som ikke bare er funksjonelle, men som ogs\u00e5 representerer din virksomhet p\u00e5 en profesjonell m\u00e5te.<\/p>\n<p>V\u00e5re Passerkort \/ RFID-kort er produsert med n\u00f8yaktighet og forsiktighet for \u00e5 sikre deres holdbarhet og p\u00e5litelighet. Vi forst\u00e5r at sikkerhet er av st\u00f8rste betydning n\u00e5r det kommer til RFID-teknologi, og vi tar alle n\u00f8dvendige tiltak for \u00e5 beskytte kortene dine mot uautorisert tilgang og datainnbrudd.<\/p>\n<p>Vi tilbyr fleksibilitet og tilpasningsevne n\u00e5r det kommer til utformingen av v\u00e5re Passerkort \/ RFID-kort. Du kan lage kort som er helt i tr\u00e5d med din merkevare og bedriftsidentitet. V\u00e5rt m\u00e5l er \u00e5 levere Passerkort \/ RFID-kort av h\u00f8yeste kvalitet som ikke bare er funksjonelle, men som ogs\u00e5 representerer din virksomhet p\u00e5 en profesjonell m\u00e5te.<\/p>\n<p>V\u00e5re Passerkort \/ RFID-kort er produsert med n\u00f8yaktighet og forsiktighet for \u00e5 sikre deres holdbarhet og p\u00e5litelighet. Vi forst\u00e5r at sikkerhet er av st\u00f8rste betydning n\u00e5r det kommer til RFID-teknologi, og vi tar alle n\u00f8dvendige tiltak for \u00e5 beskytte kortene dine mot uautorisert tilgang og datainnbrudd.<\/p>\n<p>Uansett om du trenger Passerkort \/ RFID-kort til et lite prosjekt eller til en st\u00f8rre virksomhet.<\/p>\n<p>Vi st\u00e5r klare til \u00e5 hjelpe deg med \u00e5 finne den beste Passerkort \/ RFID-kortl\u00f8sningen for dine spesifikke behov og \u00f8nsker. Kontakt oss i dag for \u00e5 diskutere dine prosjektideer og f\u00e5 mer informasjon om v\u00e5re produkter og tjenester. Vi ser frem til \u00e5 v\u00e6re din p\u00e5litelige partner for Passerkort \/ RFID-kort og levere h\u00f8ykvalitetsl\u00f8sninger som oppfyller dine forventninger.<\/p>\n<p>Takk for din interesse for v\u00e5re Passerkort \/ RFID-kort. Bes\u00f8k v\u00e5r nettbutikk eller kontakt oss for \u00e5 komme i gang med din bestilling eller for \u00e5 f\u00e5 svar p\u00e5 eventuelle sp\u00f8rsm\u00e5l du m\u00e5tte ha. Vi er her for \u00e5 gi deg best mulig service og levere Passerkort \/ RFID-kort av h\u00f8yeste kvalitet som passer dine spesifikke behov.<\/p>","protected":false},"excerpt":{"rendered":"<p>Dette produktet har sertifisert brikke fra NXP\u00ae som er et globalt teknologiselskap med hovedkontor i Holland. NXP\u00ae spesialiserer seg p\u00e5 RFID og NFC og tilbyr en rekke produkter innen sikkerhet, tilkobling og innebygde l\u00f8sninger<\/p>","protected":false},"featured_media":144062,"template":"","meta":{"_acf_changed":false},"product_brand":[],"product_cat":[4226,1711],"product_tag":[4146,3077,3073],"class_list":{"0":"post-54437","1":"product","2":"type-product","3":"status-publish","4":"has-post-thumbnail","6":"product_cat-rfid-kort-mifare-classic-4k","7":"product_cat-rfid-kort","8":"product_tag-nxp","9":"product_tag-rfid-desfire","10":"product_tag-rfid-mifare4k","11":"product_shipping_class-postnord-varubrev","12":"pa_brands-stonehouse-security","13":"pa_farg-vit","14":"pa_plastkort-larmsystem-aptus","15":"pa_plastkort-larmsystem-assa-arx-solid-entro","16":"pa_plastkort-larmsystem-axema","17":"pa_plastkort-larmsystem-axema-vaka","18":"pa_plastkort-larmsystem-blank-inga-nummer","19":"pa_plastkort-larmsystem-cdvi","20":"pa_plastkort-larmsystem-decimal-nummer","21":"pa_plastkort-larmsystem-estaka-siffor-valfria","22":"pa_plastkort-larmsystem-hexadecimala-nummer","23":"pa_plastkort-larmsystem-lopnummer-valfria","24":"pa_plastkort-larmsystem-paxton","25":"pa_plastkort-larmsystem-rco","26":"pa_plastkort-larmsystem-tidomat","27":"pa_plastkort-larmsystem-vanderbilt-bewator-entro-8-siffor","28":"pa_plastkort-larmsystem-vanderbilt-bewator-omnis-bewator-2010-13-siffor","29":"pa_plastkort-teknik-mifare4k","30":"tm-has-options","32":"first","33":"instock","34":"sale","35":"featured","36":"taxable","37":"shipping-taxable","38":"purchasable","39":"product-type-simple"},"acf":[],"_links":{"self":[{"href":"https:\/\/secureus.se\/no\/wp-json\/wp\/v2\/product\/54437","targetHints":{"allow":["GET"]}}],"collection":[{"href":"https:\/\/secureus.se\/no\/wp-json\/wp\/v2\/product"}],"about":[{"href":"https:\/\/secureus.se\/no\/wp-json\/wp\/v2\/types\/product"}],"wp:featuredmedia":[{"embeddable":true,"href":"https:\/\/secureus.se\/no\/wp-json\/wp\/v2\/media\/144062"}],"wp:attachment":[{"href":"https:\/\/secureus.se\/no\/wp-json\/wp\/v2\/media?parent=54437"}],"wp:term":[{"taxonomy":"product_brand","embeddable":true,"href":"https:\/\/secureus.se\/no\/wp-json\/wp\/v2\/product_brand?post=54437"},{"taxonomy":"product_cat","embeddable":true,"href":"https:\/\/secureus.se\/no\/wp-json\/wp\/v2\/product_cat?post=54437"},{"taxonomy":"product_tag","embeddable":true,"href":"https:\/\/secureus.se\/no\/wp-json\/wp\/v2\/product_tag?post=54437"}],"curies":[{"name":"wp","href":"https:\/\/api.w.org\/{rel}","templated":true}]}}