{"id":54527,"date":"2022-05-25T12:22:06","date_gmt":"2022-05-25T10:22:06","guid":{"rendered":"https:\/\/secureus.se\/produkt\/bordslasare-access-mifare-1356-mhz-med-programmerade-systemnummer-v2\/"},"modified":"2026-04-02T09:50:56","modified_gmt":"2026-04-02T07:50:56","slug":"rfid-lasare-access-mifare-1356-mhz-med-programmerade-systemnummer-v2","status":"publish","type":"product","link":"https:\/\/secureus.se\/no\/rfid-lasare-access-mifare-1356-mhz-med-programmerade-systemnummer-v2\/","title":{"rendered":"RFID-lesertilgang Mifare - 13,56 MHz programmerbar"},"content":{"rendered":"<p><strong>MERK F\u00d8LGENDE! Ikke kompatibel med MAC!<br \/>\n<\/strong><strong>Leserne er tilgjengelige som enkelt eller kombi og du kan laste ned programvaren gratis for \u00e5 kunne programmere leserne til et hvilket som helst system du \u00f8nsker.<\/strong><br \/>\nDu velger hvilket system vi skal programmere leseren til og vi leverer den innen 1-2 virkedager.<\/p>\n<p><em><strong>Denne leseren er kun for HF og derfor bruker du ikke Frekvensvalg.<\/strong><\/em><\/p>\n<p><strong>For \u00e5 se hvilket valg du m\u00e5 ta i programvaren til systemet ditt, bruk v\u00e5r oversettelsesliste som du finner under nedlastinger.<\/strong><\/p>\n<p><strong>Leseren leveres med 2 \u00e5rs garanti.<\/strong><br \/>\nStonehouse Security har utviklet layout og programvare for alle ACCESS-lesere, den er p\u00e5litelig og rask og tilpasset det svenske markedet.<br \/>\nLeseren er tilpasset sikkerhetsmarkedet og dets sluttkunder, men ogs\u00e5 for andre applikasjoner hvor du trenger \u00e5 lese koden p\u00e5 den elektroniske brikken i din RFID-leser.<br \/>\nACCESS Bordleser bruker en USB-tilkobling og er plug and play med en allerede kodet leser.<\/p>\n<p>Trenger du hjelp til programmering, kontakt oss s\u00e5 hjelper vi deg med dette gratis.<br \/>\nLeserens programvare h\u00e5ndterer: RCO, Bewator\/Vanderbilt 8 og 13 siffer, Axema, Axema VAKA, ASSA, Aptus, Paxton.<\/p>\n<p><strong>\ud83d\udcbe Last ned programvaren:<\/strong><br \/>\n<a href=\"https:\/\/stonehouse.se\/programvaror\/ACCESS%20-%20Version%201.exe\" rel=\"noopener\">\ud83d\udce5 Versjon 1.exe<\/a><br \/>\n<a href=\"https:\/\/stonehouse.se\/programvaror\/ACCESS%20-%20Version%202.exe\" rel=\"noopener\">\ud83d\udce5 Versjon 2.exe<\/a><br \/>\n<a href=\"http:\/\/stonehouse.se\/programvaror\/ReaderSetting_Setup_3.0.0.5.exe\" rel=\"noopener\">\ud83d\udce5 Versjon 3.0.0.5.exe<\/a><\/p>","protected":false},"excerpt":{"rendered":"<p><em><strong>USB-kabel inkludert.<br \/>\nDet viktige er \u00e5 vite hvilken brikke du bruker n\u00e5r du setter opp leseren.<\/strong><\/em><\/p>","protected":false},"featured_media":163619,"template":"","meta":{"_acf_changed":false},"product_brand":[],"product_cat":[1743],"product_tag":[2405,2958],"class_list":{"0":"post-54527","1":"product","2":"type-product","3":"status-publish","4":"has-post-thumbnail","6":"product_cat-rfid-lasare","7":"product_tag-rel-rfid","8":"product_tag-stonehouse-produkt","9":"product_shipping_class-tunga-paket","10":"pa_access-lasare-mifare-mifare-mfd-aptus-9-siffror","11":"pa_access-lasare-mifare-mifare-mfr-axema-vaka-13-siffror","12":"pa_access-lasare-mifare-chippets-uid-kod","13":"pa_access-lasare-mifare-mifare-mfd-assa-10-siffror","14":"pa_access-lasare-mifare-mifare-rco-9-siffror","15":"pa_brands-stonehouse-security","16":"pa_farg-svart","17":"tm-has-options","19":"first","20":"instock","21":"sale","22":"featured","23":"taxable","24":"shipping-taxable","25":"purchasable","26":"product-type-simple"},"acf":[],"_links":{"self":[{"href":"https:\/\/secureus.se\/no\/wp-json\/wp\/v2\/product\/54527","targetHints":{"allow":["GET"]}}],"collection":[{"href":"https:\/\/secureus.se\/no\/wp-json\/wp\/v2\/product"}],"about":[{"href":"https:\/\/secureus.se\/no\/wp-json\/wp\/v2\/types\/product"}],"wp:featuredmedia":[{"embeddable":true,"href":"https:\/\/secureus.se\/no\/wp-json\/wp\/v2\/media\/163619"}],"wp:attachment":[{"href":"https:\/\/secureus.se\/no\/wp-json\/wp\/v2\/media?parent=54527"}],"wp:term":[{"taxonomy":"product_brand","embeddable":true,"href":"https:\/\/secureus.se\/no\/wp-json\/wp\/v2\/product_brand?post=54527"},{"taxonomy":"product_cat","embeddable":true,"href":"https:\/\/secureus.se\/no\/wp-json\/wp\/v2\/product_cat?post=54527"},{"taxonomy":"product_tag","embeddable":true,"href":"https:\/\/secureus.se\/no\/wp-json\/wp\/v2\/product_tag?post=54527"}],"curies":[{"name":"wp","href":"https:\/\/api.w.org\/{rel}","templated":true}]}}