{"id":55416,"date":"2022-04-25T12:15:00","date_gmt":"2022-04-25T10:15:00","guid":{"rendered":"https:\/\/secureus.se\/produkt\/exklusiv-jojo-metall-med-ring-och-clips\/"},"modified":"2026-03-16T14:59:18","modified_gmt":"2026-03-16T13:59:18","slug":"utdragbar-nyckelring-jojo-clips-metall-krom","status":"publish","type":"product","link":"https:\/\/secureus.se\/no\/utdragbar-nyckelring-jojo-clips-metall-krom\/","title":{"rendered":"Uttrekkbar n\u00f8kkelring med jojo og klips i metall - krom"},"content":{"rendered":"<h4><strong>Uttrekkbar n\u00f8kkelring med jojo og klips i metall - krom<\/strong><\/h4>\n<p>Den uttrekkbare yo-yo n\u00f8kkelringen med metallklemme er b\u00e5de slitesterk og stilig, designet for \u00e5 passe alle dine behov. Jojoen er laget av metall og utstyrt med en kraftig belteklips p\u00e5 baksiden for sikker og komfortabel feste. N\u00f8kkelringen er montert p\u00e5 et kjede med en kraftig nylonsnor, noe som gj\u00f8r den perfekt til hverdagsbruk.<\/p>\n<h4><strong>Funksjoner og fordeler<\/strong><\/h4>\n<ul>\n<li><strong>B\u00e6rekraftig design:<\/strong> Jojoen er laget av metall, som gir langvarig holdbarhet.<\/li>\n<li><strong>Sterk belteklips:<\/strong> Den solide belteklipsen p\u00e5 baksiden s\u00f8rger for at jojoen sitter trygt p\u00e5 beltet eller lommen.<\/li>\n<li><strong>Sterk kjede og nylonsnor:<\/strong> N\u00f8kkelringen er montert p\u00e5 et kjede med en slitesterk nylonsnor for ekstra slitestyrke.<\/li>\n<li><strong>Stilig kromfinish:<\/strong> Den elegante kromfargen passer b\u00e5de profesjonelle og hverdagslige milj\u00f8er.<\/li>\n<li><strong>Tilpassbar:<\/strong> Kan bestilles med din logo, enten trykt eller gravert.<\/li>\n<\/ul>\n<h4>Bruksomr\u00e5der<\/h4>\n<ul>\n<li><strong>Kontoransatt:<\/strong> Perfekt for \u00e5 ha n\u00f8kler eller ID-kort lett tilgjengelig.<\/li>\n<li><strong>Sikkerhetspersonell:<\/strong> Solid nok til \u00e5 b\u00e6re sikkerhetsutstyr eller n\u00f8kler.<\/li>\n<li><strong>Arrangementsmedarbeidere:<\/strong> Ideell for \u00e5 holde ID-kort eller adgangskort synlige og lett tilgjengelige.<\/li>\n<li><strong>Daglig bruk:<\/strong> En praktisk l\u00f8sning for alle som trenger rask og enkel tilgang til n\u00f8klene eller kortene sine.<\/li>\n<\/ul>\n<h4><strong>Tilpasningsmuligheter<\/strong><\/h4>\n<ul>\n<li><strong>Logoutskrift:<\/strong> Kan bestilles med logoen din trykt eller gravert for et personlig preg.<\/li>\n<\/ul>\n<h4><strong>Teknisk spesifikasjon<\/strong><\/h4>\n<ul>\n<li><strong>Materiale:<\/strong> Metall<\/li>\n<li><strong>Blonder:<\/strong> Nylon 70 cm<\/li>\n<li><strong>Farge:<\/strong> Chrome\/Chrome<\/li>\n<li><strong>Klipp:<\/strong> Kraftig belteklips p\u00e5 baksiden<\/li>\n<\/ul>","protected":false},"excerpt":{"rendered":"<p><strong>Uttrekkbar n\u00f8kkelring med jojo og metallklemmer.<\/strong> Slitesterk design med kraftig belteklips og sterk nylonsnor, perfekt for daglig bruk. Stilig kromfinish, kan tilpasses med trykt eller gravert logo. Ideell for kontorpersonale, sikkerhetspersonale og daglig bruk.<\/p>","protected":false},"featured_media":145815,"template":"","meta":{"_acf_changed":false},"product_brand":[],"product_cat":[1676,2901,1324],"product_tag":[2416,2958],"class_list":{"0":"post-55416","1":"product","2":"type-product","3":"status-publish","4":"has-post-thumbnail","6":"product_cat-jojos-och-nyckelringar","7":"product_cat-jojo-yoyo-alltid-i-lager","8":"product_cat-outlet","9":"product_tag-rel-rfid-tillbehor","10":"product_tag-stonehouse-produkt","11":"product_shipping_class-postnord-varubrev","12":"pa_brands-stonehouse-security","13":"pa_farg-silver","14":"pa_rfid-tillbehor-jojo","15":"tm-no-options","17":"first","18":"instock","19":"sale","20":"featured","21":"taxable","22":"shipping-taxable","23":"purchasable","24":"product-type-simple"},"acf":[],"_links":{"self":[{"href":"https:\/\/secureus.se\/no\/wp-json\/wp\/v2\/product\/55416","targetHints":{"allow":["GET"]}}],"collection":[{"href":"https:\/\/secureus.se\/no\/wp-json\/wp\/v2\/product"}],"about":[{"href":"https:\/\/secureus.se\/no\/wp-json\/wp\/v2\/types\/product"}],"wp:featuredmedia":[{"embeddable":true,"href":"https:\/\/secureus.se\/no\/wp-json\/wp\/v2\/media\/145815"}],"wp:attachment":[{"href":"https:\/\/secureus.se\/no\/wp-json\/wp\/v2\/media?parent=55416"}],"wp:term":[{"taxonomy":"product_brand","embeddable":true,"href":"https:\/\/secureus.se\/no\/wp-json\/wp\/v2\/product_brand?post=55416"},{"taxonomy":"product_cat","embeddable":true,"href":"https:\/\/secureus.se\/no\/wp-json\/wp\/v2\/product_cat?post=55416"},{"taxonomy":"product_tag","embeddable":true,"href":"https:\/\/secureus.se\/no\/wp-json\/wp\/v2\/product_tag?post=55416"}],"curies":[{"name":"wp","href":"https:\/\/api.w.org\/{rel}","templated":true}]}}