{"id":55421,"date":"2022-04-21T10:22:00","date_gmt":"2022-04-21T08:22:00","guid":{"rendered":"https:\/\/secureus.se\/produkt\/plastkort-utan-magnetremsa-inget-chip\/"},"modified":"2026-02-16T22:01:56","modified_gmt":"2026-02-16T21:01:56","slug":"plastkort-vit-cr80","status":"publish","type":"product","link":"https:\/\/secureus.se\/no\/plastkort-vit-cr80\/","title":{"rendered":"Plastkort Hvit CR80 Premium"},"content":{"rendered":"<h1>Plastkort Hvit CR80<\/h1>\n<p>Velkommen til v\u00e5r nettbutikk hvor du finner h\u00f8ykvalitets Plastkort Hvit CR80 for alle dine kortbehov!<\/p>\n<p>V\u00e5re CR80 plastkort er den perfekte l\u00f8sningen for \u00e5 lage stilige og profesjonelle visittkort, visittkort og mer. Med v\u00e5re plastkort kan du enkelt lage personlige kort med b\u00e5de bilder og tekst for \u00e5 gj\u00f8re et varig inntrykk.<\/p>\n<p>V\u00e5re CR80 plastkort er designet for \u00e5 fungere s\u00f8ml\u00f8st med kortskrivere, eller som de ofte kalles, plastkortskrivere.<\/p>\n<p>Denne kompatibiliteten gj\u00f8r det enkelt for deg \u00e5 skrive ut dine egne tilpassede kort rett fra din egen arbeidsplass eller kontor. Enten du trenger \u00e5 lage profesjonelle ID-kort, medlemskort eller noe annet, er v\u00e5re CR80 plastkort det perfekte valget.<\/p>\n<p>Plastkortene v\u00e5re er laget av h\u00f8ykvalitetsmateriale og er holdbare og robuste, noe som sikrer at de beholder kvaliteten og utseendet over tid.<\/p>\n<p>Den hvite overflaten p\u00e5 plastkortene gir en ren og profesjonell bakgrunn for design og tekst, slik at kortene dine skiller seg ut og etterlater et varig inntrykk.<\/p>\n<p>S\u00e5 enten du driver en bedrift, en organisasjon eller bare \u00f8nsker \u00e5 lage personlige kort for ulike form\u00e5l, kan du stole p\u00e5 v\u00e5re hvite CR80 plastkort for \u00e5 levere overlegen kvalitet og ytelse hver gang.<\/p>\n<p>Trenger du en RFID-brikke finnes den ogs\u00e5 i v\u00e5r butikk, kontakt oss hvis du har sp\u00f8rsm\u00e5l.<\/p>\n<p>Utforsk v\u00e5rt utvalg i dag og la dine kreative ideer ta form p\u00e5 plastkort av h\u00f8y kvalitet fra nettbutikken v\u00e5r!<\/p>","protected":false},"excerpt":{"rendered":"<p>V\u00e5re CR80 plastkort er av f\u00f8rsteklasses kvalitet. De er den perfekte l\u00f8sningen for \u00e5 lage stilige og profesjonelle visittkort, visittkort og mer.<\/p>\n<p>Med v\u00e5re plastkort kan du enkelt lage personlige kort med b\u00e5de bilder og tekst for \u00e5 gj\u00f8re et varig inntrykk.<\/p>\n<p>V\u00e5re CR80 plastkort er designet for \u00e5 fungere s\u00f8ml\u00f8st med kortskrivere, eller som de ofte kalles, plastkortskrivere.<\/p>","protected":false},"featured_media":136040,"template":"","meta":{"_acf_changed":false},"product_brand":[],"product_cat":[1711,1653,4235],"product_tag":[3077,2958],"class_list":{"0":"post-55421","1":"product","2":"type-product","3":"status-publish","4":"has-post-thumbnail","6":"product_cat-rfid-kort","7":"product_cat-gor-dina-egna-foretagskort","8":"product_cat-plastkort-utan-chip","9":"product_tag-rfid-desfire","10":"product_tag-stonehouse-produkt","11":"product_shipping_class-postnord-varubrev","12":"pa_brands-stonehouse-security","13":"pa_chip-teknik-inget-chip","14":"pa_plastkort-teknik-kort-utan-chip-endast-plastkort-for-ex-besokskort-medlemskort","15":"tm-no-options","17":"first","18":"instock","19":"sale","20":"featured","21":"taxable","22":"shipping-taxable","23":"purchasable","24":"product-type-simple"},"acf":[],"_links":{"self":[{"href":"https:\/\/secureus.se\/no\/wp-json\/wp\/v2\/product\/55421","targetHints":{"allow":["GET"]}}],"collection":[{"href":"https:\/\/secureus.se\/no\/wp-json\/wp\/v2\/product"}],"about":[{"href":"https:\/\/secureus.se\/no\/wp-json\/wp\/v2\/types\/product"}],"wp:featuredmedia":[{"embeddable":true,"href":"https:\/\/secureus.se\/no\/wp-json\/wp\/v2\/media\/136040"}],"wp:attachment":[{"href":"https:\/\/secureus.se\/no\/wp-json\/wp\/v2\/media?parent=55421"}],"wp:term":[{"taxonomy":"product_brand","embeddable":true,"href":"https:\/\/secureus.se\/no\/wp-json\/wp\/v2\/product_brand?post=55421"},{"taxonomy":"product_cat","embeddable":true,"href":"https:\/\/secureus.se\/no\/wp-json\/wp\/v2\/product_cat?post=55421"},{"taxonomy":"product_tag","embeddable":true,"href":"https:\/\/secureus.se\/no\/wp-json\/wp\/v2\/product_tag?post=55421"}],"curies":[{"name":"wp","href":"https:\/\/api.w.org\/{rel}","templated":true}]}}