{"id":55602,"date":"2022-04-08T12:23:00","date_gmt":"2022-04-08T10:23:00","guid":{"rendered":"https:\/\/secureus.se\/produkt\/powerseries-pc1864-pcb\/"},"modified":"2026-01-06T20:49:27","modified_gmt":"2026-01-06T19:49:27","slug":"dsc-powerseries-1864-control-panel","status":"publish","type":"product","link":"https:\/\/secureus.se\/no\/dsc-powerseries-1864-control-panel\/","title":{"rendered":"DSC PowerSeries 1864 kontrollpanel (dette produktet er utg\u00e5tt av sortimentet)"},"content":{"rendered":"<p><strong>DSC Power Series 1864<\/strong> er et kraftig sentralbord som utgj\u00f8r kjernen i DSC PowerSeries alarmer.<\/p>\n<p>Med sin grunnleggende konfigurasjon p\u00e5 8 soner kan systemet enkelt utvides til 64 faste soner og ytterligere 64 tr\u00e5dl\u00f8se soner, noe som gir maksimal fleksibilitet og tilpasning for ulike sikkerhetsbehov.<\/p>\n<p>Den er designet for \u00e5 st\u00f8tte opptil 8 overv\u00e5kede tastaturer og kan h\u00e5ndtere 8 partisjoner, noe som muliggj\u00f8r komplekse og skreddersydde sikkerhetsl\u00f8sninger for b\u00e5de bolig- og kommersielle applikasjoner.<\/p>\n<p>Med 4 programmerbare PGM-utganger, som kan utvides til 14 med PC5204 eller PC5208, lar DSC PowerSeries 1864 brukere enkelt kontrollere eksterne enheter og systemer.<\/p>\n<p>Den har en hendelsesbuffer p\u00e5 500 hendelser og st\u00f8tter opptil 95 brukerkoder, noe som gj\u00f8r den ideell for store installasjoner der flere brukere trenger tilgang.<\/p>\n<p>Den er CP-01-kompatibel og st\u00f8tter tr\u00e5dl\u00f8se tastaturer via TR5164-433 transceiver, noe som gir ekstra brukervennlighet og sikkerhet.<\/p>\n<p>Med sin robuste design og avanserte funksjoner er DSC PowerSeries 1864 et p\u00e5litelig valg for alle som leter etter en effektiv og allsidig sikkerhetsl\u00f8sning.<\/p>","protected":false},"excerpt":{"rendered":"<p>DSC PowerSeries 1864 er et PCB sentralkort med 8 soner og utvidelsesmuligheter for opptil 64 soner, ideelt for avanserte sikkerhetssystemer.<\/p>","protected":false},"featured_media":144417,"template":"","meta":{"_acf_changed":false},"product_brand":[],"product_cat":[3330,1322],"product_tag":[3311,3027],"class_list":{"0":"post-55602","1":"product","2":"type-product","3":"status-publish","4":"has-post-thumbnail","6":"product_cat-powerseries-1616-1864","7":"product_cat-dsc-larm-neo-power-hybridlarm","8":"product_tag-dsc-neo-svensk-manual","9":"product_tag-power-pc1616-1864-aldre-versionen-av-neo","10":"product_shipping_class-postnord-varubrev","11":"pa_brands-4dsc","12":"pa_dsc-neo-hybridlarm-power-pc1616-1864-aldre-version-av-neo","13":"tm-has-options","15":"first","16":"outofstock","17":"sale","18":"featured","19":"taxable","20":"shipping-taxable","21":"purchasable","22":"product-type-simple"},"acf":[],"_links":{"self":[{"href":"https:\/\/secureus.se\/no\/wp-json\/wp\/v2\/product\/55602","targetHints":{"allow":["GET"]}}],"collection":[{"href":"https:\/\/secureus.se\/no\/wp-json\/wp\/v2\/product"}],"about":[{"href":"https:\/\/secureus.se\/no\/wp-json\/wp\/v2\/types\/product"}],"wp:featuredmedia":[{"embeddable":true,"href":"https:\/\/secureus.se\/no\/wp-json\/wp\/v2\/media\/144417"}],"wp:attachment":[{"href":"https:\/\/secureus.se\/no\/wp-json\/wp\/v2\/media?parent=55602"}],"wp:term":[{"taxonomy":"product_brand","embeddable":true,"href":"https:\/\/secureus.se\/no\/wp-json\/wp\/v2\/product_brand?post=55602"},{"taxonomy":"product_cat","embeddable":true,"href":"https:\/\/secureus.se\/no\/wp-json\/wp\/v2\/product_cat?post=55602"},{"taxonomy":"product_tag","embeddable":true,"href":"https:\/\/secureus.se\/no\/wp-json\/wp\/v2\/product_tag?post=55602"}],"curies":[{"name":"wp","href":"https:\/\/api.w.org\/{rel}","templated":true}]}}