{"id":55603,"date":"2022-04-08T12:21:00","date_gmt":"2022-04-08T10:21:00","guid":{"rendered":"https:\/\/secureus.se\/produkt\/powerseries-pc1616-pcb\/"},"modified":"2026-01-06T20:49:05","modified_gmt":"2026-01-06T19:49:05","slug":"dsc-powerseries-1616-control-panel","status":"publish","type":"product","link":"https:\/\/secureus.se\/no\/dsc-powerseries-1616-control-panel\/","title":{"rendered":"DSC PowerSeries 1616 kontrollpanel (dette produktet er utg\u00e5tt av sortimentet)"},"content":{"rendered":"<p><strong>DSC Power Series 1616<\/strong> er et robust og fleksibelt kontrollpanel som er en del av DSC PowerSeries-serien, utviklet f\u00f8r DSC NEO.<\/p>\n<p>Med sin grunnleggende konfigurasjon p\u00e5 6 soner p\u00e5 hovedkortet kan systemet enkelt utvides til 16 faste soner og st\u00f8tte opptil 32 tr\u00e5dl\u00f8se soner.<\/p>\n<p>Dette gj\u00f8r PowerSeries 1616 til et utmerket valg for b\u00e5de hjem og bedrifter som krever en tilpassbar sikkerhetsl\u00f8sning.<\/p>\n<p>Dette kontrollpanelet har mulighet for to omr\u00e5der, noe som gj\u00f8r det mulig \u00e5 administrere separate sikkerhetssystemer innenfor samme installasjon.<\/p>\n<p>Med en hendelsesbuffer p\u00e5 500 hendelser og st\u00f8tte for opptil 97 brukerkoder, gir den b\u00e5de sikkerhet og fleksibilitet for flere brukere.<\/p>\n<p>PowerSeries 1616 har to programmerbare PGM-utganger som kan utvides til 14 med PC5204 eller PC5208, noe som gir ekstra kontroll over eksterne enheter.<\/p>\n<p>Panelet st\u00f8tter opptil 8 overv\u00e5kede tastaturer og er kompatibelt med tr\u00e5dl\u00f8se tastaturer via TR5164-433 transceiver, noe som gj\u00f8r installasjonen enkel og effektiv.<\/p>\n<p>PowerSeries 1616 er CP-01-kompatibel og gir en p\u00e5litelig l\u00f8sning for det moderne sikkerhetsmarkedet.<\/p>","protected":false},"excerpt":{"rendered":"<p>DSC PowerSeries 1616 er et allsidig kontrollpanel med st\u00f8tte for 6-16 soner, ideelt for sikkerhetssystemer med opptil 32 tr\u00e5dl\u00f8se soner.<\/p>\n<p>&nbsp;<\/p>","protected":false},"featured_media":145176,"template":"","meta":{"_acf_changed":false},"product_brand":[],"product_cat":[3330,1322],"product_tag":[3311,3027],"class_list":{"0":"post-55603","1":"product","2":"type-product","3":"status-publish","4":"has-post-thumbnail","6":"product_cat-powerseries-1616-1864","7":"product_cat-dsc-larm-neo-power-hybridlarm","8":"product_tag-dsc-neo-svensk-manual","9":"product_tag-power-pc1616-1864-aldre-versionen-av-neo","10":"product_shipping_class-postnord-varubrev","11":"pa_brands-4dsc","12":"pa_dsc-neo-hybridlarm-power-pc1616-1864-aldre-version-av-neo","13":"tm-has-options","15":"first","16":"outofstock","17":"sale","18":"featured","19":"taxable","20":"shipping-taxable","21":"purchasable","22":"product-type-simple"},"acf":[],"_links":{"self":[{"href":"https:\/\/secureus.se\/no\/wp-json\/wp\/v2\/product\/55603","targetHints":{"allow":["GET"]}}],"collection":[{"href":"https:\/\/secureus.se\/no\/wp-json\/wp\/v2\/product"}],"about":[{"href":"https:\/\/secureus.se\/no\/wp-json\/wp\/v2\/types\/product"}],"wp:featuredmedia":[{"embeddable":true,"href":"https:\/\/secureus.se\/no\/wp-json\/wp\/v2\/media\/145176"}],"wp:attachment":[{"href":"https:\/\/secureus.se\/no\/wp-json\/wp\/v2\/media?parent=55603"}],"wp:term":[{"taxonomy":"product_brand","embeddable":true,"href":"https:\/\/secureus.se\/no\/wp-json\/wp\/v2\/product_brand?post=55603"},{"taxonomy":"product_cat","embeddable":true,"href":"https:\/\/secureus.se\/no\/wp-json\/wp\/v2\/product_cat?post=55603"},{"taxonomy":"product_tag","embeddable":true,"href":"https:\/\/secureus.se\/no\/wp-json\/wp\/v2\/product_tag?post=55603"}],"curies":[{"name":"wp","href":"https:\/\/api.w.org\/{rel}","templated":true}]}}