{"id":55604,"date":"2022-04-08T12:19:00","date_gmt":"2022-04-08T10:19:00","guid":{"rendered":"https:\/\/secureus.se\/produkt\/powerseries-zone-expander-pc5108\/"},"modified":"2026-02-23T10:03:15","modified_gmt":"2026-02-23T09:03:15","slug":"dsc-hardwire-zone-expander-pc5108","status":"publish","type":"product","link":"https:\/\/secureus.se\/no\/dsc-hardwire-zone-expander-pc5108\/","title":{"rendered":"DSC Hardwire Zone Expander PowerSeries PC5108"},"content":{"rendered":"<p><strong>DSC Hardwire Zone Expander PC5108<\/strong> er et kraftig utvidelseskort som lar opptil 8 ekstra maskinvaresoner kobles til DSC PowerSeries alarmsystemer.<\/p>\n<p>Designet for bruk med PC1616, PC1832 og PC1864 kontrollpaneler, gir dette kortet fleksibiliteten til \u00e5 integrere ulike typer alarmer, inkludert detektorer, glassbrudddetektorer og magnetiske kontakter.<\/p>\n<p>Med en forsyningsspenning p\u00e5 12 V DC og AUX-str\u00f8mforsyning som gir 125 mA (PTC-beskyttet), tilbyr PC5108 en p\u00e5litelig l\u00f8sning for \u00e5 utvide sikkerhetssystemets evner.<\/p>\n<p>Installasjonen av dette kortet er enkelt og effektivt, noe som gj\u00f8r det til et utmerket valg for \u00e5 forbedre sikkerheten i b\u00e5de bolig- og kommersielle milj\u00f8er.<\/p>\n<p>Det er viktig \u00e5 merke seg at dette utvidelseskortet ikke er kompatibelt med DSC NEO-systemet, men er spesielt utviklet for DSC PowerSeries-l\u00f8sninger.<\/p>\n<p>Med PC5108 kan brukere sikre at alarmdetektorene deres er riktig tilkoblet og at sikkerhetssystemet fungerer p\u00e5 sitt beste.<\/p>","protected":false},"excerpt":{"rendered":"<p>DSC Hardwire Zone Expander PC5108 er et 8-soners utvidelseskort som brukes til \u00e5 koble alarmdetektorer til DSC PowerSeries-systemer.<\/p>","protected":false},"featured_media":145182,"template":"","meta":{"_acf_changed":false},"product_brand":[],"product_cat":[3330,1322],"product_tag":[3311,3027],"class_list":{"0":"post-55604","1":"product","2":"type-product","3":"status-publish","4":"has-post-thumbnail","6":"product_cat-powerseries-1616-1864","7":"product_cat-dsc-larm-neo-power-hybridlarm","8":"product_tag-dsc-neo-svensk-manual","9":"product_tag-power-pc1616-1864-aldre-versionen-av-neo","10":"product_shipping_class-postnord-varubrev","11":"pa_brands-4dsc","12":"pa_dsc-neo-hybridlarm-power-pc1616-1864-aldre-version-av-neo","13":"tm-has-options","15":"first","16":"instock","17":"sale","18":"featured","19":"taxable","20":"shipping-taxable","21":"purchasable","22":"product-type-simple"},"acf":[],"_links":{"self":[{"href":"https:\/\/secureus.se\/no\/wp-json\/wp\/v2\/product\/55604","targetHints":{"allow":["GET"]}}],"collection":[{"href":"https:\/\/secureus.se\/no\/wp-json\/wp\/v2\/product"}],"about":[{"href":"https:\/\/secureus.se\/no\/wp-json\/wp\/v2\/types\/product"}],"wp:featuredmedia":[{"embeddable":true,"href":"https:\/\/secureus.se\/no\/wp-json\/wp\/v2\/media\/145182"}],"wp:attachment":[{"href":"https:\/\/secureus.se\/no\/wp-json\/wp\/v2\/media?parent=55604"}],"wp:term":[{"taxonomy":"product_brand","embeddable":true,"href":"https:\/\/secureus.se\/no\/wp-json\/wp\/v2\/product_brand?post=55604"},{"taxonomy":"product_cat","embeddable":true,"href":"https:\/\/secureus.se\/no\/wp-json\/wp\/v2\/product_cat?post=55604"},{"taxonomy":"product_tag","embeddable":true,"href":"https:\/\/secureus.se\/no\/wp-json\/wp\/v2\/product_tag?post=55604"}],"curies":[{"name":"wp","href":"https:\/\/api.w.org\/{rel}","templated":true}]}}