{"id":56466,"date":"2022-03-11T07:53:00","date_gmt":"2022-03-11T06:53:00","guid":{"rendered":"https:\/\/secureus.se\/produkt\/usb-8gb-gron-med-er-logo\/"},"modified":"2026-03-10T11:25:40","modified_gmt":"2026-03-10T10:25:40","slug":"usb-8gb-gron-med-er-logo","status":"publish","type":"product","link":"https:\/\/secureus.se\/no\/usb-8gb-gron-med-er-logo\/","title":{"rendered":"USB-pinne 8GB Gr\u00f8nn - Gratis fargelogo"},"content":{"rendered":"<div>\n<p>Her har du USB-minne til din dokumentasjon eller til dine kunder eller innad i bedriften samt &quot;giveaways&quot;.<\/p>\n<p>Vi produserer disse p\u00e5 fabrikken i henhold til din bestilling og det tar ca 14-20 virkedager \u00e5 produsere dem i henhold til bestilling.<\/p>\n<\/div>\n<div>V\u00e6r oppmerksom p\u00e5 at du m\u00e5 sende oss din logo og siden det er en designartikkel, vil vi komme tilbake til deg med korrekturforslag f\u00f8r vi starter produksjonen.<\/div>","protected":false},"excerpt":{"rendered":"<p>Her har du USB-minne til din dokumentasjon eller til dine kunder eller innad i bedriften samt &quot;giveaways&quot;. Vi produserer disse p\u00e5 fabrikken i henhold til din bestilling og det tar ca<\/p>","protected":false},"featured_media":144525,"template":"","meta":{"_acf_changed":false},"product_brand":[],"product_cat":[1824],"product_tag":[2916,2958],"class_list":{"0":"post-56466","1":"product","2":"type-product","3":"status-publish","4":"has-post-thumbnail","6":"product_cat-usb-minnen-logo-minneskort","7":"product_tag-8-gb","8":"product_tag-stonehouse-produkt","9":"product_shipping_class-postnord-varubrev","10":"pa_brands-stonehouse-security","11":"pa_farg-gron","12":"tm-has-options","14":"first","15":"onbackorder","16":"sale","17":"featured","18":"taxable","19":"shipping-taxable","20":"purchasable","21":"product-type-simple"},"acf":[],"_links":{"self":[{"href":"https:\/\/secureus.se\/no\/wp-json\/wp\/v2\/product\/56466","targetHints":{"allow":["GET"]}}],"collection":[{"href":"https:\/\/secureus.se\/no\/wp-json\/wp\/v2\/product"}],"about":[{"href":"https:\/\/secureus.se\/no\/wp-json\/wp\/v2\/types\/product"}],"wp:featuredmedia":[{"embeddable":true,"href":"https:\/\/secureus.se\/no\/wp-json\/wp\/v2\/media\/144525"}],"wp:attachment":[{"href":"https:\/\/secureus.se\/no\/wp-json\/wp\/v2\/media?parent=56466"}],"wp:term":[{"taxonomy":"product_brand","embeddable":true,"href":"https:\/\/secureus.se\/no\/wp-json\/wp\/v2\/product_brand?post=56466"},{"taxonomy":"product_cat","embeddable":true,"href":"https:\/\/secureus.se\/no\/wp-json\/wp\/v2\/product_cat?post=56466"},{"taxonomy":"product_tag","embeddable":true,"href":"https:\/\/secureus.se\/no\/wp-json\/wp\/v2\/product_tag?post=56466"}],"curies":[{"name":"wp","href":"https:\/\/api.w.org\/{rel}","templated":true}]}}