{"id":56525,"date":"2022-03-11T07:13:00","date_gmt":"2022-03-11T06:13:00","guid":{"rendered":"https:\/\/secureus.se\/produkt\/oppnaknapp-touch-standard-metall\/"},"modified":"2025-12-31T19:49:19","modified_gmt":"2025-12-31T18:49:19","slug":"oppnaknapp-touch-standard-metall","status":"publish","type":"product","link":"https:\/\/secureus.se\/no\/oppnaknapp-touch-standard-metall\/","title":{"rendered":"\u00c5pneknapp Ber\u00f8ringsstandard - Metall, 12\u201324 V, IP65, CE\/ROHS"},"content":{"rendered":"<p data-start=\"806\" data-end=\"1128\"><strong data-start=\"806\" data-end=\"844\">\u00c5pne-knapp Trykk p\u00e5 Standard \u2013 Metall<\/strong> er en slitesterk og moderne \u00e5pneknapp for alarmer, d\u00f8rkontroll og adgangskontrollsystemer.<br data-start=\"931\" data-end=\"934\" \/>Knappen aktiveres enkelt ved ber\u00f8ring \u2013 det kreves ikke mekanisk trykk. N\u00e5r knappen aktiveres, kobler rel\u00e9et med en tydelig klikkelyd og en <strong data-start=\"1074\" data-end=\"1097\">gr\u00f8nn LED-indikasjon<\/strong> lyser opp som visuell bekreftelse.<\/p>\n<p data-start=\"1130\" data-end=\"1380\">Knappen er bygget for \u00e5 t\u00e5le t\u00f8ffe milj\u00f8er og langvarig bruk \u2013 opptil <strong data-start=\"1211\" data-end=\"1235\">500 000 aktiveringer<\/strong>.<br data-start=\"1236\" data-end=\"1239\" \/>Hylsteret er laget av <strong data-start=\"1262\" data-end=\"1291\">Sinklegering<\/strong> og alle interne komponenter er <strong data-start=\"1324\" data-end=\"1339\">epoksyfylt<\/strong> for \u00e5 motst\u00e5 fuktighet, st\u00f8v og slitasje.<\/p>\n<h3 data-start=\"1382\" data-end=\"1400\"><strong data-start=\"1386\" data-end=\"1400\">Kjennetegn<\/strong><\/h3>\n<ul data-start=\"1401\" data-end=\"1855\">\n<li data-start=\"1401\" data-end=\"1458\">\n<p data-start=\"1403\" data-end=\"1458\">Ber\u00f8ringsaktivert \u2013 ingen mekanisk knapp<\/p>\n<\/li>\n<li data-start=\"1459\" data-end=\"1496\">\n<p data-start=\"1461\" data-end=\"1496\">Opptil <strong data-start=\"1470\" data-end=\"1494\">500 000 aktiveringer<\/strong><\/p>\n<\/li>\n<li data-start=\"1497\" data-end=\"1524\">\n<p data-start=\"1499\" data-end=\"1524\">Spenning: <strong data-start=\"1509\" data-end=\"1522\">12\u201324 V likestr\u00f8m<\/strong><\/p>\n<\/li>\n<li data-start=\"1525\" data-end=\"1562\">\n<p data-start=\"1527\" data-end=\"1562\">Rel\u00e9utgang: <strong data-start=\"1539\" data-end=\"1560\">opptil 36V \/ 3A<\/strong><\/p>\n<\/li>\n<li data-start=\"1563\" data-end=\"1600\">\n<p data-start=\"1565\" data-end=\"1600\">Materiale: <strong data-start=\"1575\" data-end=\"1598\">Metall (sinklegering)<\/strong><\/p>\n<\/li>\n<li data-start=\"1601\" data-end=\"1641\">\n<p data-start=\"1603\" data-end=\"1641\"><strong data-start=\"1603\" data-end=\"1620\">Epoxyfylling<\/strong> for beskyttelse mot fuktighet<\/p>\n<\/li>\n<li data-start=\"1642\" data-end=\"1692\">\n<p data-start=\"1644\" data-end=\"1692\"><strong data-start=\"1644\" data-end=\"1660\">IP65-klassifisert<\/strong> \u2013 spylesikker mot vanninntrengning<\/p>\n<\/li>\n<li data-start=\"1693\" data-end=\"1725\">\n<p data-start=\"1695\" data-end=\"1725\"><strong data-start=\"1695\" data-end=\"1723\">CE- og ROHS-sertifisert<\/strong><\/p>\n<\/li>\n<li data-start=\"1726\" data-end=\"1789\">\n<p data-start=\"1728\" data-end=\"1789\">Enkel installasjon med inkludert bunnplate og 1 skrue<\/p>\n<\/li>\n<li data-start=\"1790\" data-end=\"1855\">\n<p data-start=\"1792\" data-end=\"1855\">Passer til de fleste d\u00f8rkontrollsystemer, alarmer og adgangskontroller<\/p>\n<\/li>\n<\/ul>\n<h3 data-start=\"1857\" data-end=\"1874\"><strong data-start=\"1861\" data-end=\"1874\">Montering<\/strong><\/h3>\n<p data-start=\"1875\" data-end=\"2109\">Knappen installeres raskt ved \u00e5 l\u00f8sne bunnplaten med en skrue, feste platen til veggen og deretter koble til kablene. N\u00e5r ledningene er koblet til, klikker knappen ganske enkelt p\u00e5 plass igjen \u2013 <strong data-start=\"2057\" data-end=\"2108\">ingen programmering eller spesialverkt\u00f8y kreves<\/strong>.<\/p>","protected":false},"excerpt":{"rendered":"<p>Robust metall\u00e5pnerknapp for alarm- og adgangskontrollsystemer.<br data-start=\"567\" data-end=\"570\" \/>Aktiveres ved ber\u00f8ring \u2013 ikke n\u00f8dvendig med trykk.<br data-start=\"614\" data-end=\"617\" \/>IP65-klassifisert, 12\u201324V drift, opptil <strong data-start=\"654\" data-end=\"678\">500 000 aktiveringer<\/strong>.<br data-start=\"679\" data-end=\"682\" \/>Laget av slitesterkt <strong data-start=\"705\" data-end=\"721\">sinklegering<\/strong> med epoksyfyll for maksimal fuktighetsbeskyttelse.<\/p>","protected":false},"featured_media":159126,"template":"","meta":{"_acf_changed":false},"product_brand":[],"product_cat":[4867],"product_tag":[3068,2937,2958],"class_list":{"0":"post-56525","1":"product","2":"type-product","3":"status-publish","4":"has-post-thumbnail","6":"product_cat-oppnaknappar-kategorier","7":"product_tag-oppnaknapp-beroringsfria","8":"product_tag-oppnaknappar","9":"product_tag-stonehouse-produkt","10":"product_shipping_class-postnord-varubrev","11":"pa_brands-stonehouse-security","12":"tm-no-options","14":"first","15":"instock","16":"sale","17":"featured","18":"taxable","19":"shipping-taxable","20":"purchasable","21":"product-type-simple"},"acf":[],"_links":{"self":[{"href":"https:\/\/secureus.se\/no\/wp-json\/wp\/v2\/product\/56525","targetHints":{"allow":["GET"]}}],"collection":[{"href":"https:\/\/secureus.se\/no\/wp-json\/wp\/v2\/product"}],"about":[{"href":"https:\/\/secureus.se\/no\/wp-json\/wp\/v2\/types\/product"}],"wp:featuredmedia":[{"embeddable":true,"href":"https:\/\/secureus.se\/no\/wp-json\/wp\/v2\/media\/159126"}],"wp:attachment":[{"href":"https:\/\/secureus.se\/no\/wp-json\/wp\/v2\/media?parent=56525"}],"wp:term":[{"taxonomy":"product_brand","embeddable":true,"href":"https:\/\/secureus.se\/no\/wp-json\/wp\/v2\/product_brand?post=56525"},{"taxonomy":"product_cat","embeddable":true,"href":"https:\/\/secureus.se\/no\/wp-json\/wp\/v2\/product_cat?post=56525"},{"taxonomy":"product_tag","embeddable":true,"href":"https:\/\/secureus.se\/no\/wp-json\/wp\/v2\/product_tag?post=56525"}],"curies":[{"name":"wp","href":"https:\/\/api.w.org\/{rel}","templated":true}]}}