{"id":56540,"date":"2022-03-11T07:13:00","date_gmt":"2022-03-11T06:13:00","guid":{"rendered":"https:\/\/secureus.se\/produkt\/stonehouse-larmbox-10-par-slits-skruv\/"},"modified":"2025-12-31T19:54:27","modified_gmt":"2025-12-31T18:54:27","slug":"stonehouse-larmbox-10-par-slits-skruv","status":"publish","type":"product","link":"https:\/\/secureus.se\/no\/stonehouse-larmbox-10-par-slits-skruv\/","title":{"rendered":"Stonehouse Alarmboks 10-par spor\/skrue"},"content":{"rendered":"<p>10-pars alarmboks med separat tilkoblingsterminal for innkommende matekabel.<\/p>\n<p>Separat rekkeklemme for sabotasjekontakt og skjerm.<\/p>\n<p>Sportilkobling inn og skrutilkobling ut. Leverand\u00f8r: Steinhus<\/p>\n<p>V\u00e6r oppmerksom p\u00e5 at du ogs\u00e5 kan ha tall eller logoen din gravert p\u00e5 esken i henhold til alternativene nedenfor.<\/p>\n<p>Tilkobling: Spor \/ skrue<\/p>\n<p>Stangpar: 10<\/p>\n<p>M\u00e5l: 133x72x50 mm<\/p>","protected":false},"excerpt":{"rendered":"<p>10 par alarmer og telebokser til Sveriges laveste priser - For Professionals from Professionals<\/p>","protected":false},"featured_media":144832,"template":"","meta":{"_acf_changed":false},"product_brand":[],"product_cat":[1547],"product_tag":[2205,2989,2421,2958],"class_list":{"0":"post-56540","1":"product","2":"type-product","3":"status-publish","4":"has-post-thumbnail","6":"product_cat-plint-larm-telebox","7":"product_tag-box-larmbox-larmplint","8":"product_tag-egen-logo-ej-taggar-kort","9":"product_tag-rel-installationstillbehor","10":"product_tag-stonehouse-produkt","11":"product_shipping_class-postnord-varubrev","12":"pa_brands-stonehouse-security","13":"tm-no-options","15":"first","16":"instock","17":"sale","18":"featured","19":"taxable","20":"shipping-taxable","21":"purchasable","22":"product-type-simple"},"acf":[],"_links":{"self":[{"href":"https:\/\/secureus.se\/no\/wp-json\/wp\/v2\/product\/56540","targetHints":{"allow":["GET"]}}],"collection":[{"href":"https:\/\/secureus.se\/no\/wp-json\/wp\/v2\/product"}],"about":[{"href":"https:\/\/secureus.se\/no\/wp-json\/wp\/v2\/types\/product"}],"wp:featuredmedia":[{"embeddable":true,"href":"https:\/\/secureus.se\/no\/wp-json\/wp\/v2\/media\/144832"}],"wp:attachment":[{"href":"https:\/\/secureus.se\/no\/wp-json\/wp\/v2\/media?parent=56540"}],"wp:term":[{"taxonomy":"product_brand","embeddable":true,"href":"https:\/\/secureus.se\/no\/wp-json\/wp\/v2\/product_brand?post=56540"},{"taxonomy":"product_cat","embeddable":true,"href":"https:\/\/secureus.se\/no\/wp-json\/wp\/v2\/product_cat?post=56540"},{"taxonomy":"product_tag","embeddable":true,"href":"https:\/\/secureus.se\/no\/wp-json\/wp\/v2\/product_tag?post=56540"}],"curies":[{"name":"wp","href":"https:\/\/api.w.org\/{rel}","templated":true}]}}