{"id":56550,"date":"2022-03-11T07:13:00","date_gmt":"2022-03-11T06:13:00","guid":{"rendered":"https:\/\/secureus.se\/produkt\/kopplingsdosa-18-skruvar-25-mm2-sabotage\/"},"modified":"2025-12-31T20:01:46","modified_gmt":"2025-12-31T19:01:46","slug":"kopplingsdosa-mz-2-l18-skruvar","status":"publish","type":"product","link":"https:\/\/secureus.se\/no\/kopplingsdosa-mz-2-l18-skruvar\/","title":{"rendered":"Koblingsboks MZ-2 L 18 skruer 2,5 mm2 + sabotasje"},"content":{"rendered":"<h1>MZ-2 L \u2013 Koblingsboks med 18 skruer og sabotasjebeskyttelse<\/h1>\n<p>MZ-2 L fra SATEL er en universell koblingsboks som kombinerer fleksibilitet og sikkerhet for dine lavspentinstallasjoner.<\/p>\n<p>Med sine 18 nummererte skrueterminaler muliggj\u00f8r den enkel og organisert tilkobling av elektriske ledninger i sikkerhetsalarmsystemer og andre applikasjoner.<\/p>\n<p>Den er designet for \u00e5 m\u00f8te de h\u00f8yeste standardene, med en innebygd sabotasjebryter som sikrer at uautorisert tilgang oppdages umiddelbart.<\/p>\n<p>Den robuste konstruksjonen og den enkle installasjonen gj\u00f8r den ideell for b\u00e5de bolig- og n\u00e6ringsbygg.<\/p>\n<p><strong>Funksjoner og fordeler:<\/strong><\/p>\n<ul>\n<li><strong>18 skrueterminaler:<\/strong> Enkel identifikasjon og tilkobling av kabler.<\/li>\n<li><strong>Sabotasjebryter:<\/strong> Gir et ekstra lag med sikkerhet.<\/li>\n<li><strong>H\u00f8y kapasitet:<\/strong> H\u00e5ndterer opptil 24V AC\/DC og 500 mA.<\/li>\n<li><strong>Nummererte terminaler:<\/strong> For rask og n\u00f8yaktig identifikasjon.<\/li>\n<li><strong>Enkel \u00e5 installere:<\/strong> For innend\u00f8rs bruk med rask montering.<\/li>\n<\/ul>\n<p>Enten for sikkerhetssystemer eller andre elektriske installasjoner, tilbyr MZ-2 L p\u00e5litelighet og sikkerhet i hver detalj.<\/p>","protected":false},"excerpt":{"rendered":"<p>MZ-2 L koblingsboks med 18 skruklemmer for lavspenningsinstallasjoner.<\/p>\n<p>Perfekt for sikkerhetsalarmsystemer, med sabotasjebryter for ekstra beskyttelse og enkel identifikasjon.<\/p>","protected":false},"featured_media":145012,"template":"","meta":{"_acf_changed":false},"product_brand":[],"product_cat":[1545],"product_tag":[2220,2417,2421],"class_list":{"0":"post-56550","1":"product","2":"type-product","3":"status-publish","4":"has-post-thumbnail","6":"product_cat-kopplingsdosa-larmdosa","7":"product_tag-dosor-rekommenderade-lagt-pris","8":"product_tag-rel-abloy-ellas","9":"product_tag-rel-installationstillbehor","10":"product_shipping_class-postnord-varubrev","11":"pa_brands-satel","12":"tm-no-options","14":"first","15":"instock","16":"sale","17":"featured","18":"taxable","19":"shipping-taxable","20":"purchasable","21":"product-type-simple"},"acf":[],"_links":{"self":[{"href":"https:\/\/secureus.se\/no\/wp-json\/wp\/v2\/product\/56550","targetHints":{"allow":["GET"]}}],"collection":[{"href":"https:\/\/secureus.se\/no\/wp-json\/wp\/v2\/product"}],"about":[{"href":"https:\/\/secureus.se\/no\/wp-json\/wp\/v2\/types\/product"}],"wp:featuredmedia":[{"embeddable":true,"href":"https:\/\/secureus.se\/no\/wp-json\/wp\/v2\/media\/145012"}],"wp:attachment":[{"href":"https:\/\/secureus.se\/no\/wp-json\/wp\/v2\/media?parent=56550"}],"wp:term":[{"taxonomy":"product_brand","embeddable":true,"href":"https:\/\/secureus.se\/no\/wp-json\/wp\/v2\/product_brand?post=56550"},{"taxonomy":"product_cat","embeddable":true,"href":"https:\/\/secureus.se\/no\/wp-json\/wp\/v2\/product_cat?post=56550"},{"taxonomy":"product_tag","embeddable":true,"href":"https:\/\/secureus.se\/no\/wp-json\/wp\/v2\/product_tag?post=56550"}],"curies":[{"name":"wp","href":"https:\/\/api.w.org\/{rel}","templated":true}]}}