{"id":56716,"date":"2022-03-10T16:26:00","date_gmt":"2022-03-10T15:26:00","guid":{"rendered":"https:\/\/secureus.se\/produkt\/tagg-kombi-abs-pro-em4200-mifare4k-farg-svart\/"},"modified":"2026-03-27T14:28:35","modified_gmt":"2026-03-27T13:28:35","slug":"kombitagg-em-mifare4k-sv-pro","status":"publish","type":"product","link":"https:\/\/secureus.se\/no\/kombitagg-em-mifare4k-sv-pro\/","title":{"rendered":"Kombinasjonstag EM4200 + Mifare4k\u00ae Svart \u2013 Pro"},"content":{"rendered":"<h1>Kombinasjonstag ABS Pro EM4200\/Mifare4k<\/h1>\n<h3><strong>Alarm Passkontroll - Bestilling - Bes\u00f8k<\/strong><\/h3>\n<div>\n<p><strong>Velg dine egne systemnumre for b\u00e5de EM4200 (4305, 4102 og 4200) og Mifare4k<\/strong><\/p>\n<\/div>\n<p>Denne taggen fungerer i alle systemer som bruker EM- og Mifare-teknologi, inkludert RCO, Bewator\/Vanderbilt, Aptus, ASSA ARX og andre typer systemer,<\/p>\n<p>f.eks bes\u00f8kssystem eller p\u00e5logging til datamaskiner\/skrivere.<\/p>\n<p>V\u00e5r &quot;ABS Pro&quot; er laget for \u00e5 m\u00f8te de mest krevende behovene innen sikkerhet og identifikasjon.<\/p>\n<p>Med sin robuste konstruksjon i ABS-materiale og tynn profil p\u00e5 kun 2,9 mm gir den en perfekt balanse mellom holdbarhet og eleganse.<\/p>\n<p>Den rene finishen gj\u00f8r den ideell for gravering med standardnummer eller inkludert logoen din, enten gjennom gravert eller farget finish.<\/p>\n<p>Enten du trenger et p\u00e5litelig produkt for tilgangssystemer, bes\u00f8kssystemer, booking, alarmer, billadere, lagerstyring eller andre applikasjoner,<\/p>\n<p>da er v\u00e5r &quot;ABS Pro&quot; det perfekte valget.<\/p>\n<p>Den finnes i mange varianter og vi kan ogs\u00e5 produsere den med eget valg av brikke.<\/p>\n<p>Standard i dag for tilgangstagger er: EM4200, Mifare1k, kombinasjonen av Mifare1k og EM4200, Mifare4k, kombinasjonen av Mifare4k og EM4200, samt DESFire,<\/p>\n<p>du kan skreddersy l\u00f8sningen for \u00e5 passe dine spesifikke behov.<\/p>\n<p>Vi forst\u00e5r viktigheten av \u00e5 levere RFID-brikker av h\u00f8y kvalitet som oppfyller dagens krav og forventninger.<\/p>\n<p>Det er derfor vi streber etter \u00e5 tilby den beste teknologien og kompatibiliteten for \u00e5 forbedre sikkerheten og effektiviteten til systemene dine.<\/p>\n<h3><strong>Tilpasset unike prosjekter - Kombi tag<\/strong><\/h3>\n<p>Fordelene med v\u00e5re RFID-brikker inkluderer kompatibilitet med forskjellige systemer\/teknologier samt muligheten til \u00e5 skreddersy taggene for \u00e5 passe unike prosjekter.<\/p>\n<p>Vi kan programmere og integrere forskjellige brikker for \u00e5 m\u00f8te spesifikke applikasjonskrav og lage tilpassede l\u00f8sninger.<\/p>\n<p>Kontakt oss i dag for \u00e5 diskutere dine prosjektideer og f\u00e5 en tilpasset RFID-tagl\u00f8sning for dine behov.<\/p>\n<h5><strong>Rask levering og alltid p\u00e5 lager - ABS Pro Kombitag\u00a0<\/strong><\/h5>\n<p>&quot;ABS Pro&quot; RFID n\u00f8kkelbrikke er alltid p\u00e5 lager med over 80 000 enheter i 6 farger (r\u00f8d, bl\u00e5, hvit, svart, gr\u00f8nn, gul) og med forskjellige brikker.<\/p>\n<p>Ved hjelp av v\u00e5re lasermaskiner og programvare kan du velge logo &amp; unikt nummer for gravering med levering innen 1-3 dager.<\/p>\n<h3>Som alltid! Kombinasjonsbrikke med Original chip fra<a href=\"https:\/\/www.nxp.com\/\" rel=\"noopener\"> NXP<\/a> og <a href=\"https:\/\/www.emmicroelectronic.com\/\" rel=\"noopener\">EM mikroelektronikk.<\/a><\/h3>\n<p><strong>Passer for alt og alle!<\/strong><\/p>\n<ul>\n<li>Passsystem<\/li>\n<li>Bes\u00f8kssystem<\/li>\n<li>Reservasjon<\/li>\n<li>Alarm og sikkerhetssystem<\/li>\n<\/ul>\n<p><strong>Fordeler med &quot;ABS Pro&quot;<\/strong><\/p>\n<ul>\n<li style=\"list-style-type: none\">\n<ul>\n<li>Robust konstruksjon i ABS-materiale<\/li>\n<li>Tynn profil p\u00e5 kun 2,9 mm<\/li>\n<li>Mulighet for \u00e5 gravere standardnummer eller inkludere logo<\/li>\n<li>Stort utvalg av brikkevarianter for \u00e5 passe ulike behov og alltid p\u00e5 lager.<\/li>\n<\/ul>\n<\/li>\n<\/ul>","protected":false},"excerpt":{"rendered":"<p>V\u00e5r mest popul\u00e6re RFID-tag &quot;ABS Pro&quot; \u2013 den perfekte l\u00f8sningen for sikkerhets- og identifiseringssystemer. Her med dobbel brikke i kombinasjonstag: EM4200+Mifare1k brikke. Du kan velge graverte tall for systemene dine eller serienumre. Merket er kun 2,9 mm tykt, laget av hardt ABS-materiale med en elegant overflate som passer hvor som helst. Dette produktet har sertifisert brikke fra NXP\u00ae, et globalt teknologiselskap med hovedkontor i Holland. NXP\u00ae spesialiserer seg p\u00e5 RFID og NFC og tilbyr en rekke produkter innen sikkerhet, tilkobling og innebygde l\u00f8sninger<\/p>","protected":false},"featured_media":163673,"template":"","meta":{"_acf_changed":false},"product_brand":[],"product_cat":[1340,4787],"product_tag":[2074,2435,2432,4146,2095,2958,2966],"class_list":{"0":"post-56716","1":"product","2":"type-product","3":"status-publish","4":"has-post-thumbnail","6":"product_cat-rfid-tagg-abs-pro","7":"product_cat-mifare4kem4200-tagg","8":"product_tag-ej-lagerfraga","9":"product_tag-kombi-emmif-standard-blank-alpha","10":"product_tag-kombi-emmif-standard-blank-dtc","11":"product_tag-nxp","12":"product_tag-rfid-500","13":"product_tag-stonehouse-produkt","14":"product_tag-utvalda-taggar-kombitaggar-med-dubbla-chip","15":"product_shipping_class-postnord-varubrev","16":"pa_brands-stonehouse-security","17":"pa_chip-teknik-kombi-em4200mifare4k","18":"pa_farg-svart","19":"pa_pro-larmsystem-aptus","20":"pa_pro-larmsystem-assa-abs-pro-system","21":"pa_pro-larmsystem-axema","22":"pa_pro-larmsystem-axema-vaka","23":"pa_pro-larmsystem-blank-inga-nummer","24":"pa_pro-larmsystem-cdvi","25":"pa_pro-larmsystem-decimala-nummer","26":"pa_pro-larmsystem-enstaka-siffror-valfria","27":"pa_pro-larmsystem-hexadecimal-nummer","28":"pa_pro-larmsystem-lopnummer-valfria","29":"pa_pro-larmsystem-paxton","30":"pa_pro-larmsystem-rco-abs-pro-system","31":"pa_pro-larmsystem-tidomat","32":"pa_pro-larmsystem-vanderbilt-bewator-entro-8-siffror","33":"pa_pro-larmsystem-vanderbilt-bewator-omnis-bewator-2010-13-siffror","34":"tm-has-options","36":"first","37":"instock","38":"sale","39":"featured","40":"taxable","41":"shipping-taxable","42":"purchasable","43":"product-type-simple"},"acf":[],"_links":{"self":[{"href":"https:\/\/secureus.se\/no\/wp-json\/wp\/v2\/product\/56716","targetHints":{"allow":["GET"]}}],"collection":[{"href":"https:\/\/secureus.se\/no\/wp-json\/wp\/v2\/product"}],"about":[{"href":"https:\/\/secureus.se\/no\/wp-json\/wp\/v2\/types\/product"}],"wp:featuredmedia":[{"embeddable":true,"href":"https:\/\/secureus.se\/no\/wp-json\/wp\/v2\/media\/163673"}],"wp:attachment":[{"href":"https:\/\/secureus.se\/no\/wp-json\/wp\/v2\/media?parent=56716"}],"wp:term":[{"taxonomy":"product_brand","embeddable":true,"href":"https:\/\/secureus.se\/no\/wp-json\/wp\/v2\/product_brand?post=56716"},{"taxonomy":"product_cat","embeddable":true,"href":"https:\/\/secureus.se\/no\/wp-json\/wp\/v2\/product_cat?post=56716"},{"taxonomy":"product_tag","embeddable":true,"href":"https:\/\/secureus.se\/no\/wp-json\/wp\/v2\/product_tag?post=56716"}],"curies":[{"name":"wp","href":"https:\/\/api.w.org\/{rel}","templated":true}]}}