{"id":56862,"date":"2022-03-10T16:24:00","date_gmt":"2022-03-10T15:24:00","guid":{"rendered":"https:\/\/secureus.se\/produkt\/dokumentskap-a4-parm-smal-brandkarslas\/"},"modified":"2026-03-19T10:49:59","modified_gmt":"2026-03-19T09:49:59","slug":"dokumentskap-a4-parm-smal-brandkarslas","status":"publish","type":"product","link":"https:\/\/secureus.se\/no\/dokumentskap-a4-parm-smal-brandkarslas\/","title":{"rendered":"ELLER skap Brannalarm A4 Slank Brannvesenl\u00e5s"},"content":{"rendered":"<h1>ELLER skap Brannalarm A4 Slank Brannvesenl\u00e5s<\/h1>\n<h1>ELLER SKAP Brannalarm<\/h1>\n<p>Dokumentskap for orientering og servicetegninger for brannalarmanlegg.<br \/>\nLuken \u00e5pnes med brannvesenn\u00f8kkel.<\/p>\n<p>OR-3-BLACK har et forsterket lokk som skal brukes som bord for en b\u00e6rbar PC eller tegninger.<br \/>\nOR-3 \u2013 ASSA har \u00e5pen rygg for \u00e5 monteres over alarmknapper etc.<\/p>\n<p>Skapene er laget av st\u00e5lplate og i farger i henhold til tabellen under.<\/p>\n<p><img decoding=\"async\" class=\"alignnone size-full wp-image-123513183\" title=\"ELLER SKAP Brannalarm A3 HVIT FOR ASSA L\u00c5S 6308235\" src=\"https:\/\/securityonline.se\/wp-content\/uploads\/2023\/09\/Swanson-Or-skap.jpg\" alt=\"ELLER SKAP Brannalarm A3 HVIT FOR ASSA L\u00c5S 6308235\" width=\"618\" height=\"292\" \/><\/p>\n<p>Dokumentskap med brannvesenl\u00e5s i hvit plate med plass til bl.a. A4 perm (halv rygg). Holder for dokumenter eller mapper.<\/p>\n<p>Skapet er vendbart dersom d\u00f8ren skal \u00e5pnes til h\u00f8yre eller venstre. Kan manipuleres, forberedt hull er tilgjengelig for manipulasjonskontakt p\u00e5 baksiden<\/p>","protected":false},"excerpt":{"rendered":"<p>Oppbevaring for dokumenter ELLER planer\/tegninger eller dokumenter for alarmer og brannalarmer.<\/p>\n<p><span data-teams=\"true\">Disse skapene leveres uten n\u00f8kkel, og hvis du trenger en, kj\u00f8per du den separat.<\/span><\/p>","protected":false},"featured_media":144939,"template":"","meta":{"_acf_changed":false},"product_brand":[],"product_cat":[1837,3977,2950],"product_tag":[],"class_list":{"0":"post-56862","1":"product","2":"type-product","3":"status-publish","4":"has-post-thumbnail","6":"product_cat-dokumentskap","7":"product_cat-or-skap-brand-brandskydd","8":"product_cat-or-skap-sakerhet","9":"product_shipping_class-tunga-paket","10":"pa_brands-swansons","11":"pa_sakerhetssystem-larmtillbehor-elektronik","12":"tm-no-options","14":"first","15":"instock","16":"sale","17":"featured","18":"taxable","19":"shipping-taxable","20":"purchasable","21":"product-type-simple"},"acf":[],"_links":{"self":[{"href":"https:\/\/secureus.se\/no\/wp-json\/wp\/v2\/product\/56862","targetHints":{"allow":["GET"]}}],"collection":[{"href":"https:\/\/secureus.se\/no\/wp-json\/wp\/v2\/product"}],"about":[{"href":"https:\/\/secureus.se\/no\/wp-json\/wp\/v2\/types\/product"}],"wp:featuredmedia":[{"embeddable":true,"href":"https:\/\/secureus.se\/no\/wp-json\/wp\/v2\/media\/144939"}],"wp:attachment":[{"href":"https:\/\/secureus.se\/no\/wp-json\/wp\/v2\/media?parent=56862"}],"wp:term":[{"taxonomy":"product_brand","embeddable":true,"href":"https:\/\/secureus.se\/no\/wp-json\/wp\/v2\/product_brand?post=56862"},{"taxonomy":"product_cat","embeddable":true,"href":"https:\/\/secureus.se\/no\/wp-json\/wp\/v2\/product_cat?post=56862"},{"taxonomy":"product_tag","embeddable":true,"href":"https:\/\/secureus.se\/no\/wp-json\/wp\/v2\/product_tag?post=56862"}],"curies":[{"name":"wp","href":"https:\/\/api.w.org\/{rel}","templated":true}]}}