{"id":56867,"date":"2022-03-10T16:24:00","date_gmt":"2022-03-10T15:24:00","guid":{"rendered":"https:\/\/secureus.se\/produkt\/easybadge-lite-id-card-design-software-100-records\/"},"modified":"2025-12-31T19:50:28","modified_gmt":"2025-12-31T18:50:28","slug":"easybadge-lite-id-card-design-software-100-records","status":"publish","type":"product","link":"https:\/\/secureus.se\/no\/easybadge-lite-id-card-design-software-100-records\/","title":{"rendered":"EasyBadge Lite-lisens - ID-kortdesignprogramvare"},"content":{"rendered":"<div id=\"Product-Description\">\n<div id=\"Product-Description\">\n<p>EasyBadge Lite er designet spesielt for sluttbrukeren, og er den mest avanserte programvaren for utskrift av plastkort p\u00e5 planeten.<\/p>\n<p>Med EasyBadge Lite er det ingen lange oppsetttider siden oppsettsveiviseren lar deg skrive ut plastkort innen 60 sekunder etter at du har installert programvaren med din eksisterende logo eller kunstverk for \u00e5 lage et unikt og fantastisk kortdesign.<\/p>\n<p>Bildefangst har alltid v\u00e6rt en hodepine n\u00e5r du produserer identitetskort, men med EasyBadge-appen kan du raskt legge til eller redigere oppf\u00f8ringer, ta et nytt bilde eller s\u00f8ke i databasen din med mobilen eller nettbrettet fra hvor som helst i verden.<\/p>\n<p>Med EasyBadge Lite kan du opprette 100 individuelle oppf\u00f8ringer, noe som gj\u00f8r dette til en perfekt ID-kortl\u00f8sning for sm\u00e5 og mellomstore ansatte og mindre klubber eller organisasjoner med f\u00e6rre enn 100 medlemmer.<\/p>\n<p>En annen fordel med EasyBadge er det interaktive hjelpesystemet som lar deg stille sp\u00f8rsm\u00e5l direkte i programvaren. Ikke bare vil systemet gi deg svaret, EasyBadge vil fullf\u00f8re oppgaven for deg hvis du \u00f8nsker det.<\/p>\n<p>For \u00e5 se hvordan EasyBadge kan redusere tiden du bruker p\u00e5 \u00e5 produsere plastkort, \u00f8ke sikkerheten til identitetsprogrammet ditt og forbedre bedriftsprofilen din, se v\u00e5r nyttige video eller ring teamet direkte i dag for \u00e5 arrangere en gratis demonstrasjon. V\u00e6r oppmerksom p\u00e5 at EasyBadge Lite er kompatibel med alle store plastkortskrivere.<\/p>\n<p>* MERK AT IKKE ALLE VERSJONER AV EASYBADGE-PROGRAMVAREN ER MAC-KOMPATIBLE. *<\/p>\n<\/div>\n<\/div>","protected":false},"excerpt":{"rendered":"<p>EasyBadge Lite er designet spesielt for sluttbrukeren, og er den mest avanserte programvaren for utskrift av plastkort p\u00e5 planeten. Med EasyBadge Lite er det ingen lange installasjonstider fordi installasjonsveiviseren gj\u00f8r deg<\/p>","protected":false},"featured_media":144947,"template":"","meta":{"_acf_changed":false},"product_brand":[],"product_cat":[1653,3211],"product_tag":[],"class_list":{"0":"post-56867","1":"product","2":"type-product","3":"status-publish","4":"has-post-thumbnail","6":"product_cat-gor-dina-egna-foretagskort","7":"product_cat-software-programvara","8":"product_shipping_class-postnord-varubrev","9":"pa_brands-easybadge","10":"pa_sakerhetssystem-kortprinter-fargband","11":"tm-has-options","13":"first","14":"instock","15":"sale","16":"featured","17":"taxable","18":"shipping-taxable","19":"purchasable","20":"product-type-simple"},"acf":[],"_links":{"self":[{"href":"https:\/\/secureus.se\/no\/wp-json\/wp\/v2\/product\/56867","targetHints":{"allow":["GET"]}}],"collection":[{"href":"https:\/\/secureus.se\/no\/wp-json\/wp\/v2\/product"}],"about":[{"href":"https:\/\/secureus.se\/no\/wp-json\/wp\/v2\/types\/product"}],"wp:featuredmedia":[{"embeddable":true,"href":"https:\/\/secureus.se\/no\/wp-json\/wp\/v2\/media\/144947"}],"wp:attachment":[{"href":"https:\/\/secureus.se\/no\/wp-json\/wp\/v2\/media?parent=56867"}],"wp:term":[{"taxonomy":"product_brand","embeddable":true,"href":"https:\/\/secureus.se\/no\/wp-json\/wp\/v2\/product_brand?post=56867"},{"taxonomy":"product_cat","embeddable":true,"href":"https:\/\/secureus.se\/no\/wp-json\/wp\/v2\/product_cat?post=56867"},{"taxonomy":"product_tag","embeddable":true,"href":"https:\/\/secureus.se\/no\/wp-json\/wp\/v2\/product_tag?post=56867"}],"curies":[{"name":"wp","href":"https:\/\/api.w.org\/{rel}","templated":true}]}}