{"id":56870,"date":"2022-03-10T16:24:00","date_gmt":"2022-03-10T15:24:00","guid":{"rendered":"https:\/\/secureus.se\/produkt\/armbagsbrytare-jck217-245mm\/"},"modified":"2026-02-26T13:34:12","modified_gmt":"2026-02-26T12:34:12","slug":"armbagskontakt-jck217-245mm","status":"publish","type":"product","link":"https:\/\/secureus.se\/no\/armbagskontakt-jck217-245mm\/","title":{"rendered":"Albuekontakt JCK217 \u2013 245mm"},"content":{"rendered":"<div class=\"product-presentation__column no--margin is--large\">\n<h1>Albuekontakt JCK217 \u2013 245mm<\/h1>\n<section>JCK217 tilh\u00f8rer en serie albuekontakter som har en flat trykkflate med fire taktile riller i seg.<\/section>\n<section><\/section>\n<section>Sporene fungerer som ekstra veiledning for personer med synshemming.<\/section>\n<section><\/section>\n<section>Du kan enkelt kjenne hvor du skal trykke for \u00e5 aktivere d\u00f8r\u00e5pning. JCK217 er laget av sort anodisert aluminium og har hvite endestykker.<\/p>\n<p>Den leveres med 1 mikrobryter i IP67, men kan ogs\u00e5 bestilles med flere.<\/p>\n<\/section>\n<section>\n<h4>Teknisk spesifikasjon<\/h4>\n<ul>\n<li>Laget i Sverige.<\/li>\n<li>Materiale: Alu.6060-T6, POM Plast (Acetalplast).<\/li>\n<li>M\u00e5l standardversjon l\/b\/h: 245x80x23 mm.<\/li>\n<li>Mikrobryter: Standard 1 stk NO IP67. Kan bestilles med 2, samt med NO\/NC.<\/li>\n<\/ul>\n<\/section>\n<p>&nbsp;<\/p>\n<\/div>","protected":false},"excerpt":{"rendered":"<p>Produktm\u00e5l: 245 x 80 x 23 mm.<\/p>\n<p>Albuekobling i sort anodisert aluminium med hvite endestykker.<\/p>\n<p>Flat trykkplate med taktile riller.<\/p>","protected":false},"featured_media":144802,"template":"","meta":{"_acf_changed":false},"product_brand":[],"product_cat":[1422,4825,4706],"product_tag":[2989],"class_list":{"0":"post-56870","1":"product","2":"type-product","3":"status-publish","4":"has-post-thumbnail","6":"product_cat-armbagskontakter-dorrautomatik","7":"product_cat-dorroppning","8":"product_cat-metall","9":"product_tag-egen-logo-ej-taggar-kort","10":"product_shipping_class-tunga-paket","11":"pa_brands-jc-kontakter","12":"pa_sakerhetssystem-produkter-online","13":"tm-has-options","15":"first","16":"onbackorder","17":"sale","18":"featured","19":"taxable","20":"shipping-taxable","21":"purchasable","22":"product-type-simple"},"acf":[],"_links":{"self":[{"href":"https:\/\/secureus.se\/no\/wp-json\/wp\/v2\/product\/56870","targetHints":{"allow":["GET"]}}],"collection":[{"href":"https:\/\/secureus.se\/no\/wp-json\/wp\/v2\/product"}],"about":[{"href":"https:\/\/secureus.se\/no\/wp-json\/wp\/v2\/types\/product"}],"wp:featuredmedia":[{"embeddable":true,"href":"https:\/\/secureus.se\/no\/wp-json\/wp\/v2\/media\/144802"}],"wp:attachment":[{"href":"https:\/\/secureus.se\/no\/wp-json\/wp\/v2\/media?parent=56870"}],"wp:term":[{"taxonomy":"product_brand","embeddable":true,"href":"https:\/\/secureus.se\/no\/wp-json\/wp\/v2\/product_brand?post=56870"},{"taxonomy":"product_cat","embeddable":true,"href":"https:\/\/secureus.se\/no\/wp-json\/wp\/v2\/product_cat?post=56870"},{"taxonomy":"product_tag","embeddable":true,"href":"https:\/\/secureus.se\/no\/wp-json\/wp\/v2\/product_tag?post=56870"}],"curies":[{"name":"wp","href":"https:\/\/api.w.org\/{rel}","templated":true}]}}