{"id":56871,"date":"2022-03-10T16:24:00","date_gmt":"2022-03-10T15:24:00","guid":{"rendered":"https:\/\/secureus.se\/produkt\/easybadge-smart-id-card-design-software\/"},"modified":"2025-12-31T19:59:42","modified_gmt":"2025-12-31T18:59:42","slug":"easybadge-smart-id-card-design-software","status":"publish","type":"product","link":"https:\/\/secureus.se\/no\/easybadge-smart-id-card-design-software\/","title":{"rendered":"EasyBadge Smart ID-kortdesignprogramvare"},"content":{"rendered":"<div id=\"Product-Description\">\n<div>\n<div id=\"Product-Description\">\n<div id=\"Product-Description\">\n<div id=\"Product-Description\">\n<div>\n<div id=\"Product-Description\">\n<div id=\"Product-Description\">\n<div id=\"Product-Description\">\n<p>EasyBadge Smart-programvare kan kode NFC og kontaktl\u00f8se smartkort for din organisasjon og er en avansert programvare for utskrift av plastkort.<\/p>\n<p>Med det intuitive systemet kan du komme i gang p\u00e5 bare 60 sekunder.<\/p>\n<p>Konfigurasjonsveiviseren leder deg gjennom prosessen trinn for trinn ved \u00e5 bruke din logo eller egendefinerte kunstverk for \u00e5 lage et fantastisk tilpasset kortdesign.<\/p>\n<p>I tillegg til Smart-programvaren kommer EasyBadge ogs\u00e5 komplett med en egen app som lar deg legge til eller redigere oppf\u00f8ringer, ta bilder fra mobiltelefonen eller nettbrettet, laste opp nye eller redigerte oppf\u00f8ringer fra hvor som helst i verden.<\/p>\n<p>EasyBadge ble utviklet for \u00e5 spare deg tid og det interaktive hjelpesystemet lar deg stille et sp\u00f8rsm\u00e5l i programvaren, og ikke bare vil EasyBadge gi deg svaret, det vil fullf\u00f8re oppgaven for deg, og eliminere behovet for \u00e5 bruke tid p\u00e5 \u00e5 se gjennom en papirh\u00e5ndbok for hjelp.<\/p>\n<p>Med ubegrensede oppf\u00f8ringer og muligheten til \u00e5 kode NFC og kontaktl\u00f8se kort, er EasyBadge Smart en perfekt l\u00f8sning for universitets-\/h\u00f8gskolestudentkort, ID-er for store bedrifter og systemer for utstedelse av reisekort.<\/p>\n<p>For \u00e5 se hvordan EasyBadge er den rette l\u00f8sningen for deg, se videoen eller ring teamet direkte for \u00e5 bestille din gratis demonstrasjon.<\/p>\n<p>EasyBadge Smart er kompatibel med alle store plastkortskrivere.<\/p>\n<p>* MERK AT IKKE ALLE VERSJONER AV EASYBADGE-PROGRAMVAREN ER MAC-KOMPATIBLE. *<\/p>\n<p>Produktvekt: 0,02 kg<\/p>\n<\/div>\n<\/div>\n<\/div>\n<\/div>\n<\/div>\n<\/div>\n<\/div>\n<\/div>\n<\/div>","protected":false},"excerpt":{"rendered":"<p>EasyBadge Smart-programvare kan kode NFC og kontaktl\u00f8se smartkort for din organisasjon og er en avansert programvare for utskrift av plastkort. Med det intuitive systemet kan du komme i gang p\u00e5 bare 60 sekunder. Installasjonsveiviseren<\/p>","protected":false},"featured_media":144951,"template":"","meta":{"_acf_changed":false},"product_brand":[],"product_cat":[1653],"product_tag":[],"class_list":{"0":"post-56871","1":"product","2":"type-product","3":"status-publish","4":"has-post-thumbnail","6":"product_cat-gor-dina-egna-foretagskort","7":"product_shipping_class-postnord-varubrev","8":"pa_brands-easybadge","9":"pa_sakerhetssystem-kortprinter-fargband","10":"tm-has-options","12":"first","13":"instock","14":"sale","15":"featured","16":"taxable","17":"shipping-taxable","18":"purchasable","19":"product-type-simple"},"acf":[],"_links":{"self":[{"href":"https:\/\/secureus.se\/no\/wp-json\/wp\/v2\/product\/56871","targetHints":{"allow":["GET"]}}],"collection":[{"href":"https:\/\/secureus.se\/no\/wp-json\/wp\/v2\/product"}],"about":[{"href":"https:\/\/secureus.se\/no\/wp-json\/wp\/v2\/types\/product"}],"wp:featuredmedia":[{"embeddable":true,"href":"https:\/\/secureus.se\/no\/wp-json\/wp\/v2\/media\/144951"}],"wp:attachment":[{"href":"https:\/\/secureus.se\/no\/wp-json\/wp\/v2\/media?parent=56871"}],"wp:term":[{"taxonomy":"product_brand","embeddable":true,"href":"https:\/\/secureus.se\/no\/wp-json\/wp\/v2\/product_brand?post=56871"},{"taxonomy":"product_cat","embeddable":true,"href":"https:\/\/secureus.se\/no\/wp-json\/wp\/v2\/product_cat?post=56871"},{"taxonomy":"product_tag","embeddable":true,"href":"https:\/\/secureus.se\/no\/wp-json\/wp\/v2\/product_tag?post=56871"}],"curies":[{"name":"wp","href":"https:\/\/api.w.org\/{rel}","templated":true}]}}