{"id":56875,"date":"2022-03-10T16:23:00","date_gmt":"2022-03-10T15:23:00","guid":{"rendered":"https:\/\/secureus.se\/produkt\/dokumentskap-for-ritningsparm-smal-rygg\/"},"modified":"2026-03-10T17:34:38","modified_gmt":"2026-03-10T16:34:38","slug":"dokumentskap-for-ritningsparm-smal-rygg","status":"publish","type":"product","link":"https:\/\/secureus.se\/no\/dokumentskap-for-ritningsparm-smal-rygg\/","title":{"rendered":"Dokumentskap Innbrudd for tegning perm smal bak"},"content":{"rendered":"<h1>Dokumentskap Innbrudd for tegning perm smal bak<\/h1>\n<p>Dokumentskap for tegninger og servicetegninger for innbruddsalarmanlegg.<\/p>\n<p>Skapet finnes i format for A4 permer med tykk rygg og skap for A4 permer med tynn rygg. Luken \u00e5pnes med n\u00f8kkelbryter.<\/p>\n<p>Skapet er vendbart dersom d\u00f8ren skal \u00e5pnes til h\u00f8yre eller venstre.<\/p>\n<p>Kan manipuleres, forberedt hull er tilgjengelig for manipulasjonskontakt p\u00e5 baksiden.<br \/>\nSkapene er laget av st\u00e5lplate i hvitt.<br \/>\nTilgjengelig med brannvesenl\u00e5s og klargjort for ASSA l\u00e5sesylinder.<\/p>\n<p>Skapet er beregnet for permer A4 med smal rygg, l\u00e5s med to n\u00f8kler.<\/p>\n<p><img decoding=\"async\" class=\"alignnone size-full wp-image-123513183\" src=\"https:\/\/securityonline.se\/wp-content\/uploads\/2023\/09\/Swanson-Or-skap.jpg\" alt=\"\" width=\"618\" height=\"292\" \/><\/p>\n<p>Skapene er laget av st\u00e5lplate med hvit farge. Venstre. Det er et hull for sabotasjekontakt p\u00e5 baksiden.<\/p>\n<div>\n<p><label>N\u00f8kkelegenskaper<\/label><\/p>\n<ul>\n<li>H\u00f8yde arter (mm): 360<\/li>\n<li>Bredde arter (mm): 310<\/li>\n<li>Dybde arter (mm): 55<\/li>\n<\/ul>\n<\/div>\n<div>\n<p><label>Kjappe fakta<\/label><\/p>\n<ul>\n<li>Vendbart skap<\/li>\n<li>Dokumentholder<\/li>\n<\/ul>\n<\/div>\n<div>\n<div><\/div>\n<div><\/div>\n<\/div>\n<div class=\"col-md-6\">\n<div id=\"collapsePIM\" class=\"d-md-block collapse show\"><\/div>\n<\/div>","protected":false},"excerpt":{"rendered":"<p>Oppbevaring for dokumenter ELLER planer\/tegninger eller dokumenter for alarmer og brannalarmer.<\/p>\n<p>Disse skapene leveres uten n\u00f8kkel, og hvis du trenger en, kj\u00f8per du den separat.<\/p>","protected":false},"featured_media":145429,"template":"","meta":{"_acf_changed":false},"product_brand":[],"product_cat":[1837,2950],"product_tag":[],"class_list":{"0":"post-56875","1":"product","2":"type-product","3":"status-publish","4":"has-post-thumbnail","6":"product_cat-dokumentskap","7":"product_cat-or-skap-sakerhet","8":"product_shipping_class-tunga-paket","9":"pa_brands-swansons","10":"pa_sakerhetssystem-larmtillbehor-elektronik","11":"tm-no-options","13":"first","14":"instock","15":"sale","16":"taxable","17":"shipping-taxable","18":"purchasable","19":"product-type-simple"},"acf":[],"_links":{"self":[{"href":"https:\/\/secureus.se\/no\/wp-json\/wp\/v2\/product\/56875","targetHints":{"allow":["GET"]}}],"collection":[{"href":"https:\/\/secureus.se\/no\/wp-json\/wp\/v2\/product"}],"about":[{"href":"https:\/\/secureus.se\/no\/wp-json\/wp\/v2\/types\/product"}],"wp:featuredmedia":[{"embeddable":true,"href":"https:\/\/secureus.se\/no\/wp-json\/wp\/v2\/media\/145429"}],"wp:attachment":[{"href":"https:\/\/secureus.se\/no\/wp-json\/wp\/v2\/media?parent=56875"}],"wp:term":[{"taxonomy":"product_brand","embeddable":true,"href":"https:\/\/secureus.se\/no\/wp-json\/wp\/v2\/product_brand?post=56875"},{"taxonomy":"product_cat","embeddable":true,"href":"https:\/\/secureus.se\/no\/wp-json\/wp\/v2\/product_cat?post=56875"},{"taxonomy":"product_tag","embeddable":true,"href":"https:\/\/secureus.se\/no\/wp-json\/wp\/v2\/product_tag?post=56875"}],"curies":[{"name":"wp","href":"https:\/\/api.w.org\/{rel}","templated":true}]}}