{"id":56888,"date":"2022-03-10T16:23:00","date_gmt":"2022-03-10T15:23:00","guid":{"rendered":"https:\/\/secureus.se\/produkt\/rk-4k-4-kanal-med-2-stycken-fjarrkontroller-rullande-kod\/"},"modified":"2025-12-31T19:53:13","modified_gmt":"2025-12-31T18:53:13","slug":"radiomottagare-rk-4k-4-kanal","status":"publish","type":"product","link":"https:\/\/secureus.se\/no\/radiomottagare-rk-4k-4-kanal\/","title":{"rendered":"Radiomottaker RK-4K 4-kanals 2 stk fjernkontroll Sett"},"content":{"rendered":"<h1>Radiomottaker RK-4K 4-kanals + 2 fjernkontroller Sett<\/h1>\n<p>RK-4K er den ultimate l\u00f8sningen for fjernkontroll av elektriske apparater og sikkerhetssystemer.<\/p>\n<p>Med fire kanaler og to medf\u00f8lgende T-4 fjernkontroller kan du enkelt kontrollere porter, rulleskodder og andre enheter.<\/p>\n<p>Den sikre rullende kodeteknologien sikrer at kun autoriserte fjernkontroller kan brukes, noe som gir trygghet og sikkerhet.<\/p>\n<p>Funksjoner inkluderer st\u00f8tte for opptil 1024 fjernkontroller, sabotasjebeskyttelse n\u00e5r dekselet \u00e5pnes, og fleksibel str\u00f8mforsyning (DC eller AC).<\/p>\n<p>Den imponerende rekkevidden p\u00e5 opptil 500 m i fri sikt gj\u00f8r den ideell for b\u00e5de boliger og kommersielle bruksomr\u00e5der.<\/p>\n<p>RK-4K er kompatibel med SATELs RK Soft-program, som gj\u00f8r det enkelt \u00e5 konfigurere og administrere fjernkontroller.<\/p>\n<p>Med robust konstruksjon og brukervennlige funksjoner er dette settet et must for alle som leter etter p\u00e5litelig fjernkontroll.<\/p>","protected":false},"excerpt":{"rendered":"<p>RK-4K radiomottaker tilbyr sikker fjernkontroll for porter, rulleskodder og alarmer.<\/p>\n<p>Med fire kanaler og to inkluderte fjernkontroller er det en allsidig l\u00f8sning for b\u00e5de hjem og bedrifter.<\/p>\n<p>Den avanserte krypteringen gir sikkerhet og rekkevidden p\u00e5 opptil 500 m gj\u00f8r den sv\u00e6rt nyttig.<\/p>","protected":false},"featured_media":145084,"template":"","meta":{"_acf_changed":false},"product_brand":[],"product_cat":[1616],"product_tag":[2275,2424],"class_list":{"0":"post-56888","1":"product","2":"type-product","3":"status-publish","4":"has-post-thumbnail","6":"product_cat-radiosandare-mottagare","7":"product_tag-radio-mottagare-satel","8":"product_tag-rel-pulsarradio","9":"product_shipping_class-postnord-varubrev","10":"pa_brands-satel","11":"pa_sakerhetssystem-smart-home","12":"tm-no-options","14":"first","15":"onbackorder","16":"sale","17":"featured","18":"taxable","19":"shipping-taxable","20":"purchasable","21":"product-type-simple"},"acf":[],"_links":{"self":[{"href":"https:\/\/secureus.se\/no\/wp-json\/wp\/v2\/product\/56888","targetHints":{"allow":["GET"]}}],"collection":[{"href":"https:\/\/secureus.se\/no\/wp-json\/wp\/v2\/product"}],"about":[{"href":"https:\/\/secureus.se\/no\/wp-json\/wp\/v2\/types\/product"}],"wp:featuredmedia":[{"embeddable":true,"href":"https:\/\/secureus.se\/no\/wp-json\/wp\/v2\/media\/145084"}],"wp:attachment":[{"href":"https:\/\/secureus.se\/no\/wp-json\/wp\/v2\/media?parent=56888"}],"wp:term":[{"taxonomy":"product_brand","embeddable":true,"href":"https:\/\/secureus.se\/no\/wp-json\/wp\/v2\/product_brand?post=56888"},{"taxonomy":"product_cat","embeddable":true,"href":"https:\/\/secureus.se\/no\/wp-json\/wp\/v2\/product_cat?post=56888"},{"taxonomy":"product_tag","embeddable":true,"href":"https:\/\/secureus.se\/no\/wp-json\/wp\/v2\/product_tag?post=56888"}],"curies":[{"name":"wp","href":"https:\/\/api.w.org\/{rel}","templated":true}]}}