{"id":56889,"date":"2022-03-10T16:23:00","date_gmt":"2022-03-10T15:23:00","guid":{"rendered":"https:\/\/secureus.se\/produkt\/rk-4k-4-kanal-med-2-stycken-fjarrkontroller-rullande-kod-med-mojlighet-till-extra-antenn-sma-kontakt\/"},"modified":"2026-03-20T11:24:34","modified_gmt":"2026-03-20T10:24:34","slug":"radiomottagare-rk-4k-sma-for-yttre-antenn","status":"publish","type":"product","link":"https:\/\/secureus.se\/no\/radiomottagare-rk-4k-sma-for-yttre-antenn\/","title":{"rendered":"Radiomottaker RK-4K (SMA for ekstern antenne) 2 stk fjernkontroll Sett"},"content":{"rendered":"<h1>Radiomottaker RK-4K SMA \u2013 Lang rekkevidde og fleksibilitet<\/h1>\n<p>RK-4K SMA radiomottaker er den perfekte l\u00f8sningen for sikker og fleksibel fjernkontroll av elektriske enheter som porter, parkeringsbarrierer og rulleskodder.<\/p>\n<p>Takket v\u00e6re st\u00f8tten for ekstern SMA-antenne kan du oppn\u00e5 en imponerende rekkevidde p\u00e5 opptil 500 meter i fri sikt.<\/p>\n<p>Det medf\u00f8lgende settet inkluderer to T-4 fjernkontroller, utstyrt med kryptert rullende kode for maksimal sikkerhet.<\/p>\n<p>Med en kapasitet p\u00e5 opptil 1024 fjernkontroller kan RK-4K SMA enkelt tilpasses dine behov.<\/p>\n<p>Funksjoner som sabotasjeoverv\u00e5king og batteriindikasjon for fjernkontrollene s\u00f8rger for sikker bruk.<\/p>\n<p>Enten du trenger \u00e5 kontrollere hjemmeporten eller en kommersiell barriere, er RK-4K SMA det optimale valget.<\/p>\n<h4>Fordeler:<\/h4>\n<ul>\n<li><strong>Lang rekkevidde<\/strong>: Opptil 500 meter med ekstern SMA-antenne.<\/li>\n<li><strong>Fleksibel bruk<\/strong>: Sjekk porter, barrierer og andre elektriske enheter.<\/li>\n<li><strong>Sikkerhet<\/strong>: Kryptert rullende kode og sabotasjeoverv\u00e5king.<\/li>\n<li><strong>Utvidbar<\/strong>: St\u00f8tte for opptil 1024 fjernkontroller.<\/li>\n<\/ul>\n<p>Inkluderer to T-4 fjernkontroller for umiddelbar installasjon og bruk.<\/p>","protected":false},"excerpt":{"rendered":"<p>RK-4K SMA radiomottakeren er en fleksibel l\u00f8sning med st\u00f8tte for ekstern SMA-antenne, og gir en enest\u00e5ende rekkevidde p\u00e5 opptil 500 meter.<\/p>\n<p>Perfekt for fjernkontroll av porter, parkeringsbarrierer og rulleskodder med kryptert sikkerhet.<\/p>\n<p>Settet inneholder to T-4 fjernkontroller.<\/p>","protected":false},"featured_media":145090,"template":"","meta":{"_acf_changed":false},"product_brand":[],"product_cat":[1616],"product_tag":[2275,2424],"class_list":{"0":"post-56889","1":"product","2":"type-product","3":"status-publish","4":"has-post-thumbnail","6":"product_cat-radiosandare-mottagare","7":"product_tag-radio-mottagare-satel","8":"product_tag-rel-pulsarradio","9":"product_shipping_class-postnord-varubrev","10":"pa_brands-satel","11":"pa_sakerhetssystem-smart-home","12":"tm-no-options","14":"first","15":"instock","16":"sale","17":"featured","18":"taxable","19":"shipping-taxable","20":"purchasable","21":"product-type-simple"},"acf":[],"_links":{"self":[{"href":"https:\/\/secureus.se\/no\/wp-json\/wp\/v2\/product\/56889","targetHints":{"allow":["GET"]}}],"collection":[{"href":"https:\/\/secureus.se\/no\/wp-json\/wp\/v2\/product"}],"about":[{"href":"https:\/\/secureus.se\/no\/wp-json\/wp\/v2\/types\/product"}],"wp:featuredmedia":[{"embeddable":true,"href":"https:\/\/secureus.se\/no\/wp-json\/wp\/v2\/media\/145090"}],"wp:attachment":[{"href":"https:\/\/secureus.se\/no\/wp-json\/wp\/v2\/media?parent=56889"}],"wp:term":[{"taxonomy":"product_brand","embeddable":true,"href":"https:\/\/secureus.se\/no\/wp-json\/wp\/v2\/product_brand?post=56889"},{"taxonomy":"product_cat","embeddable":true,"href":"https:\/\/secureus.se\/no\/wp-json\/wp\/v2\/product_cat?post=56889"},{"taxonomy":"product_tag","embeddable":true,"href":"https:\/\/secureus.se\/no\/wp-json\/wp\/v2\/product_tag?post=56889"}],"curies":[{"name":"wp","href":"https:\/\/api.w.org\/{rel}","templated":true}]}}