{"id":56893,"date":"2022-03-10T16:21:00","date_gmt":"2022-03-10T15:21:00","guid":{"rendered":"https:\/\/secureus.se\/produkt\/oppnaknapp-exklusive-beroringsfri-12-26-v-ac-dc\/"},"modified":"2025-12-31T19:58:51","modified_gmt":"2025-12-31T18:58:51","slug":"oppnaknapp-exklusive-beroringsfri-12-26-v-ac-dc","status":"publish","type":"product","link":"https:\/\/secureus.se\/no\/oppnaknapp-exklusive-beroringsfri-12-26-v-ac-dc\/","title":{"rendered":"Ber\u00f8ringsfri glass\u00e5pner \u2013 12\u201336 V, bl\u00e5 LED, IP65 (veggmontert)"},"content":{"rendered":"<p data-start=\"691\" data-end=\"923\">Denne <strong data-start=\"697\" data-end=\"725\">ber\u00f8ringsfri \u00e5pningsknapp<\/strong> kombinerer moderne design med h\u00f8y funksjonalitet.<br data-start=\"774\" data-end=\"777\" \/>Med hans <strong data-start=\"785\" data-end=\"838\">bl\u00e5 LED-belysning og herdet glassfront<\/strong> Den er perfekt for milj\u00f8er der hygiene, design og driftssikkerhet er viktig.<\/p>\n<p data-start=\"925\" data-end=\"1177\">Knappen reagerer p\u00e5 h\u00e5ndbevegelser uten fysisk kontakt \u2013 ideell for sykehus, kontorer, butikker, skoler og andre offentlige milj\u00f8er.<br data-start=\"1052\" data-end=\"1055\" \/><strong data-start=\"1055\" data-end=\"1094\">Juster f\u00f8lsomhetsavstanden enkelt<\/strong> (1\u201315 cm) og rel\u00e9ets driftsmodus (NO\/NC\/COM) som passer til installasjonens behov.<\/p>\n<p data-start=\"1179\" data-end=\"1318\">Takket v\u00e6re dens <strong data-start=\"1193\" data-end=\"1230\">IP65-klassifisering og metallhus<\/strong> Den er motstandsdyktig mot b\u00e5de fuktighet og st\u00f8v, noe som gj\u00f8r den egnet for b\u00e5de innend\u00f8rs og utend\u00f8rs bruk.<\/p>\n<hr data-start=\"1320\" data-end=\"1323\" \/>\n<h3 data-start=\"1325\" data-end=\"1360\"><strong data-start=\"1332\" data-end=\"1360\">Tekniske spesifikasjoner<\/strong><\/h3>\n<div class=\"_tableContainer_1rjym_1\">\n<div class=\"group _tableWrapper_1rjym_13 flex w-fit flex-col-reverse\">\n<table class=\"w-fit min-w-(--thread-content-width)\" data-start=\"1361\" data-end=\"1891\">\n<thead data-start=\"1361\" data-end=\"1381\">\n<tr data-start=\"1361\" data-end=\"1381\">\n<th data-start=\"1361\" data-end=\"1372\" data-col-size=\"sm\">Eiendom<\/th>\n<th data-start=\"1372\" data-end=\"1381\" data-col-size=\"sm\">Verdi<\/th>\n<\/tr>\n<\/thead>\n<tbody data-start=\"1405\" data-end=\"1891\">\n<tr data-start=\"1405\" data-end=\"1438\">\n<td data-start=\"1405\" data-end=\"1411\" data-col-size=\"sm\">Type<\/td>\n<td data-start=\"1411\" data-end=\"1438\" data-col-size=\"sm\">Ber\u00f8ringsfri \u00e5pningsknapp<\/td>\n<\/tr>\n<tr data-start=\"1439\" data-end=\"1474\">\n<td data-start=\"1439\" data-end=\"1455\" data-col-size=\"sm\">Frontmateriale<\/td>\n<td data-col-size=\"sm\" data-start=\"1455\" data-end=\"1474\">Herdet glass<\/td>\n<\/tr>\n<tr data-start=\"1475\" data-end=\"1491\">\n<td data-start=\"1475\" data-end=\"1481\" data-col-size=\"sm\">Ramme<\/td>\n<td data-col-size=\"sm\" data-start=\"1481\" data-end=\"1491\">Metall<\/td>\n<\/tr>\n<tr data-start=\"1492\" data-end=\"1542\">\n<td data-start=\"1492\" data-end=\"1503\" data-col-size=\"sm\">Spenning<\/td>\n<td data-col-size=\"sm\" data-start=\"1503\" data-end=\"1542\">12\u201336 V AC\/DC (polaritetsuavhengig)<\/td>\n<\/tr>\n<tr data-start=\"1543\" data-end=\"1573\">\n<td data-start=\"1543\" data-end=\"1556\" data-col-size=\"sm\">Rel\u00e9utgang<\/td>\n<td data-col-size=\"sm\" data-start=\"1556\" data-end=\"1573\">NEI \/ NC \/ KOM<\/td>\n<\/tr>\n<tr data-start=\"1574\" data-end=\"1619\">\n<td data-start=\"1574\" data-end=\"1595\" data-col-size=\"sm\">F\u00f8lsomhetsavstand<\/td>\n<td data-col-size=\"sm\" data-start=\"1595\" data-end=\"1619\">1\u201315 cm (justerbar)<\/td>\n<\/tr>\n<tr data-start=\"1620\" data-end=\"1673\">\n<td data-start=\"1620\" data-end=\"1637\" data-col-size=\"sm\">LED-indikasjon<\/td>\n<td data-col-size=\"sm\" data-start=\"1637\" data-end=\"1673\">Bl\u00e5 (standby) \/ Gr\u00f8nn (aktivert)<\/td>\n<\/tr>\n<tr data-start=\"1674\" data-end=\"1696\">\n<td data-start=\"1674\" data-end=\"1688\" data-col-size=\"sm\">beskyttelses klasse<\/td>\n<td data-col-size=\"sm\" data-start=\"1688\" data-end=\"1696\">IP65<\/td>\n<\/tr>\n<tr data-start=\"1697\" data-end=\"1747\">\n<td data-start=\"1697\" data-end=\"1713\" data-col-size=\"sm\">Monteringshull<\/td>\n<td data-col-size=\"sm\" data-start=\"1713\" data-end=\"1747\">\u00d8 60 mm (standard apparatboks)<\/td>\n<\/tr>\n<tr data-start=\"1748\" data-end=\"1773\">\n<td data-start=\"1748\" data-end=\"1755\" data-col-size=\"sm\">M\u00e5le<\/td>\n<td data-col-size=\"sm\" data-start=\"1755\" data-end=\"1773\">86 \u00d7 86 \u00d7 7 mm<\/td>\n<\/tr>\n<tr data-start=\"1774\" data-end=\"1815\">\n<td data-start=\"1774\" data-end=\"1793\" data-col-size=\"sm\">Driftstemperatur<\/td>\n<td data-col-size=\"sm\" data-start=\"1793\" data-end=\"1815\">\u201310 \u00b0C til +70 \u00b0C<\/td>\n<\/tr>\n<tr data-start=\"1816\" data-end=\"1846\">\n<td data-start=\"1816\" data-end=\"1832\" data-col-size=\"sm\">Fuktighet<\/td>\n<td data-col-size=\"sm\" data-start=\"1832\" data-end=\"1846\">10\u201390 % RH<\/td>\n<\/tr>\n<tr data-start=\"1847\" data-end=\"1863\">\n<td data-start=\"1847\" data-end=\"1854\" data-col-size=\"sm\">Vekt<\/td>\n<td data-start=\"1854\" data-end=\"1863\" data-col-size=\"sm\">125 g<\/td>\n<\/tr>\n<tr data-start=\"1864\" data-end=\"1891\">\n<td data-start=\"1864\" data-end=\"1879\" data-col-size=\"sm\">Sertifisering<\/td>\n<td data-start=\"1879\" data-end=\"1891\" data-col-size=\"sm\">CE, RoHS<\/td>\n<\/tr>\n<\/tbody>\n<\/table>\n<\/div>\n<\/div>\n<hr data-start=\"1893\" data-end=\"1896\" \/>\n<h3 data-start=\"1898\" data-end=\"1917\"><strong data-start=\"1905\" data-end=\"1917\">Fordeler<\/strong><\/h3>\n<ul data-start=\"1918\" data-end=\"2210\">\n<li data-start=\"1918\" data-end=\"1971\">\n<p data-start=\"1920\" data-end=\"1971\">Ber\u00f8ringsfri aktivering \u2013 hygienisk og slitesterk<\/p>\n<\/li>\n<li data-start=\"1972\" data-end=\"2021\">\n<p data-start=\"1974\" data-end=\"2021\">IP65-klassifisering \u2013 motstandsdyktig mot st\u00f8v, fuktighet og rengj\u00f8ring<\/p>\n<\/li>\n<li data-start=\"2022\" data-end=\"2062\">\n<p data-start=\"2024\" data-end=\"2062\">Justerbar avstand for forskjellige milj\u00f8er<\/p>\n<\/li>\n<li data-start=\"2063\" data-end=\"2099\">\n<p data-start=\"2065\" data-end=\"2099\">LED-indikasjon for tydelig status<\/p>\n<\/li>\n<li data-start=\"2100\" data-end=\"2154\">\n<p data-start=\"2102\" data-end=\"2154\">Kompatibel med alle systemer som bruker NO\/NC-rel\u00e9er<\/p>\n<\/li>\n<li data-start=\"2155\" data-end=\"2210\">\n<p data-start=\"2157\" data-end=\"2210\">Stilig bl\u00e5 glassoverflate \u2013 moderne og profesjonelt design<\/p>\n<\/li>\n<\/ul>","protected":false},"excerpt":{"rendered":"<p>Elegant ber\u00f8ringsfri \u00e5pningsknapp i herdet glass med bl\u00e5\/gr\u00f8nn LED-indikasjon.<br data-start=\"506\" data-end=\"509\" \/>IP65-klassifisert, justerbar avstand (1\u201315 cm) og universell rel\u00e9utgang (NO\/NC\/COM).<br data-start=\"590\" data-end=\"593\" \/>Egnet for installasjon i standard el-boks, 12\u201336 V AC\/DC.<\/p>","protected":false},"featured_media":159138,"template":"","meta":{"_acf_changed":false},"product_brand":[],"product_cat":[4867],"product_tag":[3068,2937,2958],"class_list":{"0":"post-56893","1":"product","2":"type-product","3":"status-publish","4":"has-post-thumbnail","6":"product_cat-oppnaknappar-kategorier","7":"product_tag-oppnaknapp-beroringsfria","8":"product_tag-oppnaknappar","9":"product_tag-stonehouse-produkt","10":"product_shipping_class-postnord-varubrev","11":"pa_brands-stonehouse-security","12":"pa_sakerhetssystem-larmtillbehor-elektronik","13":"tm-no-options","15":"first","16":"instock","17":"sale","18":"featured","19":"taxable","20":"shipping-taxable","21":"purchasable","22":"product-type-simple"},"acf":[],"_links":{"self":[{"href":"https:\/\/secureus.se\/no\/wp-json\/wp\/v2\/product\/56893","targetHints":{"allow":["GET"]}}],"collection":[{"href":"https:\/\/secureus.se\/no\/wp-json\/wp\/v2\/product"}],"about":[{"href":"https:\/\/secureus.se\/no\/wp-json\/wp\/v2\/types\/product"}],"wp:featuredmedia":[{"embeddable":true,"href":"https:\/\/secureus.se\/no\/wp-json\/wp\/v2\/media\/159138"}],"wp:attachment":[{"href":"https:\/\/secureus.se\/no\/wp-json\/wp\/v2\/media?parent=56893"}],"wp:term":[{"taxonomy":"product_brand","embeddable":true,"href":"https:\/\/secureus.se\/no\/wp-json\/wp\/v2\/product_brand?post=56893"},{"taxonomy":"product_cat","embeddable":true,"href":"https:\/\/secureus.se\/no\/wp-json\/wp\/v2\/product_cat?post=56893"},{"taxonomy":"product_tag","embeddable":true,"href":"https:\/\/secureus.se\/no\/wp-json\/wp\/v2\/product_tag?post=56893"}],"curies":[{"name":"wp","href":"https:\/\/api.w.org\/{rel}","templated":true}]}}