{"id":56929,"date":"2022-03-10T16:16:00","date_gmt":"2022-03-10T15:16:00","guid":{"rendered":"https:\/\/secureus.se\/produkt\/tagg-abs-pro-mifare-desfire-ev2-farg-svart-minnestorlek-4k\/"},"modified":"2026-03-27T14:29:48","modified_gmt":"2026-03-27T13:29:48","slug":"tagg-desfire-ev2-svart-4k-pro","status":"publish","type":"product","link":"https:\/\/secureus.se\/no\/tagg-desfire-ev2-svart-4k-pro\/","title":{"rendered":"Tag DESFire\u00ae EV2 4K Svart  \u2013 Pro"},"content":{"rendered":"<h1><strong>Tag Mifare DESFire \u2013 H\u00f8yere sikkerhet\u00a0<\/strong><\/h1>\n<h3>Denne taggen fungerer i systemer som bruker DESFire-teknologi.<\/h3>\n<p><span style=\"text-decoration: underline\"><strong>RCO, Bewator\/Vanderbilt, Aptus, ASSA ARX, bes\u00f8kssystem og p\u00e5logging.<\/strong><\/span><\/p>\n<p>Merk at taggen ikke er programmert med RAID for RCO men leveres med standard chip.<\/p>\n<p>V\u00e5r &quot;ABS Pro&quot; Tag Mifare DESFire er laget for \u00e5 m\u00f8te de mest krevende behovene innen sikkerhet og identifikasjon.<\/p>\n<p>Med sin robuste konstruksjon i ABS-materiale og tynn profil p\u00e5 kun 2,9 mm gir den en perfekt balanse mellom holdbarhet og eleganse.<\/p>\n<p>Den rene finishen gj\u00f8r den ideell for gravering med standardnummer eller inkludert logoen din, enten gjennom gravert eller farget finish.<\/p>\n<p>V\u00e5re tagger er egnet for tilgangssystemer, bes\u00f8kssystemer, booking, alarmer, billadere, lagerstyring eller andre applikasjoner<\/p>\n<p>Tagg &quot;ABS Pro&quot; med Tagg Mifare DESFire-brikke gir h\u00f8yere sikkerhet enn Mifare Classic.<\/p>\n<p>Den er tilgjengelig i mange varianter av Tagg Mifare DESFire og vi kan ogs\u00e5 produsere den med ditt eget valg av brikke.<\/p>\n<p>Dagens standard for passerbrikker er: EM4200, Mifare1k, kombinasjonsbrikker og DESFire, uansett kan vi skreddersy taggen for deg.<\/p>\n<p>Vi forst\u00e5r viktigheten av \u00e5 levere RFID-brikker av h\u00f8y kvalitet som oppfyller dagens krav og forventninger.<\/p>\n<p>Det er derfor vi streber etter \u00e5 tilby den beste teknologien og kompatibiliteten for \u00e5 forbedre sikkerheten og effektiviteten til systemene dine.<\/p>\n<p><strong><span style=\"text-decoration: underline\">Skreddersydd for unike prosjekter \u2013 Tagg Mifare DESFire ABS Pro<\/span><\/strong><\/p>\n<p>Fordelene med v\u00e5re RFID-brikker inkluderer kompatibilitet med forskjellige systemer\/teknologier samt muligheten til \u00e5 tilpasse taggene for unike prosjekter.<\/p>\n<p>Vi kan programmere og integrere forskjellige brikker for \u00e5 m\u00f8te spesifikke applikasjonskrav og lage tilpassede l\u00f8sninger.<\/p>\n<p>Kontakt oss i dag for \u00e5 diskutere dine prosjektideer og f\u00e5 en tilpasset RFID-tagl\u00f8sning for dine behov.<\/p>\n<p><strong>Rask levering og alltid p\u00e5 lager \u2013 Tagg Mifare DESFire er tilgjengelig i forskjellige versjoner\u00a0<\/strong><\/p>\n<p>&quot;ABS Pro&quot; RFID n\u00f8kkelbrikke er alltid p\u00e5 lager med over 80 000 enheter i 6 farger (r\u00f8d, bl\u00e5, hvit, svart, gr\u00f8nn, gul) og med forskjellige brikker.<\/p>\n<p>Ved hjelp av v\u00e5re lasermaskiner og programvare kan du velge logo &amp; unikt nummer for gravering med levering innen 1-3 dager.<\/p>\n<p>Som alltid! Tag Mifare DESFire med Original chip fra<a href=\"https:\/\/www.nxp.com\/\" rel=\"noopener\"> NXP<\/a><\/p>\n<p><strong>Passer for alt og alle - Tagg Mifare DESFire<\/strong><\/p>\n<ul>\n<li>Passsystem<\/li>\n<li>Bes\u00f8kssystem<\/li>\n<li>Reservasjon<\/li>\n<li>Alarm og sikkerhetssystem<\/li>\n<\/ul>\n<p><strong>Fordeler med &quot;ABS Pro&quot; - Tag Mifare DESFire<\/strong><\/p>\n<ul>\n<li>Robust konstruksjon i ABS-materiale<\/li>\n<li>Tynn profil p\u00e5 kun 2,9 mm<\/li>\n<li>Mulighet for \u00e5 gravere standardnummer eller inkludere logo<\/li>\n<li>Stort utvalg av brikkevarianter for \u00e5 passe ulike behov og alltid p\u00e5 lager.<\/li>\n<\/ul>\n<ul>\n<li>Stort utvalg av brikkevarianter for \u00e5 passe ulike behov og alltid p\u00e5 lager.<\/li>\n<\/ul>","protected":false},"excerpt":{"rendered":"<p>Dette produktet har en sertifisert chip fra NXP\u00ae, et globalt teknologiselskap med hovedkontor i Nederland. NXP\u00ae spesialiserer seg p\u00e5 RFID og NFC og tilbyr en rekke produkter innen sikkerhet, tilkoblingsmuligheter og innebygde l\u00f8sninger. V\u00e6r oppmerksom p\u00e5 at dette produktet ikke fungerer med f.eks. Yale-systemer eller hvis systemet ditt har rullende koder.<\/p>","protected":false},"featured_media":163673,"template":"","meta":{"_acf_changed":false},"product_brand":[],"product_cat":[1340,4789],"product_tag":[2314,3137,3136,2074,4806,4146,2095,2958],"class_list":{"0":"post-56929","1":"product","2":"type-product","3":"status-publish","4":"has-post-thumbnail","6":"product_cat-rfid-tagg-abs-pro","7":"product_cat-desfire-4k-tagg","8":"product_tag-desfire-lop-logo","9":"product_tag-desfire-ev2-4k","10":"product_tag-desfire-taggar-kort","11":"product_tag-ej-lagerfraga","12":"product_tag-fungerar-ej-till-yale","13":"product_tag-nxp","14":"product_tag-rfid-500","15":"product_tag-stonehouse-produkt","16":"product_shipping_class-postnord-varubrev","17":"pa_brands-stonehouse-security","18":"pa_chip-teknik-mifare-desfire-4k-minne","19":"pa_farg-svart","20":"pa_sakerhetssystem-rfid-taggar","21":"tm-has-options","23":"first","24":"instock","25":"sale","26":"featured","27":"taxable","28":"shipping-taxable","29":"purchasable","30":"product-type-simple"},"acf":[],"_links":{"self":[{"href":"https:\/\/secureus.se\/no\/wp-json\/wp\/v2\/product\/56929","targetHints":{"allow":["GET"]}}],"collection":[{"href":"https:\/\/secureus.se\/no\/wp-json\/wp\/v2\/product"}],"about":[{"href":"https:\/\/secureus.se\/no\/wp-json\/wp\/v2\/types\/product"}],"wp:featuredmedia":[{"embeddable":true,"href":"https:\/\/secureus.se\/no\/wp-json\/wp\/v2\/media\/163673"}],"wp:attachment":[{"href":"https:\/\/secureus.se\/no\/wp-json\/wp\/v2\/media?parent=56929"}],"wp:term":[{"taxonomy":"product_brand","embeddable":true,"href":"https:\/\/secureus.se\/no\/wp-json\/wp\/v2\/product_brand?post=56929"},{"taxonomy":"product_cat","embeddable":true,"href":"https:\/\/secureus.se\/no\/wp-json\/wp\/v2\/product_cat?post=56929"},{"taxonomy":"product_tag","embeddable":true,"href":"https:\/\/secureus.se\/no\/wp-json\/wp\/v2\/product_tag?post=56929"}],"curies":[{"name":"wp","href":"https:\/\/api.w.org\/{rel}","templated":true}]}}