{"id":56963,"date":"2022-03-10T16:01:00","date_gmt":"2022-03-10T15:01:00","guid":{"rendered":"https:\/\/secureus.se\/produkt\/armband-silikon-fast-mifare1k-storlek-55-mm-small-4\/"},"modified":"2026-04-10T10:26:16","modified_gmt":"2026-04-10T08:26:16","slug":"rfid-armband-silikon-fast-mifare1k-storlek-55-mm-small-4","status":"publish","type":"product","link":"https:\/\/secureus.se\/no\/rfid-armband-silikon-fast-mifare1k-storlek-55-mm-small-4\/","title":{"rendered":"RFID-armb\u00e5nd Mifare 1K \u2013 Liten, svart, 55 mm"},"content":{"rendered":"<p>V\u00e5re RFID-armb\u00e5nd er tilgjengelige i forskjellige st\u00f8rrelser og farger. Du velger ogs\u00e5 hvilken teknologi du \u00f8nsker montert i armb\u00e5ndet. \u00d8nsker du tall inngravert, kontakt oss f\u00f8r bestilling. Vi har mange flere versjoner av armb\u00e5nd slik at du alltid kan kontakte oss for den beste prisen uansett modell.<\/p>","protected":false},"excerpt":{"rendered":"<p>Armb\u00e5nd kan bestilles i alle farger med en minimumsbestillingsverdi p\u00e5 100 enheter. Vennligst kontakt oss for den beste prisen.<\/p>","protected":false},"featured_media":145080,"template":"","meta":{"_acf_changed":false},"product_brand":[],"product_cat":[1849],"product_tag":[2958],"class_list":{"0":"post-56963","1":"product","2":"type-product","3":"status-publish","4":"has-post-thumbnail","6":"product_cat-rfid-armband","7":"product_tag-stonehouse-produkt","8":"product_shipping_class-postnord-varubrev","9":"pa_brands-stonehouse-security","10":"pa_rfid-armband-farg-svart","11":"pa_rfid-armband-modell-fast-storlek-small-55-mm","12":"pa_rfid-armband-teknik-mifare1k","13":"tm-has-options","15":"first","16":"instock","17":"sale","18":"featured","19":"taxable","20":"shipping-taxable","21":"purchasable","22":"product-type-simple"},"acf":[],"_links":{"self":[{"href":"https:\/\/secureus.se\/no\/wp-json\/wp\/v2\/product\/56963","targetHints":{"allow":["GET"]}}],"collection":[{"href":"https:\/\/secureus.se\/no\/wp-json\/wp\/v2\/product"}],"about":[{"href":"https:\/\/secureus.se\/no\/wp-json\/wp\/v2\/types\/product"}],"wp:featuredmedia":[{"embeddable":true,"href":"https:\/\/secureus.se\/no\/wp-json\/wp\/v2\/media\/145080"}],"wp:attachment":[{"href":"https:\/\/secureus.se\/no\/wp-json\/wp\/v2\/media?parent=56963"}],"wp:term":[{"taxonomy":"product_brand","embeddable":true,"href":"https:\/\/secureus.se\/no\/wp-json\/wp\/v2\/product_brand?post=56963"},{"taxonomy":"product_cat","embeddable":true,"href":"https:\/\/secureus.se\/no\/wp-json\/wp\/v2\/product_cat?post=56963"},{"taxonomy":"product_tag","embeddable":true,"href":"https:\/\/secureus.se\/no\/wp-json\/wp\/v2\/product_tag?post=56963"}],"curies":[{"name":"wp","href":"https:\/\/api.w.org\/{rel}","templated":true}]}}