{"id":56986,"date":"2022-03-10T15:57:00","date_gmt":"2022-03-10T14:57:00","guid":{"rendered":"https:\/\/secureus.se\/produkt\/ackumulator-batteri-12v-1-2-ah\/"},"modified":"2026-04-02T11:14:42","modified_gmt":"2026-04-02T09:14:42","slug":"agm-batteri-12v-12ah-2","status":"publish","type":"product","link":"https:\/\/secureus.se\/no\/agm-batteri-12v-12ah-2\/","title":{"rendered":"Batteri 12V 1,2Ah Pro-versjon"},"content":{"rendered":"<h1>AGM Batteri 12V 1,2Ah 12V<\/h1>\n<p>Vedlikeholdsfritt alarmbatteri for reservestr\u00f8m i alarmanlegg, 12 volt, 1,2 Ah<\/p>\n<p>L=97 mm, B=42 mm, H=52 mm<\/p>\n<p>Vekt 0,55 kg<\/p>\n<p>Batterier spiller en avgj\u00f8rende rolle i sikkerhets- og alarmsystemer, hvor p\u00e5litelig str\u00f8mforsyning er av st\u00f8rste betydning. Blant de ulike alternativene p\u00e5 markedet har AGM (Absorbent Glass Mat) batterier etablert seg som en p\u00e5litelig og h\u00f8ykvalitets l\u00f8sning for slike bruksomr\u00e5der.<\/p>\n<p>AGM-batterier bruker en glassmatteseparator for \u00e5 absorbere og holde elektrolytten p\u00e5 plass, noe som gj\u00f8r dem ideelle for bruk i milj\u00f8er hvor det er viktig \u00e5 minimere risikoen for lekkasje.<\/p>\n<p>Denne utformingen gir ogs\u00e5 en h\u00f8y grad av p\u00e5litelighet og ytelse selv under krevende forhold, noe som er avgj\u00f8rende for sikkerhets- og alarmapplikasjoner hvor batteriene m\u00e5 fungere uten avbrudd.<\/p>\n<p>En av de mest verdsatte egenskapene til AGM-batterier er deres lave vedlikeholdskrav.<\/p>\n<p>De krever minimalt med vedlikehold og har lang levetid, noe som gj\u00f8r dem kostnadseffektive over tid. I tillegg har AGM-teknologi vist seg \u00e5 v\u00e6re motstandsdyktig mot dyp utladning, som er en vanlig \u00e5rsak til batterisvikt i sikkerhetssystemer.<\/p>\n<p>N\u00e5r det kommer til kvalitet er det viktig \u00e5 velge AGM-batterier fra p\u00e5litelige produsenter som bruker materialer og produksjonsprosesser av h\u00f8y kvalitet.<\/p>\n<p>Investering i batterier av god kvalitet er et forebyggende tiltak for \u00e5 sikre at sikkerhet og alarmsystemer fungerer som de skal n\u00e5r de virkelig trengs.<\/p>\n<p>Avslutningsvis tilbyr AGM-batterier en p\u00e5litelig og h\u00f8ykvalitets str\u00f8mkilde for sikkerhets- og alarmapplikasjoner.<\/p>\n<p>Deres lave vedlikeholdskrav, lange levetid og motstand mot dyp utladning gj\u00f8r dem til et utmerket valg for alle som prioriterer p\u00e5litelighet og ytelse i systemene sine.<\/p>\n<p>AGM Batteri 12V 1,2Ah 12V<\/p>","protected":false},"excerpt":{"rendered":"<p>AGM Batteri 1,2 AH for telekommunikasjon, alarmer og sikkerhetssystemer.<\/p>","protected":false},"featured_media":145274,"template":"","meta":{"_acf_changed":false},"product_brand":[],"product_cat":[1596],"product_tag":[4513,2419],"class_list":{"0":"post-56986","1":"product","2":"type-product","3":"status-publish","4":"has-post-thumbnail","6":"product_cat-ackumulatorer-12v-agm-batterier","7":"product_tag-batteri-1-6-ah","8":"product_tag-rel-batteri","9":"product_shipping_class-tunga-paket","10":"tm-no-options","12":"first","13":"instock","14":"sale","15":"featured","16":"taxable","17":"shipping-taxable","18":"purchasable","19":"product-type-simple"},"acf":[],"_links":{"self":[{"href":"https:\/\/secureus.se\/no\/wp-json\/wp\/v2\/product\/56986","targetHints":{"allow":["GET"]}}],"collection":[{"href":"https:\/\/secureus.se\/no\/wp-json\/wp\/v2\/product"}],"about":[{"href":"https:\/\/secureus.se\/no\/wp-json\/wp\/v2\/types\/product"}],"wp:featuredmedia":[{"embeddable":true,"href":"https:\/\/secureus.se\/no\/wp-json\/wp\/v2\/media\/145274"}],"wp:attachment":[{"href":"https:\/\/secureus.se\/no\/wp-json\/wp\/v2\/media?parent=56986"}],"wp:term":[{"taxonomy":"product_brand","embeddable":true,"href":"https:\/\/secureus.se\/no\/wp-json\/wp\/v2\/product_brand?post=56986"},{"taxonomy":"product_cat","embeddable":true,"href":"https:\/\/secureus.se\/no\/wp-json\/wp\/v2\/product_cat?post=56986"},{"taxonomy":"product_tag","embeddable":true,"href":"https:\/\/secureus.se\/no\/wp-json\/wp\/v2\/product_tag?post=56986"}],"curies":[{"name":"wp","href":"https:\/\/api.w.org\/{rel}","templated":true}]}}