{"id":56989,"date":"2022-03-10T15:57:00","date_gmt":"2022-03-10T14:57:00","guid":{"rendered":"https:\/\/secureus.se\/produkt\/ackumulator-batteri-12v-3-6-ah\/"},"modified":"2026-04-15T16:08:57","modified_gmt":"2026-04-15T14:08:57","slug":"agm-batteri-12v-36ah","status":"publish","type":"product","link":"https:\/\/secureus.se\/no\/agm-batteri-12v-36ah\/","title":{"rendered":"Batteri 12V 3,6Ah Pro-versjon"},"content":{"rendered":"<h1>AGM Batteri 12V 3,6Ah<\/h1>\n<p data-start=\"444\" data-end=\"891\">AGM-batteri 12V 3,6Ah er en p\u00e5litelig str\u00f8mkilde for sikkerhets- og alarmsystemer, der det er avgj\u00f8rende \u00e5 ha en konstant og p\u00e5litelig str\u00f8mforsyning.<\/p>\n<p data-start=\"444\" data-end=\"891\">Batteriet er konstruert for \u00e5 v\u00e6re vedlikeholdsfritt, noe som betyr at det krever minimalt tilsyn og har en lang levetid p\u00e5 opptil tre \u00e5r.<\/p>\n<p data-start=\"444\" data-end=\"891\">For \u00e5 sikre at batteriet fortsetter \u00e5 levere tilstrekkelig reservestr\u00f8m, b\u00f8r det byttes ut etter omtrent tre \u00e5r, uavhengig av status.<\/p>\n<p data-start=\"893\" data-end=\"1268\">Denne AGM-teknologien (Absorbent Glass Mat) bruker en glassmatteseparator for \u00e5 absorbere og holde elektrolytten p\u00e5 plass, noe som gj\u00f8r batteriet ekstremt motstandsdyktig mot lekkasje og sikrer h\u00f8y ytelse selv i krevende milj\u00f8er.<\/p>\n<p data-start=\"893\" data-end=\"1268\">Dette gj\u00f8r AGM-batterier til en ideell l\u00f8sning for applikasjoner som alarmer og telekommunikasjonssystemer, der batterip\u00e5litelighet er av st\u00f8rste betydning.<\/p>\n<p data-start=\"1270\" data-end=\"1543\">AGM-batteriets konstruksjon gj\u00f8r det ogs\u00e5 mer motstandsdyktig mot dyputlading enn tradisjonelle blysyrebatterier, noe som reduserer risikoen for batterifeil i sikkerhetssystemer.<\/p>\n<p data-start=\"1270\" data-end=\"1543\">I tillegg har AGM-batterier generelt lang levetid, noe som gj\u00f8r dem kostnadseffektive over tid.<\/p>\n<p data-start=\"1545\" data-end=\"1788\">Batteriet er kompakt og lett, noe som gj\u00f8r det enkelt \u00e5 installere i de fleste alarmsystemer og sikkerhetsutstyr.<\/p>\n<p data-start=\"1545\" data-end=\"1788\">M\u00e5lene p\u00e5 134 x 34 x 66 mm og en vekt p\u00e5 0,635 kg gj\u00f8r den kompatibel med en rekke sikkerhetssystemer.<\/p>\n<p data-start=\"1790\" data-end=\"1820\"><strong data-start=\"1790\" data-end=\"1818\">Hovedfunksjoner:<\/strong><\/p>\n<ul data-start=\"1821\" data-end=\"2171\">\n<li data-start=\"1821\" data-end=\"1842\">\n<p data-start=\"1823\" data-end=\"1842\"><strong data-start=\"1823\" data-end=\"1836\">Spenning:<\/strong> 12V<\/p>\n<\/li>\n<li data-start=\"1843\" data-end=\"1868\">\n<p data-start=\"1845\" data-end=\"1868\"><strong data-start=\"1845\" data-end=\"1859\">Kapasitet:<\/strong> 3,6 Ah<\/p>\n<\/li>\n<li data-start=\"1869\" data-end=\"1913\">\n<p data-start=\"1871\" data-end=\"1913\"><strong data-start=\"1871\" data-end=\"1885\">Teknologi:<\/strong> AGM (Absorberende Glassmatte)<\/p>\n<\/li>\n<li data-start=\"1914\" data-end=\"1955\">\n<p data-start=\"1916\" data-end=\"1955\"><strong data-start=\"1916\" data-end=\"1928\">St\u00f8rrelse:<\/strong> 134 x 34 x 66 mm (L x B x H)<\/p>\n<\/li>\n<li data-start=\"1979\" data-end=\"2006\">\n<p data-start=\"1981\" data-end=\"2006\"><strong data-start=\"1981\" data-end=\"2001\">Vedlikeholdsfri:<\/strong> Ja<\/p>\n<\/li>\n<li data-start=\"2007\" data-end=\"2053\">\n<p data-start=\"2009\" data-end=\"2053\"><strong data-start=\"2009\" data-end=\"2024\">Bruk:<\/strong> Alarm- og telekommunikasjonssystemer<\/p>\n<\/li>\n<li data-start=\"2054\" data-end=\"2086\">\n<p data-start=\"2056\" data-end=\"2086\"><strong data-start=\"2056\" data-end=\"2070\">Levetid:<\/strong> Inntil 3 \u00e5r<\/p>\n<\/li>\n<li data-start=\"2087\" data-end=\"2132\">\n<p data-start=\"2089\" data-end=\"2132\"><strong data-start=\"2089\" data-end=\"2127\">Motstand mot dyp utladning:<\/strong> Ja<\/p>\n<\/li>\n<li data-start=\"2133\" data-end=\"2171\">\n<p data-start=\"2135\" data-end=\"2171\"><strong data-start=\"2135\" data-end=\"2164\">Leverand\u00f8rens artikkelnummer:<\/strong> 500036<\/p>\n<\/li>\n<\/ul>\n<p data-start=\"2173\" data-end=\"2188\"><strong data-start=\"2173\" data-end=\"2186\">Fordeler:<\/strong><\/p>\n<ul data-start=\"2189\" data-end=\"2510\">\n<li data-start=\"2189\" data-end=\"2242\">\n<p data-start=\"2191\" data-end=\"2242\"><strong data-start=\"2191\" data-end=\"2210\">Vedlikeholdsfri<\/strong> \u2013 Krever minimalt med tilsyn<\/p>\n<\/li>\n<li data-start=\"2243\" data-end=\"2319\">\n<p data-start=\"2245\" data-end=\"2319\"><strong data-start=\"2245\" data-end=\"2269\">H\u00f8y p\u00e5litelighet<\/strong> \u2013 Ideell for sikkerhets- og alarmapplikasjoner<\/p>\n<\/li>\n<li data-start=\"2320\" data-end=\"2419\">\n<p data-start=\"2322\" data-end=\"2419\"><strong data-start=\"2322\" data-end=\"2354\">Lekkasjebestandig<\/strong> \u2013 Egnet for bruk i milj\u00f8er der p\u00e5litelighet er avgj\u00f8rende<\/p>\n<\/li>\n<li data-start=\"2420\" data-end=\"2510\">\n<p data-start=\"2422\" data-end=\"2510\"><strong data-start=\"2422\" data-end=\"2440\">Lang levetid<\/strong> \u2013 Tilbyr kostnadseffektive l\u00f8sninger for systemer med langvarig bruk<\/p>\n<\/li>\n<\/ul>\n<p data-start=\"2512\" data-end=\"2734\">Kort sagt tilbyr AGM-batteriet 12V 3,6Ah en p\u00e5litelig og effektiv l\u00f8sning for sikkerhets- og alarmsystemer, noe som gj\u00f8r det til et utmerket valg for alle som prioriterer holdbarhet og p\u00e5litelighet i systemene sine.<\/p>","protected":false},"excerpt":{"rendered":"<p>AGM-batteri 12V 3,6Ah er et vedlikeholdsfritt batteri designet for alarmsystemer og telekommunikasjonssystemer som krever en 12-volts str\u00f8mkilde.<\/p>\n<p>Med lang levetid og motstand mot dyp utlading sikrer den at systemet ditt har p\u00e5litelig reservestr\u00f8m i opptil tre \u00e5r.<\/p>","protected":false},"featured_media":156159,"template":"","meta":{"_acf_changed":false},"product_brand":[],"product_cat":[1596,1862],"product_tag":[2179,2419,2426],"class_list":{"0":"post-56989","1":"product","2":"type-product","3":"status-publish","4":"has-post-thumbnail","6":"product_cat-ackumulatorer-12v-agm-batterier","7":"product_cat-batterier-knappcell","8":"product_tag-batteri-1-6-ah-2","9":"product_tag-rel-batteri","10":"product_tag-rel-risco","11":"product_shipping_class-tunga-paket","12":"tm-no-options","14":"first","15":"instock","16":"sale","17":"featured","18":"taxable","19":"shipping-taxable","20":"purchasable","21":"product-type-simple"},"acf":[],"_links":{"self":[{"href":"https:\/\/secureus.se\/no\/wp-json\/wp\/v2\/product\/56989","targetHints":{"allow":["GET"]}}],"collection":[{"href":"https:\/\/secureus.se\/no\/wp-json\/wp\/v2\/product"}],"about":[{"href":"https:\/\/secureus.se\/no\/wp-json\/wp\/v2\/types\/product"}],"wp:featuredmedia":[{"embeddable":true,"href":"https:\/\/secureus.se\/no\/wp-json\/wp\/v2\/media\/156159"}],"wp:attachment":[{"href":"https:\/\/secureus.se\/no\/wp-json\/wp\/v2\/media?parent=56989"}],"wp:term":[{"taxonomy":"product_brand","embeddable":true,"href":"https:\/\/secureus.se\/no\/wp-json\/wp\/v2\/product_brand?post=56989"},{"taxonomy":"product_cat","embeddable":true,"href":"https:\/\/secureus.se\/no\/wp-json\/wp\/v2\/product_cat?post=56989"},{"taxonomy":"product_tag","embeddable":true,"href":"https:\/\/secureus.se\/no\/wp-json\/wp\/v2\/product_tag?post=56989"}],"curies":[{"name":"wp","href":"https:\/\/api.w.org\/{rel}","templated":true}]}}