{"id":56997,"date":"2022-03-10T15:57:00","date_gmt":"2022-03-10T14:57:00","guid":{"rendered":"https:\/\/secureus.se\/produkt\/batteri-lithium-cr2-850-mah-3-volt-fran-pk-cell-ej-uppladningsbart\/"},"modified":"2026-03-18T23:01:15","modified_gmt":"2026-03-18T22:01:15","slug":"batteri-lithium-cr2-850-mah-3-volt-fran-pk-cell-ej-uppladningsbart","status":"publish","type":"product","link":"https:\/\/secureus.se\/no\/batteri-lithium-cr2-850-mah-3-volt-fran-pk-cell-ej-uppladningsbart\/","title":{"rendered":"Batteri Lithium CR2 850 mAh 3 volt fra PK-celle"},"content":{"rendered":"<h1>Batteri Lithium CR2 850 mAh 3 volt fra PK-celle<\/h1>\n<p data-start=\"528\" data-end=\"909\">Lithium CR2 850mAh 3V-batteriet fra PK-Cell er et kraftig og p\u00e5litelig batteri som gir langvarig ytelse for en rekke enheter.<\/p>\n<p data-start=\"528\" data-end=\"909\">Dette ikke-oppladbare litiumbatteriet er designet for \u00e5 levere konsistent og p\u00e5litelig kraft i applikasjoner som krever h\u00f8y kapasitet og lang levetid, for eksempel digitale kameraer, sikkerhetsprodukter og andre elektroniske enheter.<\/p>\n<p data-start=\"911\" data-end=\"1391\">Med en nominell spenning p\u00e5 3,0V og en kapasitet p\u00e5 850mAh gir CR2-batteriet langvarig og stabil str\u00f8mforsyning.<\/p>\n<p data-start=\"911\" data-end=\"1391\">Batteriets kontinuerlige utlading ved 5mA produserer en spenning p\u00e5 2,0V ved 20\u00b13\u2103, noe som gj\u00f8r det til et utmerket valg for enheter som krever konstant str\u00f8m over en lengre periode.<\/p>\n<p data-start=\"911\" data-end=\"1391\">Ved h\u00f8yere belastning er batteriet i stand til \u00e5 h\u00e5ndtere en konstant str\u00f8m p\u00e5 opptil 1000mA og pulsstr\u00f8m p\u00e5 2000mA, noe som gir fleksibilitet til \u00e5 st\u00f8tte kraftigere enheter ved behov.<\/p>\n<p data-start=\"1393\" data-end=\"1716\">CR2-batteriet er spesielt nyttig i en rekke bruksomr\u00e5der, inkludert sikkerhetsprodukter der h\u00f8y p\u00e5litelighet og lang driftstid er avgj\u00f8rende.<\/p>\n<p data-start=\"1393\" data-end=\"1716\">Den robuste konstruksjonen betyr at den fungerer godt i temperaturer fra -40\u00b0C til +80\u00b0C, noe som gir ekstra fleksibilitet og sikkerhet for bruk under t\u00f8ffe forhold.<\/p>\n<p data-start=\"1718\" data-end=\"2045\">Batteriet er designet med lang holdbarhet og lang lagringstid.<\/p>\n<p data-start=\"1718\" data-end=\"2045\">N\u00e5r det er nykj\u00f8pt, viser batteriet en spenning p\u00e5 3,10V til 3,30V, og det holder en stabil spenning p\u00e5 \u22653,00V etter 12 m\u00e5neders lagring.<\/p>\n<p data-start=\"1718\" data-end=\"2045\">Dette lar deg lagre batteriet i lengre perioder uten \u00e5 bekymre deg for at ytelsen blir d\u00e5rligere.<\/p>\n<p data-start=\"2047\" data-end=\"2371\">CR2-batteriet er ogs\u00e5 enkelt \u00e5 bruke. Det krever ingen lading, noe som gj\u00f8r det enkelt \u00e5 bytte ut n\u00e5r det er p\u00e5 tide \u00e5 bytte batteri i enhetene dine.<\/p>\n<p data-start=\"2047\" data-end=\"2371\">Det er ogs\u00e5 viktig \u00e5 merke seg at CR2-batteriet ikke er oppladbart og b\u00f8r h\u00e5ndteres og oppbevares forsiktig for \u00e5 unng\u00e5 skader som lekkasje eller eksplosjon.<\/p>\n<p data-start=\"2373\" data-end=\"2643\">Avslutningsvis tilbyr PK-Cell CR2 850mAh 3V-batteriet en p\u00e5litelig og langvarig l\u00f8sning for en rekke bruksomr\u00e5der som krever h\u00f8y ytelse og sikkerhet.<\/p>\n<p data-start=\"2373\" data-end=\"2643\">Med sin robuste design og p\u00e5litelige kapasitet er dette batteriet en uunnv\u00e6rlig komponent for mange enheter.<\/p>","protected":false},"excerpt":{"rendered":"<p>Lithium CR2 850mAh 3V-batteriet fra PK-Cell er et ikke-oppladbart litiumbatteri, ideelt for bruk i digitale kameraer, sikkerhetsprodukter og andre enheter som krever h\u00f8y ytelse.<\/p>\n<p>Med en kapasitet p\u00e5 850mAh og en konstant maksimal str\u00f8m p\u00e5 1000mA, tilbyr dette batteriet langvarig og p\u00e5litelig drift.<\/p>","protected":false},"featured_media":145546,"template":"","meta":{"_acf_changed":false},"product_brand":[],"product_cat":[1862],"product_tag":[2419],"class_list":{"0":"post-56997","1":"product","2":"type-product","3":"status-publish","4":"has-post-thumbnail","6":"product_cat-batterier-knappcell","7":"product_tag-rel-batteri","8":"product_shipping_class-postnord-varubrev","9":"pa_brands-pk-cell","10":"tm-no-options","12":"first","13":"instock","14":"sale","15":"featured","16":"taxable","17":"shipping-taxable","18":"purchasable","19":"product-type-simple"},"acf":[],"_links":{"self":[{"href":"https:\/\/secureus.se\/no\/wp-json\/wp\/v2\/product\/56997","targetHints":{"allow":["GET"]}}],"collection":[{"href":"https:\/\/secureus.se\/no\/wp-json\/wp\/v2\/product"}],"about":[{"href":"https:\/\/secureus.se\/no\/wp-json\/wp\/v2\/types\/product"}],"wp:featuredmedia":[{"embeddable":true,"href":"https:\/\/secureus.se\/no\/wp-json\/wp\/v2\/media\/145546"}],"wp:attachment":[{"href":"https:\/\/secureus.se\/no\/wp-json\/wp\/v2\/media?parent=56997"}],"wp:term":[{"taxonomy":"product_brand","embeddable":true,"href":"https:\/\/secureus.se\/no\/wp-json\/wp\/v2\/product_brand?post=56997"},{"taxonomy":"product_cat","embeddable":true,"href":"https:\/\/secureus.se\/no\/wp-json\/wp\/v2\/product_cat?post=56997"},{"taxonomy":"product_tag","embeddable":true,"href":"https:\/\/secureus.se\/no\/wp-json\/wp\/v2\/product_tag?post=56997"}],"curies":[{"name":"wp","href":"https:\/\/api.w.org\/{rel}","templated":true}]}}