{"id":56998,"date":"2022-03-10T15:57:00","date_gmt":"2022-03-10T14:57:00","guid":{"rendered":"https:\/\/secureus.se\/produkt\/ackumulator-batteri-agm-helios-12v-28ah\/"},"modified":"2026-04-29T15:29:38","modified_gmt":"2026-04-29T13:29:38","slug":"agm-batteri-12v-28ah","status":"publish","type":"product","link":"https:\/\/secureus.se\/no\/agm-batteri-12v-28ah\/","title":{"rendered":"Batteri 12V 28Ah HELIOS 8\u201310 \u00e5r Pro-versjon"},"content":{"rendered":"<h1>AGM-batteri 12V 28Ah HELIOS AGM-batteri 8-10 \u00e5r<\/h1>\n<h2>P\u00e5litelig str\u00f8mforsyning for alarmer, UPS og telekommunikasjonssystemer<\/h2>\n<p>Velkommen til v\u00e5rt utvalg av Helios AGM-batterier, ogs\u00e5 kjent som batterier, designet for \u00e5 m\u00f8te behovene til alarmer, UPS og telekommunikasjon.<\/p>\n<p>Med en kapasitet p\u00e5 28Ah og en spenning p\u00e5 12V tilbyr batteriene v\u00e5re p\u00e5litelig og langvarig str\u00f8mforsyning for ulike bruksomr\u00e5der, inkludert backupl\u00f8sninger.<\/p>\n<h3>Kvalitetsfokus<\/h3>\n<p>V\u00e5re Helios AGM-batterier er produsert av n\u00f8ye utvalgte produsenter med stort fokus p\u00e5 kvalitet. Alle batterier er sertifisert i henhold til ISO-standarder for kvalitet og milj\u00f8, noe som garanterer en h\u00f8y standard for ytelse og p\u00e5litelighet.<\/p>\n<h3>AGM-batteri 12V 28Ah med sv\u00e6rt lav feilfrekvens<\/h3>\n<p>Med en sv\u00e6rt lav feilrate p\u00e5 mindre enn 0,03% fra fabrikken, kan du stole p\u00e5 at v\u00e5re Helios AGM-batterier er designet for \u00e5 vare og levere p\u00e5litelig kraft i lang tid.<\/p>\n<h3>Optimalisert kostnad<\/h3>\n<p>V\u00e5r ambisjon er \u00e5 kunne tilby disse h\u00f8ykvalitets AGM-batteriene til ditt lager til lavest mulig pris, slik at du kan ha tilgang til p\u00e5litelig str\u00f8m uten \u00e5 g\u00e5 p\u00e5 kompromiss med kvaliteten.<\/p>\n<h3>Bruk for sikkerhetskopiering<\/h3>\n<p>Helios-serien tilbyr et bredt spekter av batterikapasiteter fra 7 til 45 Ah, noe som gj\u00f8r det mulig \u00e5 finne den rette l\u00f8sningen for dine spesifikke backupbehov innen alarmer, UPS og telekommunikasjon.<\/p>\n<p>Med Helios AGM-batteriet kan du v\u00e6re sikker p\u00e5 at du har en p\u00e5litelig og kostnadseffektiv l\u00f8sning for din reservestr\u00f8mforsyning, uansett om det er for alarmer, UPS eller telekomanlegg som trenger backupdrift.<\/p>\n<p>St\u00f8rrelse 181x77x167 (LxBxH)<\/p>\n<p>St\u00f8rrelse 175x166x126 (LxBxH)<\/p>\n<p>Vekt 9 kg<\/p>\n<p><span class=\"ui-provider a b c d e f g h i j k l m n o p q r s t u v w x y z ab ac ae af ag ah ai aj ak\" dir=\"ltr\">Helios-batterier er produsert med f\u00f8lgende sertifikater: CE, UL, ROSH, ISO9000, ISO14000 og ISO18000<\/span><\/p>","protected":false},"excerpt":{"rendered":"<p>AGM Batteri 28 AH 8-10 \u00e5rs levetid for telekom, alarm og sikkerhetssystemer.<\/p>","protected":false},"featured_media":0,"template":"","meta":{"_acf_changed":false},"product_brand":[],"product_cat":[1596],"product_tag":[4406],"class_list":{"0":"post-56998","1":"product","2":"type-product","3":"status-publish","5":"product_cat-ackumulatorer-12v-agm-batterier","6":"product_tag-batteri-13-45-ah","7":"product_shipping_class-tunga-paket","8":"pa_brands-stonehouse-security","9":"tm-no-options","11":"first","12":"outofstock","13":"sale","14":"featured","15":"taxable","16":"shipping-taxable","17":"purchasable","18":"product-type-simple"},"acf":[],"_links":{"self":[{"href":"https:\/\/secureus.se\/no\/wp-json\/wp\/v2\/product\/56998","targetHints":{"allow":["GET"]}}],"collection":[{"href":"https:\/\/secureus.se\/no\/wp-json\/wp\/v2\/product"}],"about":[{"href":"https:\/\/secureus.se\/no\/wp-json\/wp\/v2\/types\/product"}],"wp:attachment":[{"href":"https:\/\/secureus.se\/no\/wp-json\/wp\/v2\/media?parent=56998"}],"wp:term":[{"taxonomy":"product_brand","embeddable":true,"href":"https:\/\/secureus.se\/no\/wp-json\/wp\/v2\/product_brand?post=56998"},{"taxonomy":"product_cat","embeddable":true,"href":"https:\/\/secureus.se\/no\/wp-json\/wp\/v2\/product_cat?post=56998"},{"taxonomy":"product_tag","embeddable":true,"href":"https:\/\/secureus.se\/no\/wp-json\/wp\/v2\/product_tag?post=56998"}],"curies":[{"name":"wp","href":"https:\/\/api.w.org\/{rel}","templated":true}]}}