{"id":57001,"date":"2022-03-10T15:57:00","date_gmt":"2022-03-10T14:57:00","guid":{"rendered":"https:\/\/secureus.se\/produkt\/longlife-aa-lr06-batteri-4-pack-fran-pk-cell-ej-uppladdningsbart\/"},"modified":"2026-01-05T10:37:26","modified_gmt":"2026-01-05T09:37:26","slug":"longlife-aa-lr06-batteri-4-pack-fran-pk-cell-ej-uppladdningsbart","status":"publish","type":"product","link":"https:\/\/secureus.se\/no\/longlife-aa-lr06-batteri-4-pack-fran-pk-cell-ej-uppladdningsbart\/","title":{"rendered":"Batteri AA LR06 Batteri 4-pakning LR06 Batteri 4-pakning Lang levetid"},"content":{"rendered":"<p>AA - LR06 1,5 Volt er et sv\u00e6rt allsidig batteri og fungerer i alle produkttyper som krever det lille ekstra, som sikkerhetsprodukter og andre produkter som trenger lang levetid.<\/p>\n<p>Fordi dette batteriet er tilgjengelig i en praktisk 4-pakning sparer du b\u00e5de p\u00e5 milj\u00f8et og ikke-kj\u00f8pskostnader.<\/p>\n<p>Batteriene har h\u00f8y imponerende ytelse og lang levetid som PK-cell er kjent for.<\/p>","protected":false},"excerpt":{"rendered":"<p>AA - LR06 1,5 Volt er et sv\u00e6rt allsidig batteri og fungerer i alle produkttyper som krever det lille ekstra, som sikkerhetsprodukter og andre produkter som trenger lang levetid. Fordi dette<\/p>","protected":false},"featured_media":145549,"template":"","meta":{"_acf_changed":false},"product_brand":[],"product_cat":[1324,1862],"product_tag":[2419],"class_list":{"0":"post-57001","1":"product","2":"type-product","3":"status-publish","4":"has-post-thumbnail","6":"product_cat-outlet","7":"product_cat-batterier-knappcell","8":"product_tag-rel-batteri","9":"product_shipping_class-postnord-varubrev","10":"pa_brands-pk-cell","11":"tm-no-options","13":"first","14":"outofstock","15":"sale","16":"featured","17":"taxable","18":"shipping-taxable","19":"purchasable","20":"product-type-simple"},"acf":[],"_links":{"self":[{"href":"https:\/\/secureus.se\/no\/wp-json\/wp\/v2\/product\/57001","targetHints":{"allow":["GET"]}}],"collection":[{"href":"https:\/\/secureus.se\/no\/wp-json\/wp\/v2\/product"}],"about":[{"href":"https:\/\/secureus.se\/no\/wp-json\/wp\/v2\/types\/product"}],"wp:featuredmedia":[{"embeddable":true,"href":"https:\/\/secureus.se\/no\/wp-json\/wp\/v2\/media\/145549"}],"wp:attachment":[{"href":"https:\/\/secureus.se\/no\/wp-json\/wp\/v2\/media?parent=57001"}],"wp:term":[{"taxonomy":"product_brand","embeddable":true,"href":"https:\/\/secureus.se\/no\/wp-json\/wp\/v2\/product_brand?post=57001"},{"taxonomy":"product_cat","embeddable":true,"href":"https:\/\/secureus.se\/no\/wp-json\/wp\/v2\/product_cat?post=57001"},{"taxonomy":"product_tag","embeddable":true,"href":"https:\/\/secureus.se\/no\/wp-json\/wp\/v2\/product_tag?post=57001"}],"curies":[{"name":"wp","href":"https:\/\/api.w.org\/{rel}","templated":true}]}}