{"id":57073,"date":"2022-03-10T15:47:00","date_gmt":"2022-03-10T14:47:00","guid":{"rendered":"https:\/\/secureus.se\/produkt\/kolmonoxid-co2-detektor-stand-alone-7-ars\/"},"modified":"2026-02-12T17:17:07","modified_gmt":"2026-02-12T16:17:07","slug":"kolmonoxid-co2-detektor-stand-alone-7-ars","status":"publish","type":"product","link":"https:\/\/secureus.se\/no\/kolmonoxid-co2-detektor-stand-alone-7-ars\/","title":{"rendered":"Karbonmonoksiddetektor CO Stand Alone 7 \u00e5r"},"content":{"rendered":"<p>Str\u00f8mforsyning: DC 6V batterier, (4 stk 1,5 volt, litium)<\/p>\n<p>Karbonmonoksiddetektor som fungerer frittst\u00e5ende med batteridrift i opptil 10 \u00e5r.<\/p>\n<p>Reagerer p\u00e5 giftig CO-gass og alarmer via den innebygde sirenen og visuelt via LED.<\/p>\n<p>Du har en knapp for \u00e5 teste produktet p\u00e5 fronten og som ogs\u00e5 demper det ved alarm.<\/p>\n<p>Arbeidstemperatur -10\u2103~+50\u2103<\/p>\n<p>Lydniv\u00e5alarm \u226585dB (3 meter)<\/p>\n<p>Fuktighet \u226495%R.H.<\/p>\n<p>R\u00f8ykf\u00f8lsomhet 1-3% fot<\/p>\n<p>St\u00f8rrelse: 120 x 65 x 35 mm<\/p>\n<p>Vekt: 280 gram<\/p>\n<p>Sertifikat: CE og EN50291-1<\/p>\n<p>3 \u00e5rs garanti.<\/p>","protected":false},"excerpt":{"rendered":"<p>R\u00f8ykvarslere - CO-alarm - Temperaturdetektor - Vibrasjon - Glassknuser - Alltid lav pris<\/p>","protected":false},"featured_media":145359,"template":"","meta":{"_acf_changed":false},"product_brand":[],"product_cat":[4175],"product_tag":[2958],"class_list":{"0":"post-57073","1":"product","2":"type-product","3":"status-publish","4":"has-post-thumbnail","6":"product_cat-kolmonoxid-detektor","7":"product_tag-stonehouse-produkt","8":"product_shipping_class-postnord-varubrev","9":"pa_brands-stonehouse-security","10":"tm-no-options","12":"first","13":"instock","14":"sale","15":"featured","16":"taxable","17":"shipping-taxable","18":"purchasable","19":"product-type-simple"},"acf":[],"_links":{"self":[{"href":"https:\/\/secureus.se\/no\/wp-json\/wp\/v2\/product\/57073","targetHints":{"allow":["GET"]}}],"collection":[{"href":"https:\/\/secureus.se\/no\/wp-json\/wp\/v2\/product"}],"about":[{"href":"https:\/\/secureus.se\/no\/wp-json\/wp\/v2\/types\/product"}],"wp:featuredmedia":[{"embeddable":true,"href":"https:\/\/secureus.se\/no\/wp-json\/wp\/v2\/media\/145359"}],"wp:attachment":[{"href":"https:\/\/secureus.se\/no\/wp-json\/wp\/v2\/media?parent=57073"}],"wp:term":[{"taxonomy":"product_brand","embeddable":true,"href":"https:\/\/secureus.se\/no\/wp-json\/wp\/v2\/product_brand?post=57073"},{"taxonomy":"product_cat","embeddable":true,"href":"https:\/\/secureus.se\/no\/wp-json\/wp\/v2\/product_cat?post=57073"},{"taxonomy":"product_tag","embeddable":true,"href":"https:\/\/secureus.se\/no\/wp-json\/wp\/v2\/product_tag?post=57073"}],"curies":[{"name":"wp","href":"https:\/\/api.w.org\/{rel}","templated":true}]}}