{"id":57109,"date":"2022-03-10T15:42:00","date_gmt":"2022-03-10T14:42:00","guid":{"rendered":"https:\/\/secureus.se\/produkt\/kapsling-small-till-neo-multi-40-va-trafo\/"},"modified":"2026-04-17T09:56:02","modified_gmt":"2026-04-17T07:56:02","slug":"dsc-kapsling-small-40-va","status":"publish","type":"product","link":"https:\/\/secureus.se\/no\/dsc-kapsling-small-40-va\/","title":{"rendered":"Kapsling Multi liten 40 VA transformator for DSC \u2013 Paradox og Risco AWO150"},"content":{"rendered":"<h1><strong>DSC Kapsling Multi (Liten) 40 VA<\/strong> er en allsidig og praktisk l\u00f8sning for montering og beskyttelse av alarmsystemets elektronikk.<\/h1>\n<p>Dette kabinettet er designet for \u00e5 romme en 40 VA transformator og gir en p\u00e5litelig str\u00f8mforsyning for diverse sikkerhetsutstyr, inkludert DSC NEO, Paradox og Risco.<\/p>\n<p>Med sin kompakte st\u00f8rrelse (280 x 290 x 80 mm), er den ideell for b\u00e5de hjemme- og forretningsmilj\u00f8er hvor plassen kan v\u00e6re begrenset.<\/p>\n<p>Kapslingen er laget av robust platemetall og har en IP-beskyttelsesklasse p\u00e5 IP 20, noe som betyr at den er egnet for innend\u00f8rs installasjon.<\/p>\n<p>Den er ogs\u00e5 utstyrt med sabotasjekontakt, som gir ekstra sikkerhet mot uautorisert tilgang. Med to n\u00f8kler inkludert kan du enkelt l\u00e5se kabinettet for \u00e5 beskytte det sensitive utstyret inni.<\/p>\n<p>Transformatoren har en str\u00f8mkapasitet p\u00e5 2,2A\/16VAC og 2A\/18VAC, noe som gj\u00f8r den til en effektiv og kraftig str\u00f8mforsyningskomponent.<\/p>\n<p>Kabinettet st\u00f8tter ogs\u00e5 et 7Ah backup-batteri, som s\u00f8rger for at systemet forblir aktivt selv ved str\u00f8mbrudd.<\/p>\n<p>Enten du installerer et alarmsystem i en bolig eller n\u00e6ringseiendom, tilbyr DSC Enclosure Multi (Small) en p\u00e5litelig og sikker l\u00f8sning for \u00e5 beskytte ditt elektroniske utstyr og sikkerhetsl\u00f8sninger.<\/p>","protected":false},"excerpt":{"rendered":"<p>DSC Kapsling med l\u00e5s og transformator er universal og passer til alle alarmsystemer eller utstyr som trenger str\u00f8mforsyning.<\/p>\n<p>Dette kabinettet er designet for \u00e5 beskytte og overv\u00e5ke elektronikk i ulike installasjonsmilj\u00f8er.<\/p>","protected":false},"featured_media":145206,"template":"","meta":{"_acf_changed":false},"product_brand":[],"product_cat":[3323,1322],"product_tag":[3311,3022],"class_list":{"0":"post-57109","1":"product","2":"type-product","3":"status-publish","4":"has-post-thumbnail","6":"product_cat-kapsling","7":"product_cat-dsc-larm-neo-power-hybridlarm","8":"product_tag-dsc-neo-svensk-manual","9":"product_tag-neo-central-kapslingar","10":"product_shipping_class-postnord-varubrev","11":"pa_brands-pulsar","12":"pa_dsc-neo-hybridlarm-kapslingar-boxar","13":"tm-has-options","15":"first","16":"instock","17":"sale","18":"featured","19":"taxable","20":"shipping-taxable","21":"purchasable","22":"product-type-simple"},"acf":[],"_links":{"self":[{"href":"https:\/\/secureus.se\/no\/wp-json\/wp\/v2\/product\/57109","targetHints":{"allow":["GET"]}}],"collection":[{"href":"https:\/\/secureus.se\/no\/wp-json\/wp\/v2\/product"}],"about":[{"href":"https:\/\/secureus.se\/no\/wp-json\/wp\/v2\/types\/product"}],"wp:featuredmedia":[{"embeddable":true,"href":"https:\/\/secureus.se\/no\/wp-json\/wp\/v2\/media\/145206"}],"wp:attachment":[{"href":"https:\/\/secureus.se\/no\/wp-json\/wp\/v2\/media?parent=57109"}],"wp:term":[{"taxonomy":"product_brand","embeddable":true,"href":"https:\/\/secureus.se\/no\/wp-json\/wp\/v2\/product_brand?post=57109"},{"taxonomy":"product_cat","embeddable":true,"href":"https:\/\/secureus.se\/no\/wp-json\/wp\/v2\/product_cat?post=57109"},{"taxonomy":"product_tag","embeddable":true,"href":"https:\/\/secureus.se\/no\/wp-json\/wp\/v2\/product_tag?post=57109"}],"curies":[{"name":"wp","href":"https:\/\/api.w.org\/{rel}","templated":true}]}}