{"id":57110,"date":"2022-03-10T15:42:00","date_gmt":"2022-03-10T14:42:00","guid":{"rendered":"https:\/\/secureus.se\/produkt\/dsc-neo-knappsats-tradbunden-hs2lcdrf-med-powerg-transceiver-engelsk-text\/"},"modified":"2026-03-22T14:20:53","modified_gmt":"2026-03-22T13:20:53","slug":"dsc-hardwired-keypad-powerg-hs2lcdrf-eng","status":"publish","type":"product","link":"https:\/\/secureus.se\/no\/dsc-hardwired-keypad-powerg-hs2lcdrf-eng\/","title":{"rendered":"DSC Kablet tastatur PowerG HS2LCDRF Radio St\u00f8tter engelsk, fransk, italiensk, tysk, nederlandsk og polsk."},"content":{"rendered":"<p><strong>DSC Kablet tastatur PowerG HS2LCDRF<\/strong> er et avansert kablet tastatur som er perfekt for DSC NEO alarmsystemer.<\/p>\n<p>Dette tastaturet er utstyrt med en tydelig LCD-skjerm som viser informasjon p\u00e5 engelsk samt st\u00f8tte for fem andre spr\u00e5k: fransk, italiensk, tysk, nederlandsk og polsk.<\/p>\n<p>Med en innebygd radiomottaker muliggj\u00f8r HS2LCDRF tilkobling av tr\u00e5dl\u00f8se sensorer og andre NEO-produkter, noe som gir stor fleksibilitet i installasjon og bruk.<\/p>\n<p>Tastaturet har fritt programmerbare tekster for seksjoner og alarmomr\u00e5der og gj\u00f8r det enkelt \u00e5 lese hendelsesminnet direkte p\u00e5 displayet.<\/p>\n<p>Den har fem funksjonstaster for snarveier og tre n\u00f8dtaster for rask tilgang til viktige funksjoner.<\/p>\n<p>Str\u00f8mforbruket er mellom 55 og 105 mA, noe som gj\u00f8r den energieffektiv.<\/p>\n<p>I tillegg tilbyr tastaturet intuitive programmeringsmuligheter og en brukervennlig design, noe som gj\u00f8r det til en ideell l\u00f8sning for b\u00e5de hjem og bedrifter som leter etter p\u00e5litelig og fleksibel sikkerhet.<\/p>","protected":false},"excerpt":{"rendered":"<p>DSC Hardwired Keypad PowerG HS2LCDRF er et kablet tastatur med radio, st\u00f8tter engelsk og fem spr\u00e5k, og tilbyr fleksible sikkerhetsl\u00f8sninger for NEO alarmsystemet.<\/p>","protected":false},"featured_media":145220,"template":"","meta":{"_acf_changed":false},"product_brand":[],"product_cat":[3329,1322],"product_tag":[3311,3028,3029],"class_list":{"0":"post-57110","1":"product","2":"type-product","3":"status-publish","4":"has-post-thumbnail","6":"product_cat-knappsats-kod","7":"product_cat-dsc-larm-neo-power-hybridlarm","8":"product_tag-dsc-neo-svensk-manual","9":"product_tag-neo-knappsats-manoverpaneler","10":"product_tag-neo-dsc-knappsats-manoverpaneler","11":"product_shipping_class-postnord-varubrev","12":"pa_brands-4dsc","13":"pa_dsc-neo-hybridlarm-knappsatser","14":"tm-has-options","16":"first","17":"instock","18":"sale","19":"featured","20":"taxable","21":"shipping-taxable","22":"purchasable","23":"product-type-simple"},"acf":[],"_links":{"self":[{"href":"https:\/\/secureus.se\/no\/wp-json\/wp\/v2\/product\/57110","targetHints":{"allow":["GET"]}}],"collection":[{"href":"https:\/\/secureus.se\/no\/wp-json\/wp\/v2\/product"}],"about":[{"href":"https:\/\/secureus.se\/no\/wp-json\/wp\/v2\/types\/product"}],"wp:featuredmedia":[{"embeddable":true,"href":"https:\/\/secureus.se\/no\/wp-json\/wp\/v2\/media\/145220"}],"wp:attachment":[{"href":"https:\/\/secureus.se\/no\/wp-json\/wp\/v2\/media?parent=57110"}],"wp:term":[{"taxonomy":"product_brand","embeddable":true,"href":"https:\/\/secureus.se\/no\/wp-json\/wp\/v2\/product_brand?post=57110"},{"taxonomy":"product_cat","embeddable":true,"href":"https:\/\/secureus.se\/no\/wp-json\/wp\/v2\/product_cat?post=57110"},{"taxonomy":"product_tag","embeddable":true,"href":"https:\/\/secureus.se\/no\/wp-json\/wp\/v2\/product_tag?post=57110"}],"curies":[{"name":"wp","href":"https:\/\/api.w.org\/{rel}","templated":true}]}}