{"id":57112,"date":"2022-03-10T15:42:00","date_gmt":"2022-03-10T14:42:00","guid":{"rendered":"https:\/\/secureus.se\/produkt\/kapsling-large-till-neo-multi-80-va-trafo\/"},"modified":"2026-04-01T14:36:17","modified_gmt":"2026-04-01T12:36:17","slug":"dsc-kapsling-multi-80-va","status":"publish","type":"product","link":"https:\/\/secureus.se\/no\/dsc-kapsling-multi-80-va\/","title":{"rendered":"Kapsling Multi (stor) med innebygd 80 VA Trafo Multi for DSC \u2013 Paradox og Risco AWO300"},"content":{"rendered":"<h1><strong>DSC Enclosure Multi med innebygget 80 VA<\/strong> transformator er en robust og allsidig l\u00f8sning for alle alarm- og teleinstallasjoner.<\/h1>\n<p>Den er designet for \u00e5 v\u00e6re kompatibel med Risco-, DSC NEO- og Paradox-systemer, noe som gj\u00f8r den til et utmerket valg for brukere som leter etter en p\u00e5litelig og sikker str\u00f8mforsyning.<\/p>\n<p>Huset er laget av metallplate og tilbyr IP-beskyttelse (IP20), som betyr at det er beregnet for innend\u00f8rs bruk.<\/p>\n<p>Transformatoren har en utgang p\u00e5 80 VA og leverer en str\u00f8m p\u00e5 opptil 5 A med forskjellige spenninger (16VAC, 18VAC, 20VAC).<\/p>\n<p>Kabinettet rommer et 7Ah eller 17Ah batteri og har dimensjoner p\u00e5 320 x 400 x 120 mm (\u00b1 2 mm). Den er ogs\u00e5 utstyrt med sabotasjekontakt for \u00e5 sikre ekstra beskyttelse mot uautorisert tilgang. Kapslingen kan monteres p\u00e5 overflaten, noe som letter installasjon i ulike milj\u00f8er.<\/p>\n<p><strong>Teknisk spesifikasjon:<\/strong><\/p>\n<ul>\n<li><strong>N\u00e5v\u00e6rende:<\/strong> 5A \/ 16VAC, 4,5A \/ 18VAC, 4A \/ 20VAC<\/li>\n<li><strong>Batterikapasitet:<\/strong> 1 x 7Ah \/ 1 x 17Ah<\/li>\n<li><strong>M\u00e5le:<\/strong> 320 x 400 x 120 mm (+\/- 2 mm)<\/li>\n<li><strong>Materiale:<\/strong> Tallerken<\/li>\n<li><strong>IP beskyttelse:<\/strong> IP 20 (innend\u00f8rs installasjon)<\/li>\n<\/ul>\n<p>Kapslingen er en effektiv og sikker l\u00f8sning for installasjoner som krever h\u00f8y kvalitet og p\u00e5litelighet.<\/p>\n<p>Det er en del av DSCs forpliktelse til \u00e5 tilby overlegne sikkerhetsl\u00f8sninger for b\u00e5de hjem og bedrifter.<\/p>","protected":false},"excerpt":{"rendered":"<p>DSC Enclosure Multi er et stort kabinett med en innebygd 80 VA transformator, ideell for DSC, Paradox og Risco installasjoner.<\/p>\n<p>Den tilbyr p\u00e5litelig str\u00f8mforsyning og er perfekt for b\u00e5de alarm- og telekommunikasjonsinstallasjoner.<\/p>","protected":false},"featured_media":145079,"template":"","meta":{"_acf_changed":false},"product_brand":[],"product_cat":[3323,1322],"product_tag":[3311,3022],"class_list":{"0":"post-57112","1":"product","2":"type-product","3":"status-publish","4":"has-post-thumbnail","6":"product_cat-kapsling","7":"product_cat-dsc-larm-neo-power-hybridlarm","8":"product_tag-dsc-neo-svensk-manual","9":"product_tag-neo-central-kapslingar","10":"product_shipping_class-postnord-varubrev","11":"pa_brands-pulsar","12":"pa_dsc-neo-hybridlarm-kapslingar-boxar","13":"tm-has-options","15":"first","16":"instock","17":"sale","18":"featured","19":"taxable","20":"shipping-taxable","21":"purchasable","22":"product-type-simple"},"acf":[],"_links":{"self":[{"href":"https:\/\/secureus.se\/no\/wp-json\/wp\/v2\/product\/57112","targetHints":{"allow":["GET"]}}],"collection":[{"href":"https:\/\/secureus.se\/no\/wp-json\/wp\/v2\/product"}],"about":[{"href":"https:\/\/secureus.se\/no\/wp-json\/wp\/v2\/types\/product"}],"wp:featuredmedia":[{"embeddable":true,"href":"https:\/\/secureus.se\/no\/wp-json\/wp\/v2\/media\/145079"}],"wp:attachment":[{"href":"https:\/\/secureus.se\/no\/wp-json\/wp\/v2\/media?parent=57112"}],"wp:term":[{"taxonomy":"product_brand","embeddable":true,"href":"https:\/\/secureus.se\/no\/wp-json\/wp\/v2\/product_brand?post=57112"},{"taxonomy":"product_cat","embeddable":true,"href":"https:\/\/secureus.se\/no\/wp-json\/wp\/v2\/product_cat?post=57112"},{"taxonomy":"product_tag","embeddable":true,"href":"https:\/\/secureus.se\/no\/wp-json\/wp\/v2\/product_tag?post=57112"}],"curies":[{"name":"wp","href":"https:\/\/api.w.org\/{rel}","templated":true}]}}