{"id":57113,"date":"2022-03-10T15:42:00","date_gmt":"2022-03-10T14:42:00","guid":{"rendered":"https:\/\/secureus.se\/produkt\/dsc-neo-knappsats-tradbunden-hs2lcdp-prox-engelsk-text\/"},"modified":"2026-02-20T11:29:52","modified_gmt":"2026-02-20T10:29:52","slug":"dsc-hs2lcdp-hardwired-keypad-prox-eng","status":"publish","type":"product","link":"https:\/\/secureus.se\/no\/dsc-hs2lcdp-hardwired-keypad-prox-eng\/","title":{"rendered":"DSC HS2LCDP Kablet tastatur + Proxreader St\u00f8tter engelsk, fransk, italiensk, tysk, nederlandsk og polsk."},"content":{"rendered":"<p><strong>DSC HS2LCDP Kablet tastatur Ca<\/strong> er et h\u00f8ykvalitets tastatur designet for DSC NEO alarmsystem.<\/p>\n<p>Den er utstyrt med en tydelig LCD-skjerm som viser informasjon p\u00e5 engelsk samt st\u00f8tte for fem andre spr\u00e5k: fransk, italiensk, tysk, nederlandsk og polsk.<\/p>\n<p>Dette tastaturet har en innebygd PROX\/EM-leser, som tillater bruk av proximity-kort for enkel og sikker tilgang.<\/p>\n<p>HS2LCDP har fritt programmerbare tekster for seksjoner og alarmomr\u00e5der, noe som gir brukerne mulighet til \u00e5 tilpasse systemet til deres spesifikke behov. Hendelsesminnet kan enkelt leses av p\u00e5 displayet.<\/p>\n<p>Med fem snarveisfunksjonstaster og tre n\u00f8dtaster gir tastaturet rask og effektiv tilgang til viktige funksjoner.<\/p>\n<p>Str\u00f8mforbruket er mellom 55 og 105 mA, noe som gj\u00f8r den energieffektiv og p\u00e5litelig.<\/p>\n<p>DSC HS2LCDP er ikke bare brukervennlig, men ogs\u00e5 robust, noe som gj\u00f8r den til et utmerket valg for b\u00e5de hjem og bedrifter som leter etter en fleksibel og p\u00e5litelig sikkerhetsl\u00f8sning.<\/p>","protected":false},"excerpt":{"rendered":"<p>DSC HS2LCDP Hardwired Keypad Prox er et kablet tastatur med PROX-leser, st\u00f8tter engelsk og fem spr\u00e5k, perfekt for DSC NEO alarmsystem.<\/p>","protected":false},"featured_media":145225,"template":"","meta":{"_acf_changed":false},"product_brand":[],"product_cat":[3329,1322],"product_tag":[3311,3028,3029],"class_list":{"0":"post-57113","1":"product","2":"type-product","3":"status-publish","4":"has-post-thumbnail","6":"product_cat-knappsats-kod","7":"product_cat-dsc-larm-neo-power-hybridlarm","8":"product_tag-dsc-neo-svensk-manual","9":"product_tag-neo-knappsats-manoverpaneler","10":"product_tag-neo-dsc-knappsats-manoverpaneler","11":"product_shipping_class-postnord-varubrev","12":"pa_brands-4dsc","13":"pa_dsc-neo-hybridlarm-knappsatser","14":"tm-has-options","16":"first","17":"instock","18":"sale","19":"featured","20":"taxable","21":"shipping-taxable","22":"purchasable","23":"product-type-simple"},"acf":[],"_links":{"self":[{"href":"https:\/\/secureus.se\/no\/wp-json\/wp\/v2\/product\/57113","targetHints":{"allow":["GET"]}}],"collection":[{"href":"https:\/\/secureus.se\/no\/wp-json\/wp\/v2\/product"}],"about":[{"href":"https:\/\/secureus.se\/no\/wp-json\/wp\/v2\/types\/product"}],"wp:featuredmedia":[{"embeddable":true,"href":"https:\/\/secureus.se\/no\/wp-json\/wp\/v2\/media\/145225"}],"wp:attachment":[{"href":"https:\/\/secureus.se\/no\/wp-json\/wp\/v2\/media?parent=57113"}],"wp:term":[{"taxonomy":"product_brand","embeddable":true,"href":"https:\/\/secureus.se\/no\/wp-json\/wp\/v2\/product_brand?post=57113"},{"taxonomy":"product_cat","embeddable":true,"href":"https:\/\/secureus.se\/no\/wp-json\/wp\/v2\/product_cat?post=57113"},{"taxonomy":"product_tag","embeddable":true,"href":"https:\/\/secureus.se\/no\/wp-json\/wp\/v2\/product_tag?post=57113"}],"curies":[{"name":"wp","href":"https:\/\/api.w.org\/{rel}","templated":true}]}}