{"id":57145,"date":"2022-03-10T15:28:00","date_gmt":"2022-03-10T14:28:00","guid":{"rendered":"https:\/\/secureus.se\/produkt\/nyckelband-staff-hummerklamma-sakerhetspanne-i-metall-100-pack-farg-bla\/"},"modified":"2025-12-31T19:41:50","modified_gmt":"2025-12-31T18:41:50","slug":"nyckelband-staff-hummerklamma-sakerhetspanne-i-metall-100-pack-farg-bla","status":"publish","type":"product","link":"https:\/\/secureus.se\/no\/nyckelband-staff-hummerklamma-sakerhetspanne-i-metall-100-pack-farg-bla\/","title":{"rendered":"N\u00f8kkelring Staff Bl\u00e5 hummerklemme Sikkerhetsspenne 100-pak"},"content":{"rendered":"<p>Deluxe kongebl\u00e5 15mm polyesterstropp med &quot;STAFF&quot; skrevet i hvit tekst.<\/p>\n<p>Inkluderer sikkerhetsspenne og hummerfeste av metall.<\/p>\n<p>Snoren kan enkelt festes igjen etter at den er tatt av.<\/p>\n<p>Perfekt for \u00e5 vise ID-kort, visittkort eller feste andre gjenstander som mobiltelefoner, fl\u00f8yter, USB-pinner etc.<\/p>\n<p>&nbsp;<\/p>","protected":false},"excerpt":{"rendered":"<p>Deluxe kongebl\u00e5 15mm polyesterstropp med &quot;STAFF&quot; skrevet i hvit tekst. Inkluderer sikkerhetsspenne og hummerfeste av metall. Snoren kan enkelt festes igjen etter at den er tatt av. Perfekt for \u00e5 vise ID-kort,<\/p>","protected":false},"featured_media":145132,"template":"","meta":{"_acf_changed":false},"product_brand":[],"product_cat":[1875],"product_tag":[4360,4352,2958],"class_list":{"0":"post-57145","1":"product","2":"type-product","3":"status-publish","4":"has-post-thumbnail","6":"product_cat-nyckelband","7":"product_tag-15mm","8":"product_tag-blaa-nyckelband","9":"product_tag-stonehouse-produkt","10":"product_shipping_class-tunga-paket","11":"pa_brands-stonehouse-security","12":"pa_farg-bla","13":"pa_farg-nyckelband-bla","14":"pa_rfid-tillbehor-nyckelband-halsband","15":"tm-no-options","17":"first","18":"instock","19":"sale","20":"featured","21":"taxable","22":"shipping-taxable","23":"purchasable","24":"product-type-simple"},"acf":[],"_links":{"self":[{"href":"https:\/\/secureus.se\/no\/wp-json\/wp\/v2\/product\/57145","targetHints":{"allow":["GET"]}}],"collection":[{"href":"https:\/\/secureus.se\/no\/wp-json\/wp\/v2\/product"}],"about":[{"href":"https:\/\/secureus.se\/no\/wp-json\/wp\/v2\/types\/product"}],"wp:featuredmedia":[{"embeddable":true,"href":"https:\/\/secureus.se\/no\/wp-json\/wp\/v2\/media\/145132"}],"wp:attachment":[{"href":"https:\/\/secureus.se\/no\/wp-json\/wp\/v2\/media?parent=57145"}],"wp:term":[{"taxonomy":"product_brand","embeddable":true,"href":"https:\/\/secureus.se\/no\/wp-json\/wp\/v2\/product_brand?post=57145"},{"taxonomy":"product_cat","embeddable":true,"href":"https:\/\/secureus.se\/no\/wp-json\/wp\/v2\/product_cat?post=57145"},{"taxonomy":"product_tag","embeddable":true,"href":"https:\/\/secureus.se\/no\/wp-json\/wp\/v2\/product_tag?post=57145"}],"curies":[{"name":"wp","href":"https:\/\/api.w.org\/{rel}","templated":true}]}}