{"id":57163,"date":"2022-03-10T15:28:00","date_gmt":"2022-03-10T14:28:00","guid":{"rendered":"https:\/\/secureus.se\/produkt\/dubbelsidig-eko-serie-id-korthallare-liggande-for-cr80-kort-100-pack-farg-svart\/"},"modified":"2026-01-02T12:16:31","modified_gmt":"2026-01-02T11:16:31","slug":"id-korthallare-passerkortshallare-svart-dubbel-liggande-100-pack","status":"publish","type":"product","link":"https:\/\/secureus.se\/no\/id-korthallare-passerkortshallare-svart-dubbel-liggande-100-pack\/","title":{"rendered":"Kortholder for adgangskort\/ID-kort \u2013 Eko BioBadge CR80 Landskap, Dobbeltsidig, Svart (100-pakning)"},"content":{"rendered":"<div id=\"Product-Description\">\n<p>V\u00e5r svarte dobbeltsidige liggende ID-kortholder er et b\u00e6rekraftig valg laget av okso-nedbrytbar plast, som hjelper bedrifter med \u00e5 redusere karbonfotavtrykket. Den smarte designen med st\u00f8pte kanter beskytter kortene mot \u00e5 b\u00f8ye seg eller sprekke, noe som reduserer behovet for \u00e5 bytte ut kort og sparer b\u00e5de tid og penger.<\/p>\n<ul>\n<li><strong>Selges i pakker med 100 stk<\/strong><\/li>\n<li><strong>M\u00e5le:<\/strong> 86 x 54 mm<\/li>\n<li><strong>Passer kort i standard CR80-st\u00f8rrelse<\/strong><\/li>\n<li><strong>Dobbeltsidig for \u00e5 vise flere kort samtidig<\/strong><\/li>\n<li>Perfekt for ID-kort, adgangskort og andre kort i samme format.<\/li>\n<\/ul>\n<p>Et p\u00e5litelig og milj\u00f8vennlig alternativ for arbeidsplasser, arrangementer og andre milj\u00f8er hvor flere kort skal vises samtidig.<\/p>\n<p>Kontakt oss for flere farger og modeller!<\/p>\n<\/div>","protected":false},"excerpt":{"rendered":"<p>Sort dobbeltsidig ID-kortholder i liggende format, laget av okso-nedbrytbar plast. Perfekt for \u00e5 vise standard passkort i CR80-st\u00f8rrelse (86x54mm). Leveres i pakker med 100 stk.<\/p>","protected":false},"featured_media":145611,"template":"","meta":{"_acf_changed":false},"product_brand":[],"product_cat":[4885,1667],"product_tag":[4528,2847,4524,2958,4526],"class_list":{"0":"post-57163","1":"product","2":"type-product","3":"status-publish","4":"has-post-thumbnail","6":"product_cat-dubbelsidig-liggande-korthallare","7":"product_cat-korthallare-passerkort-idkort","8":"product_tag-dubbelsidig-korthallare","9":"product_tag-korthallare-liggande-eko","10":"product_tag-liggande-korthallare","11":"product_tag-stonehouse-produkt","12":"product_tag-svart-korthallare","13":"product_shipping_class-tunga-paket","14":"pa_brands-stonehouse-security","15":"pa_farg-svart","16":"pa_rfid-tillbehor-korthallare","17":"tm-no-options","19":"first","20":"instock","21":"sale","22":"taxable","23":"shipping-taxable","24":"purchasable","25":"product-type-simple"},"acf":[],"_links":{"self":[{"href":"https:\/\/secureus.se\/no\/wp-json\/wp\/v2\/product\/57163","targetHints":{"allow":["GET"]}}],"collection":[{"href":"https:\/\/secureus.se\/no\/wp-json\/wp\/v2\/product"}],"about":[{"href":"https:\/\/secureus.se\/no\/wp-json\/wp\/v2\/types\/product"}],"wp:featuredmedia":[{"embeddable":true,"href":"https:\/\/secureus.se\/no\/wp-json\/wp\/v2\/media\/145611"}],"wp:attachment":[{"href":"https:\/\/secureus.se\/no\/wp-json\/wp\/v2\/media?parent=57163"}],"wp:term":[{"taxonomy":"product_brand","embeddable":true,"href":"https:\/\/secureus.se\/no\/wp-json\/wp\/v2\/product_brand?post=57163"},{"taxonomy":"product_cat","embeddable":true,"href":"https:\/\/secureus.se\/no\/wp-json\/wp\/v2\/product_cat?post=57163"},{"taxonomy":"product_tag","embeddable":true,"href":"https:\/\/secureus.se\/no\/wp-json\/wp\/v2\/product_tag?post=57163"}],"curies":[{"name":"wp","href":"https:\/\/api.w.org\/{rel}","templated":true}]}}