{"id":57172,"date":"2022-03-10T15:28:00","date_gmt":"2022-03-10T14:28:00","guid":{"rendered":"https:\/\/secureus.se\/produkt\/jojo-mini-svart-med-extra-lang-trad-1-2-meter\/"},"modified":"2026-02-23T09:42:42","modified_gmt":"2026-02-23T08:42:42","slug":"jojo-mini-svart-med-extra-lang-trad-1-2-meter","status":"publish","type":"product","link":"https:\/\/secureus.se\/no\/jojo-mini-svart-med-extra-lang-trad-1-2-meter\/","title":{"rendered":"N\u00f8kkelholder jojo med ekstra lang snor 1,2 meter \u2013 Sort"},"content":{"rendered":"<div>\n<div>\n<div>\n<p>Denne popul\u00e6re fleksible jojoen er laget av ABS-plast og kommer med en n\u00f8kkelring i metall.<\/p>\n<p>Materiale: ABS-plast<\/p>\n<p>St\u00f8rrelse: 30 mm i diameter og 10 mm i tykkelse.<\/p>\n<p>Tilgjengelig i sort, gul, hvit, bl\u00e5 og gr\u00f8nn.<\/p>\n<p>Ledning: OBS 1,2 meter<\/p>\n<\/div>\n<\/div>\n<\/div>","protected":false},"excerpt":{"rendered":"<p>Denne popul\u00e6re fleksible jojoen er laget av ABS-plast og kommer med en n\u00f8kkelring i metall. Materiale: ABS-plast St\u00f8rrelse: 30 mm i diameter og 10 mm i tykkelse. Tilgjengelig i svart,<\/p>","protected":false},"featured_media":147631,"template":"","meta":{"_acf_changed":false},"product_brand":[],"product_cat":[1676],"product_tag":[2958],"class_list":{"0":"post-57172","1":"product","2":"type-product","3":"status-publish","4":"has-post-thumbnail","6":"product_cat-jojos-och-nyckelringar","7":"product_tag-stonehouse-produkt","8":"product_shipping_class-postnord-varubrev","9":"pa_brands-stonehouse-security","10":"pa_farg-svart","11":"pa_rfid-tillbehor-jojo","12":"tm-no-options","14":"first","15":"instock","16":"sale","17":"featured","18":"taxable","19":"shipping-taxable","20":"purchasable","21":"product-type-simple"},"acf":[],"_links":{"self":[{"href":"https:\/\/secureus.se\/no\/wp-json\/wp\/v2\/product\/57172","targetHints":{"allow":["GET"]}}],"collection":[{"href":"https:\/\/secureus.se\/no\/wp-json\/wp\/v2\/product"}],"about":[{"href":"https:\/\/secureus.se\/no\/wp-json\/wp\/v2\/types\/product"}],"wp:featuredmedia":[{"embeddable":true,"href":"https:\/\/secureus.se\/no\/wp-json\/wp\/v2\/media\/147631"}],"wp:attachment":[{"href":"https:\/\/secureus.se\/no\/wp-json\/wp\/v2\/media?parent=57172"}],"wp:term":[{"taxonomy":"product_brand","embeddable":true,"href":"https:\/\/secureus.se\/no\/wp-json\/wp\/v2\/product_brand?post=57172"},{"taxonomy":"product_cat","embeddable":true,"href":"https:\/\/secureus.se\/no\/wp-json\/wp\/v2\/product_cat?post=57172"},{"taxonomy":"product_tag","embeddable":true,"href":"https:\/\/secureus.se\/no\/wp-json\/wp\/v2\/product_tag?post=57172"}],"curies":[{"name":"wp","href":"https:\/\/api.w.org\/{rel}","templated":true}]}}