{"id":57195,"date":"2022-03-10T15:27:00","date_gmt":"2022-03-10T14:27:00","guid":{"rendered":"https:\/\/secureus.se\/produkt\/ensidig-eko-serie-id-korthallare-liggande-for-cr80-kort-100-pack-farg-rod\/"},"modified":"2026-01-02T12:19:41","modified_gmt":"2026-01-02T11:19:41","slug":"id-korthallare-passerkortshallare-rod-enkel-liggande-100-pack","status":"publish","type":"product","link":"https:\/\/secureus.se\/no\/id-korthallare-passerkortshallare-rod-enkel-liggande-100-pack\/","title":{"rendered":"Kortholder for adgangskort\/ID-kort \u2013 Eko BioBadge CR80 Landskap, Ensidig, R\u00f8d (100-pakning)"},"content":{"rendered":"<div id=\"Product-Description\">\n<p>V\u00e5r r\u00f8de ensidige ID-kortholder i liggende format er et praktisk og milj\u00f8vennlig alternativ, laget av okso-nedbrytbar plast. Den robuste designen med st\u00f8pte kanter forhindrer at kort b\u00f8yer seg eller sprekker, noe som reduserer behovet for \u00e5 bytte ut kort og sparer b\u00e5de tid og penger.<\/p>\n<ul>\n<li><strong>Selges i pakker med 100 stk<\/strong><\/li>\n<li><strong>M\u00e5le:<\/strong> 86 x 54 mm<\/li>\n<li><strong>Passer kort i standard CR80-st\u00f8rrelse<\/strong><\/li>\n<li><strong>Enkeltsidig design for oversiktlig kortpresentasjon<\/strong><\/li>\n<li>Perfekt for ID-kort, adgangskort og andre kort i samme format.<\/li>\n<\/ul>\n<p>Et fargerikt og milj\u00f8bevisst valg for arbeidsplasser, arrangementer og andre milj\u00f8er hvor ID og adgangskort brukes hyppig.<\/p>\n<p>Kontakt oss for flere farger og alternativer!<\/p>\n<\/div>","protected":false},"excerpt":{"rendered":"<p>R\u00f8d ensidig ID-kortholder i liggende format, laget av okso-nedbrytbar plast. Passer standardkort i st\u00f8rrelse CR80 (86\u00d754 mm). Leveres i pakker med 100 stk.<\/p>","protected":false},"featured_media":145636,"template":"","meta":{"_acf_changed":false},"product_brand":[],"product_cat":[4886,1667],"product_tag":[4523,2847,4524,2958],"class_list":{"0":"post-57195","1":"product","2":"type-product","3":"status-publish","4":"has-post-thumbnail","6":"product_cat-enkelsidig-liggande-korthallare","7":"product_cat-korthallare-passerkort-idkort","8":"product_tag-enkelsidig-korthallare","9":"product_tag-korthallare-liggande-eko","10":"product_tag-liggande-korthallare","11":"product_tag-stonehouse-produkt","12":"product_shipping_class-tunga-paket","13":"pa_brands-stonehouse-security","14":"pa_farg-rod","15":"pa_rfid-tillbehor-korthallare","16":"tm-no-options","18":"first","19":"instock","20":"sale","21":"taxable","22":"shipping-taxable","23":"purchasable","24":"product-type-simple"},"acf":[],"_links":{"self":[{"href":"https:\/\/secureus.se\/no\/wp-json\/wp\/v2\/product\/57195","targetHints":{"allow":["GET"]}}],"collection":[{"href":"https:\/\/secureus.se\/no\/wp-json\/wp\/v2\/product"}],"about":[{"href":"https:\/\/secureus.se\/no\/wp-json\/wp\/v2\/types\/product"}],"wp:featuredmedia":[{"embeddable":true,"href":"https:\/\/secureus.se\/no\/wp-json\/wp\/v2\/media\/145636"}],"wp:attachment":[{"href":"https:\/\/secureus.se\/no\/wp-json\/wp\/v2\/media?parent=57195"}],"wp:term":[{"taxonomy":"product_brand","embeddable":true,"href":"https:\/\/secureus.se\/no\/wp-json\/wp\/v2\/product_brand?post=57195"},{"taxonomy":"product_cat","embeddable":true,"href":"https:\/\/secureus.se\/no\/wp-json\/wp\/v2\/product_cat?post=57195"},{"taxonomy":"product_tag","embeddable":true,"href":"https:\/\/secureus.se\/no\/wp-json\/wp\/v2\/product_tag?post=57195"}],"curies":[{"name":"wp","href":"https:\/\/api.w.org\/{rel}","templated":true}]}}